{"id":246374,"date":"2025-11-28T13:00:07","date_gmt":"2025-11-28T10:00:07","guid":{"rendered":"https:\/\/ecoshop.ee\/?post_type=product&#038;p=246374"},"modified":"2026-02-03T15:09:32","modified_gmt":"2026-02-03T12:09:32","slug":"cosmeau-universal-reinigungstabletten-6-stuck","status":"publish","type":"product","link":"https:\/\/ecoshop.ee\/de\/puhastusvahendid\/cosmeau-universaalsed-puhastustabletid-6tk\/","title":{"rendered":"Cosmeau Universal-Reinigungstabletten, 6 St\u00fcck"},"content":{"rendered":"<p data-start=\"58\" data-end=\"244\">Diese vielseitigen Reinigungstabletten verwandeln Leitungswasser im Handumdrehen in ein effektives Reinigungsmittel. Einfach eine Spr\u00fchflasche kaufen, mit Wasser f\u00fcllen, eine Tablette hinzuf\u00fcgen \u2013 und schon kann es losgehen.<\/p>\n<p data-start=\"246\" data-end=\"453\">Die leichten Tabletten reduzieren unn\u00f6tigen Wassertransport, den Verbrauch von Chemikalien und Einwegplastik. Preisg\u00fcnstige Nachf\u00fcllpackungen werden praktisch im Briefkasten geliefert und tragen zu einem sauberen und umweltfreundlichen Zuhause bei.<\/p>\n<ul>\n<li data-start=\"455\" data-end=\"557\">Wirksamer Allzweckreiniger<\/li>\n<li data-start=\"455\" data-end=\"557\">Eine wirtschaftliche und plastikfreie L\u00f6sung<\/li>\n<li data-start=\"455\" data-end=\"557\">Vegan<\/li>\n<li data-start=\"455\" data-end=\"557\">Kosteng\u00fcnstiges F\u00fcllsystem<\/li>\n<\/ul>\n<p data-start=\"559\" data-end=\"644\">Wenn die Reinigungsleistung weiterhin schwach ist:<br data-start=\"594\" data-end=\"597\" \/>\u2022 Verwenden Sie zwei Tabletten, um eine st\u00e4rkere L\u00f6sung zu erhalten.<\/p>\n<p data-start=\"646\" data-end=\"818\" data-is-last-node=\"\" data-is-only-node=\"\">Kann ich es mit meiner Spr\u00fchflasche verwenden?<br data-start=\"688\" data-end=\"691\" \/>\u2022 Ja! Wir empfehlen 500 ml Wasser pro Tablette. Die L\u00f6sung kann je nach Bedarf durch Anpassen der Wassermenge st\u00e4rker oder d\u00fcnner gemacht werden.<\/p>","protected":false},"excerpt":{"rendered":"<p>Mitmeotstarbelised puhastustabletid, mis muudavad kraanivee kiiresti t\u00f5husaks puhastusvahendiks. Osta pihustipudel vaid korra, t\u00e4ida see veega, lisa tablett \u2013 ja oledki valmis koristama.&hellip;<\/p>","protected":false},"featured_media":246375,"comment_status":"open","ping_status":"closed","template":"","meta":{"wprm-recipe-roundup-name":"","wprm-recipe-roundup-description":""},"product_brand":[11998],"product_cat":[8002],"product_tag":[],"class_list":{"0":"post-246374","1":"product","2":"type-product","3":"status-publish","4":"has-post-thumbnail","6":"product_brand-cosmeau","7":"product_cat-puhastusvahendid","9":"first","10":"instock","11":"sale","12":"taxable","13":"shipping-taxable","14":"purchasable","15":"product-type-simple"},"supplier_id":246354,"supplier_sku":"","barcode":"8720655301223","atum_controlled":true,"out_stock_date":null,"out_stock_threshold":null,"inheritable":false,"inbound_stock":0,"stock_on_hold":0,"sold_today":0,"sales_last_days":0,"reserved_stock":0,"customer_returns":0,"warehouse_damage":0,"lost_in_post":0,"other_logs":0,"out_stock_days":0,"lost_sales":0,"has_location":false,"update_date":"2026-03-07T01:16:16","atum_locations":[],"atum_stock_status":"instock","restock_status":false,"low_stock_amount":"","sales_update_date":"2026-03-07T01:16:16","calc_backorders":null,"aioseo_notices":[],"_links":{"self":[{"href":"https:\/\/ecoshop.ee\/de\/wp-json\/wp\/v2\/product\/246374","targetHints":{"allow":["GET"]}}],"collection":[{"href":"https:\/\/ecoshop.ee\/de\/wp-json\/wp\/v2\/product"}],"about":[{"href":"https:\/\/ecoshop.ee\/de\/wp-json\/wp\/v2\/types\/product"}],"replies":[{"embeddable":true,"href":"https:\/\/ecoshop.ee\/de\/wp-json\/wp\/v2\/comments?post=246374"}],"version-history":[{"count":0,"href":"https:\/\/ecoshop.ee\/de\/wp-json\/wp\/v2\/product\/246374\/revisions"}],"wp:featuredmedia":[{"embeddable":true,"href":"https:\/\/ecoshop.ee\/de\/wp-json\/wp\/v2\/media\/246375"}],"wp:attachment":[{"href":"https:\/\/ecoshop.ee\/de\/wp-json\/wp\/v2\/media?parent=246374"}],"wp:term":[{"taxonomy":"product_brand","embeddable":true,"href":"https:\/\/ecoshop.ee\/de\/wp-json\/wp\/v2\/product_brand?post=246374"},{"taxonomy":"product_cat","embeddable":true,"href":"https:\/\/ecoshop.ee\/de\/wp-json\/wp\/v2\/product_cat?post=246374"},{"taxonomy":"product_tag","embeddable":true,"href":"https:\/\/ecoshop.ee\/de\/wp-json\/wp\/v2\/product_tag?post=246374"}],"curies":[{"name":"wp","href":"https:\/\/api.w.org\/{rel}","templated":true}]}}