{"id":246379,"date":"2025-11-28T13:15:21","date_gmt":"2025-11-28T10:15:21","guid":{"rendered":"https:\/\/ecoshop.ee\/?post_type=product&#038;p=246379"},"modified":"2025-11-28T13:15:22","modified_gmt":"2025-11-28T10:15:22","slug":"cosmeau-kuchenreinigungstabletten-6-stuck","status":"publish","type":"product","link":"https:\/\/ecoshop.ee\/de\/puhastusvahendid\/cosmeau-koogipuhastuse-tabletid-6tk\/","title":{"rendered":"Cosmeau K\u00fcchenreinigungstabletten, 6 St\u00fcck"},"content":{"rendered":"<p data-start=\"51\" data-end=\"264\">Praktische K\u00fcchenreinigungstabletten, die Leitungswasser im Handumdrehen in ein effektives Reinigungsmittel verwandeln. Spr\u00fchflasche einmal kaufen, mit Wasser f\u00fcllen, Tablette hinzuf\u00fcgen \u2013 und schon haben Sie eine umweltfreundliche L\u00f6sung f\u00fcr die t\u00e4gliche Reinigung.<\/p>\n<p data-start=\"266\" data-end=\"472\">Die leichten Tabletten reduzieren unn\u00f6tigen Wassertransport, den Verbrauch von Chemikalien und Einwegplastik. Preisg\u00fcnstige Nachf\u00fcllpackungen werden im Briefkastenformat geliefert und tragen dazu bei, Ihr Zuhause sauber zu halten und die Umwelt zu schonen.<\/p>\n<ul>\n<li>Wirksamer Entferner von Fett und Speiseresten<\/li>\n<li>Eine wirtschaftliche und plastikfreie Wahl<\/li>\n<li>Vegan<\/li>\n<li>Kosteng\u00fcnstiges F\u00fcllsystem<\/li>\n<\/ul>\n<p data-start=\"589\" data-end=\"703\"><strong>Formel mit Limettenduft<\/strong><br data-start=\"620\" data-end=\"623\" \/>Geeignet f\u00fcr Kochfelder, Arbeitsplatten und Fu\u00dfb\u00f6den. Mit erfrischendem Limettenduft.<\/p>\n<p data-start=\"705\" data-end=\"796\">Wenn die Reinigungsleistung weiterhin schwach ist:<br data-start=\"740\" data-end=\"743\" \/>\u2022 F\u00fcr st\u00e4rkere Ergebnisse die doppelte Tablette einnehmen.<\/p>\n<p data-start=\"798\" data-end=\"970\" data-is-last-node=\"\" data-is-only-node=\"\">Kann ich es mit meiner Spr\u00fchflasche verwenden?<br data-start=\"840\" data-end=\"843\" \/>\u2022 Ja! Wir empfehlen 500 ml Wasser pro Tablette. Bei Bedarf k\u00f6nnen Sie die Wassermenge anpassen, um die L\u00f6sung zu verst\u00e4rken oder die Wirkungsdauer zu verl\u00e4ngern.<\/p>","protected":false},"excerpt":{"rendered":"<p>Praktilised k\u00f6\u00f6gipuhastustabletid, mis muudavad kraanivee kiiresti t\u00f5husaks puhastusvahendiks. Osta pihustipudel \u00fcks kord, t\u00e4ida veega, lisa tablett \u2013 ja saad keskkonnas\u00e4\u00e4stliku lahenduse igap\u00e4evaseks&hellip;<\/p>","protected":false},"featured_media":246381,"comment_status":"open","ping_status":"closed","template":"","meta":{"wprm-recipe-roundup-name":"","wprm-recipe-roundup-description":""},"product_brand":[11998],"product_cat":[8002],"product_tag":[],"class_list":{"0":"post-246379","1":"product","2":"type-product","3":"status-publish","4":"has-post-thumbnail","6":"product_brand-cosmeau","7":"product_cat-puhastusvahendid","9":"first","10":"instock","11":"sale","12":"taxable","13":"shipping-taxable","14":"purchasable","15":"product-type-simple"},"supplier_id":246354,"supplier_sku":"","barcode":"8720655301230","atum_controlled":true,"out_stock_date":null,"out_stock_threshold":null,"inheritable":false,"inbound_stock":0,"stock_on_hold":0,"sold_today":0,"sales_last_days":0,"reserved_stock":0,"customer_returns":0,"warehouse_damage":0,"lost_in_post":0,"other_logs":0,"out_stock_days":0,"lost_sales":0,"has_location":false,"update_date":"2026-03-07T01:16:05","atum_locations":[],"atum_stock_status":"instock","restock_status":false,"low_stock_amount":"","sales_update_date":"2026-03-07T01:16:05","calc_backorders":null,"aioseo_notices":[],"_links":{"self":[{"href":"https:\/\/ecoshop.ee\/de\/wp-json\/wp\/v2\/product\/246379","targetHints":{"allow":["GET"]}}],"collection":[{"href":"https:\/\/ecoshop.ee\/de\/wp-json\/wp\/v2\/product"}],"about":[{"href":"https:\/\/ecoshop.ee\/de\/wp-json\/wp\/v2\/types\/product"}],"replies":[{"embeddable":true,"href":"https:\/\/ecoshop.ee\/de\/wp-json\/wp\/v2\/comments?post=246379"}],"version-history":[{"count":0,"href":"https:\/\/ecoshop.ee\/de\/wp-json\/wp\/v2\/product\/246379\/revisions"}],"wp:featuredmedia":[{"embeddable":true,"href":"https:\/\/ecoshop.ee\/de\/wp-json\/wp\/v2\/media\/246381"}],"wp:attachment":[{"href":"https:\/\/ecoshop.ee\/de\/wp-json\/wp\/v2\/media?parent=246379"}],"wp:term":[{"taxonomy":"product_brand","embeddable":true,"href":"https:\/\/ecoshop.ee\/de\/wp-json\/wp\/v2\/product_brand?post=246379"},{"taxonomy":"product_cat","embeddable":true,"href":"https:\/\/ecoshop.ee\/de\/wp-json\/wp\/v2\/product_cat?post=246379"},{"taxonomy":"product_tag","embeddable":true,"href":"https:\/\/ecoshop.ee\/de\/wp-json\/wp\/v2\/product_tag?post=246379"}],"curies":[{"name":"wp","href":"https:\/\/api.w.org\/{rel}","templated":true}]}}