{"id":246417,"date":"2025-11-28T16:37:56","date_gmt":"2025-11-28T13:37:56","guid":{"rendered":"https:\/\/ecoshop.ee\/?post_type=product&#038;p=246417"},"modified":"2025-12-02T10:11:22","modified_gmt":"2025-12-02T07:11:22","slug":"cosmeau-reinigungsstreifen-wald-60-stuck","status":"publish","type":"product","link":"https:\/\/ecoshop.ee\/de\/puhastusvahendid\/cosmeau-pesuribad-mets-60tk\/","title":{"rendered":"Cosmeau W\u00e4schestreifen, Waldmotiv, 60 St\u00fcck"},"content":{"rendered":"<p data-start=\"56\" data-end=\"357\">Universelle 5-in-1-Waschstreifen mit einem frischen, holzigen Duft, der an einen Spaziergang durch einen gr\u00fcnen, k\u00fchlen Wald erinnert. Das angenehme, leicht nordische Aroma ist ideal f\u00fcr alle, die Naturverbundenheit und Frische sch\u00e4tzen.<\/p>\n<p data-start=\"359\" data-end=\"609\">Die hochkonzentrierte Formel l\u00f6st sich in kaltem und hei\u00dfem Wasser auf und sorgt f\u00fcr saubere W\u00e4sche und nat\u00fcrlich weiche W\u00e4sche \u2013 ganz ohne Weichsp\u00fcler. Der Duft wird durch Reibung aktiviert: Nach dem Trocknen entfaltet leichtes Reiben der W\u00e4sche aneinander ein frisches, zartes Aroma.<\/p>\n<ul>\n<li data-start=\"611\" data-end=\"1120\">Neue enzymverst\u00e4rkte Reinigungskraft<\/li>\n<li data-start=\"611\" data-end=\"1120\">Langanhaltende Dufttechnologie TP80Tlogy<\/li>\n<li data-start=\"611\" data-end=\"1120\">5-in-1: farbig, wei\u00df, schwarz, weich und duftend in einem<\/li>\n<li data-start=\"611\" data-end=\"1120\">Geeignet f\u00fcr alle Temperaturen (15\u201390 \u00b0C) und auch zum H\u00e4ndewaschen<\/li>\n<li data-start=\"611\" data-end=\"1120\">Vegan, plastikfrei und biologisch abbaubar<\/li>\n<li data-start=\"611\" data-end=\"1120\">Dermatologisch getestet f\u00fcr empfindliche Haut<\/li>\n<li data-start=\"611\" data-end=\"1120\">Geeignet f\u00fcr wei\u00dfe, farbige und dunkle W\u00e4sche<\/li>\n<li data-start=\"611\" data-end=\"1120\">Macht die W\u00e4sche auf nat\u00fcrliche Weise weich \u2013 kein Weichsp\u00fcler n\u00f6tig<\/li>\n<li data-start=\"611\" data-end=\"1120\">Enth\u00e4lt keine Parabene, Phosphate, Limonen, Chlorbleiche oder Farbstoffe.<\/li>\n<\/ul>\n<p>Eine einfache, kompakte und umweltbewusste Art, W\u00e4sche zu waschen.<\/p>\n<p data-start=\"1122\" data-end=\"1434\"><strong data-start=\"1122\" data-end=\"1129\">Achtung!<\/strong><br data-start=\"1129\" data-end=\"1132\" \/>\u2022 Nicht geeignet f\u00fcr Wolle und Seide \u2013 verwenden Sie hierf\u00fcr Cosmeau Woll- und Seidenwaschstreifen.<br data-start=\"1216\" data-end=\"1219\" \/>\u2022 Der Duft der Waschstreifen ist milder als der der Waschmittelkapseln. Durch Bewegung und Reibung verst\u00e4rkt sich der Duft.<br data-start=\"1322\" data-end=\"1325\" \/>\u2022 Bei hartn\u00e4ckigen Flecken ein St\u00fcck des Streifens abrei\u00dfen und vor dem Waschen auf den noch feuchten Fleck reiben \u2013 dadurch wird die Wirkung verst\u00e4rkt.<\/p>","protected":false},"excerpt":{"rendered":"<p>Universaalsed viis-\u00fches pesuribad v\u00e4rske ja metsase l\u00f5hnaga, mis loob tunde, justkui jalutaksid roheluses, jahedalt l\u00f5hnavas metsas. Meeldiv ja kergelt p\u00f5hjamaine aroom sobib&hellip;<\/p>","protected":false},"featured_media":246418,"comment_status":"open","ping_status":"closed","template":"","meta":{"wprm-recipe-roundup-name":"","wprm-recipe-roundup-description":""},"product_brand":[11998],"product_cat":[8002],"product_tag":[],"class_list":{"0":"post-246417","1":"product","2":"type-product","3":"status-publish","4":"has-post-thumbnail","6":"product_brand-cosmeau","7":"product_cat-puhastusvahendid","9":"first","10":"instock","11":"taxable","12":"shipping-taxable","13":"purchasable","14":"product-type-simple"},"supplier_id":246354,"supplier_sku":"","barcode":"8720655302886","atum_controlled":true,"out_stock_date":null,"out_stock_threshold":null,"inheritable":false,"inbound_stock":0,"stock_on_hold":0,"sold_today":0,"sales_last_days":0,"reserved_stock":0,"customer_returns":0,"warehouse_damage":0,"lost_in_post":0,"other_logs":0,"out_stock_days":0,"lost_sales":0,"has_location":false,"update_date":"2026-04-10T14:29:33","atum_locations":[],"atum_stock_status":"instock","restock_status":false,"low_stock_amount":"","sales_update_date":"2026-04-10T14:29:33","calc_backorders":null,"aioseo_notices":[],"_links":{"self":[{"href":"https:\/\/ecoshop.ee\/de\/wp-json\/wp\/v2\/product\/246417","targetHints":{"allow":["GET"]}}],"collection":[{"href":"https:\/\/ecoshop.ee\/de\/wp-json\/wp\/v2\/product"}],"about":[{"href":"https:\/\/ecoshop.ee\/de\/wp-json\/wp\/v2\/types\/product"}],"replies":[{"embeddable":true,"href":"https:\/\/ecoshop.ee\/de\/wp-json\/wp\/v2\/comments?post=246417"}],"version-history":[{"count":0,"href":"https:\/\/ecoshop.ee\/de\/wp-json\/wp\/v2\/product\/246417\/revisions"}],"wp:featuredmedia":[{"embeddable":true,"href":"https:\/\/ecoshop.ee\/de\/wp-json\/wp\/v2\/media\/246418"}],"wp:attachment":[{"href":"https:\/\/ecoshop.ee\/de\/wp-json\/wp\/v2\/media?parent=246417"}],"wp:term":[{"taxonomy":"product_brand","embeddable":true,"href":"https:\/\/ecoshop.ee\/de\/wp-json\/wp\/v2\/product_brand?post=246417"},{"taxonomy":"product_cat","embeddable":true,"href":"https:\/\/ecoshop.ee\/de\/wp-json\/wp\/v2\/product_cat?post=246417"},{"taxonomy":"product_tag","embeddable":true,"href":"https:\/\/ecoshop.ee\/de\/wp-json\/wp\/v2\/product_tag?post=246417"}],"curies":[{"name":"wp","href":"https:\/\/api.w.org\/{rel}","templated":true}]}}