{"id":246423,"date":"2025-11-28T17:07:53","date_gmt":"2025-11-28T14:07:53","guid":{"rendered":"https:\/\/ecoshop.ee\/?post_type=product&#038;p=246423"},"modified":"2026-01-08T22:53:27","modified_gmt":"2026-01-08T19:53:27","slug":"cosmeau-reinigungstabletten-starterset-8-stuck","status":"publish","type":"product","link":"https:\/\/ecoshop.ee\/de\/puhastusvahendid\/cosmeau-puhastustablettide-stardikomplekt-8tk\/","title":{"rendered":"Cosmeau Reinigungstabletten-Starterset, 8 St\u00fcck"},"content":{"rendered":"<p data-start=\"93\" data-end=\"367\">Ein vielseitiges Reinigungsset mit vier verschiedenen Reinigungstabletten f\u00fcr die t\u00e4gliche Haushaltspflege. Einfach die Spr\u00fchflasche mit Leitungswasser f\u00fcllen, eine Tablette hinzuf\u00fcgen \u2013 fertig ist ein effektives Reinigungsmittel ohne unn\u00f6tigen Plastikm\u00fcll und langes Wassertransportieren. Sparsam, umweltfreundlich, platzsparend und praktisch.<\/p>\n<p data-start=\"369\" data-end=\"494\">\u2022 Reduziert Plastik- und Wassertransport<br data-start=\"406\" data-end=\"409\" \/>\u2022 Wirksame Reinigung auf allen Oberfl\u00e4chen<br data-start=\"439\" data-end=\"442\" \/>\u2022 Vegan<br data-start=\"449\" data-end=\"452\" \/>\u2022 Kosteng\u00fcnstiges und praktisches Abf\u00fcllsystem<\/p>\n<p data-start=\"496\" data-end=\"669\"><strong data-start=\"496\" data-end=\"518\">Das Set beinhaltet:<\/strong><br data-start=\"518\" data-end=\"521\" \/>\u2022 <strong data-start=\"523\" data-end=\"554\">2\u00d7 Glasreiniger \u2013 geruchlos<\/strong><br data-start=\"554\" data-end=\"557\" \/>Streifenfreie Ergebnisse auf Fenstern, Spiegeln und allen Glasoberfl\u00e4chen. Sollten Streifen oder Beschlag zur\u00fcckbleiben, etwas Essig hinzuf\u00fcgen.<\/p>\n<p data-start=\"671\" data-end=\"800\">\u2022 <strong data-start=\"673\" data-end=\"691\">2\u00d7 K\u00fcche \u2013 Limette<\/strong><br data-start=\"691\" data-end=\"694\" \/>Entwickelt zur Entfernung von Fett und Speiseresten von Kochfeldern, Arbeitsfl\u00e4chen und Fu\u00dfb\u00f6den. Frischer Limettenduft.<\/p>\n<p data-start=\"802\" data-end=\"906\">\u2022 <strong data-start=\"804\" data-end=\"841\">2\u00d7 Badezimmer &amp; Sanit\u00e4r \u2013 orange<\/strong><br data-start=\"841\" data-end=\"844\" \/>Entfernt und verhindert Kalkablagerungen. Geeignet f\u00fcr Badezimmer und Toiletten.<\/p>\n<p data-start=\"908\" data-end=\"1018\">\u2022 <strong data-start=\"910\" data-end=\"946\">2x Allzweckreiniger \u2013 Lavendel<\/strong><br data-start=\"946\" data-end=\"949\" \/>Mehrzweckreiniger f\u00fcr viele Oberfl\u00e4chen mit einem zarten Lavendelduft.<\/p>\n<p data-start=\"1020\" data-end=\"1113\"><strong data-start=\"1020\" data-end=\"1055\">Wenn die Reinigungsleistung weiterhin schwach ist:<\/strong><br data-start=\"1055\" data-end=\"1058\" \/>F\u00fcr eine st\u00e4rkere Wirkung zwei Tabletten einnehmen.<\/p>\n<p data-start=\"1115\" data-end=\"1226\"><strong data-start=\"1115\" data-end=\"1157\">Kann ich es mit meiner Spr\u00fchflasche verwenden?<\/strong><br data-start=\"1157\" data-end=\"1160\" \/>Ja, die Tabletten passen in die meisten Spr\u00fchflaschen mit schmalem Hals.<\/p>","protected":false},"excerpt":{"rendered":"<p>Mitmek\u00fclgne puhastuskomplekt, mis sisaldab nelja erinevat puhastustabletti igap\u00e4evase koduhoolduse jaoks. T\u00e4ida pihustipudel kraaniveega, lisa tablett ja saad t\u00f5husa puhastusvahendi ilma tarbetu plastikuta&hellip;<\/p>","protected":false},"featured_media":246424,"comment_status":"open","ping_status":"closed","template":"","meta":{"wprm-recipe-roundup-name":"","wprm-recipe-roundup-description":""},"product_brand":[11998],"product_cat":[8002],"product_tag":[],"class_list":{"0":"post-246423","1":"product","2":"type-product","3":"status-publish","4":"has-post-thumbnail","6":"product_brand-cosmeau","7":"product_cat-puhastusvahendid","9":"first","10":"instock","11":"taxable","12":"shipping-taxable","13":"purchasable","14":"product-type-simple"},"supplier_id":246354,"supplier_sku":"","barcode":"8720655301445","atum_controlled":true,"out_stock_date":null,"out_stock_threshold":null,"inheritable":false,"inbound_stock":0,"stock_on_hold":0,"sold_today":0,"sales_last_days":0,"reserved_stock":0,"customer_returns":0,"warehouse_damage":0,"lost_in_post":0,"other_logs":0,"out_stock_days":0,"lost_sales":0,"has_location":false,"update_date":"2026-04-20T21:45:56","atum_locations":[],"atum_stock_status":"instock","restock_status":false,"low_stock_amount":"","sales_update_date":"2026-04-20T21:45:56","calc_backorders":null,"aioseo_notices":[],"_links":{"self":[{"href":"https:\/\/ecoshop.ee\/de\/wp-json\/wp\/v2\/product\/246423","targetHints":{"allow":["GET"]}}],"collection":[{"href":"https:\/\/ecoshop.ee\/de\/wp-json\/wp\/v2\/product"}],"about":[{"href":"https:\/\/ecoshop.ee\/de\/wp-json\/wp\/v2\/types\/product"}],"replies":[{"embeddable":true,"href":"https:\/\/ecoshop.ee\/de\/wp-json\/wp\/v2\/comments?post=246423"}],"version-history":[{"count":0,"href":"https:\/\/ecoshop.ee\/de\/wp-json\/wp\/v2\/product\/246423\/revisions"}],"wp:featuredmedia":[{"embeddable":true,"href":"https:\/\/ecoshop.ee\/de\/wp-json\/wp\/v2\/media\/246424"}],"wp:attachment":[{"href":"https:\/\/ecoshop.ee\/de\/wp-json\/wp\/v2\/media?parent=246423"}],"wp:term":[{"taxonomy":"product_brand","embeddable":true,"href":"https:\/\/ecoshop.ee\/de\/wp-json\/wp\/v2\/product_brand?post=246423"},{"taxonomy":"product_cat","embeddable":true,"href":"https:\/\/ecoshop.ee\/de\/wp-json\/wp\/v2\/product_cat?post=246423"},{"taxonomy":"product_tag","embeddable":true,"href":"https:\/\/ecoshop.ee\/de\/wp-json\/wp\/v2\/product_tag?post=246423"}],"curies":[{"name":"wp","href":"https:\/\/api.w.org\/{rel}","templated":true}]}}