{"id":246426,"date":"2025-11-28T17:28:01","date_gmt":"2025-11-28T14:28:01","guid":{"rendered":"https:\/\/ecoshop.ee\/?post_type=product&#038;p=246426"},"modified":"2025-11-28T17:28:03","modified_gmt":"2025-11-28T14:28:03","slug":"cosmeau-duftperlen-fruhling-50-waschen","status":"publish","type":"product","link":"https:\/\/ecoshop.ee\/de\/puhastusvahendid\/cosmeau-lohnaparlid-kevad-50-pesu\/","title":{"rendered":"Cosmeau Duftperlen, Fr\u00fchling, 50 W\u00e4schen"},"content":{"rendered":"<p data-start=\"47\" data-end=\"347\">Umweltfreundliche Duftperlen verleihen Ihrer W\u00e4sche einen frischen und langanhaltenden Duft. Die Mikro-Duftkapseln werden beim Reiben \u2013 beispielsweise beim Gehen, Bewegen oder Sport \u2013 freigesetzt und sorgen bis zu 12 Wochen lang f\u00fcr einen angenehmen Duft. Der Duft ist nat\u00fcrlich, nicht synthetisch und f\u00fcr Frauen und M\u00e4nner gleicherma\u00dfen geeignet.<\/p>\n<p data-start=\"349\" data-end=\"541\"><em data-start=\"349\" data-end=\"363\">Fr\u00fchlingsfrische<\/em>\u00a0Erinnert an einen sonnigen Fr\u00fchlingstag: warme Luft, Vogelgezwitscher und ein leichter Blumenduft. Ideal besonders f\u00fcr Bettw\u00e4sche, da er ein sanftes, frisches und nicht zu s\u00fc\u00dfes Aroma verstr\u00f6mt.<\/p>\n<ul>\n<li data-start=\"543\" data-end=\"991\">Verleiht der W\u00e4sche zus\u00e4tzlichen Duft<\/li>\n<li data-start=\"543\" data-end=\"991\">Hergestellt aus Maisst\u00e4rke, vegan<\/li>\n<li data-start=\"543\" data-end=\"991\">Nat\u00fcrlicher Duft<\/li>\n<li data-start=\"543\" data-end=\"991\">Bis zu 12 Wochen Frische<\/li>\n<li data-start=\"543\" data-end=\"991\">Messbecher im Lieferumfang enthalten<\/li>\n<li data-start=\"543\" data-end=\"991\">Bis zu 50 W\u00e4schen mit einem leichten Duft oder 25 W\u00e4schen mit einem st\u00e4rkeren Duft<\/li>\n<li data-start=\"543\" data-end=\"991\">Vor dem Waschen direkt in die leere Trommel geben.<\/li>\n<li data-start=\"543\" data-end=\"991\">Passt perfekt zu Cosmeau Waschstreifen<\/li>\n<\/ul>\n<p data-start=\"993\" data-end=\"1072\" data-is-last-node=\"\" data-is-only-node=\"\">Sanfte Fr\u00fchlingsfrische bei jeder W\u00e4sche \u2013 nat\u00fcrlich, langanhaltend und nachhaltig.<\/p>\n<p data-start=\"0\" data-end=\"17\"><strong data-start=\"0\" data-end=\"17\">Nachf\u00fcllpackungen<\/strong><\/p>\n<p data-start=\"19\" data-end=\"251\" data-is-last-node=\"\" data-is-only-node=\"\">Die Standardtube mit Messbecher ist so verpackt, dass der Duft m\u00f6glichst lange erhalten bleibt. Sie muss nicht jedes Mal ersetzt werden \u2013 zuk\u00fcnftig k\u00f6nnen Sie einfach g\u00fcnstigere Nachf\u00fcllpackungen mit weniger Verpackung bestellen.<\/p>","protected":false},"excerpt":{"rendered":"<p>Keskkonnas\u00f5bralikud l\u00f5hnap\u00e4rlid, mis annavad pesule v\u00e4rske ja kauap\u00fcsiva aroomi. Mikro-l\u00f5hnakapslid vabanevad h\u00f5\u00f5rdumisel \u2013 k\u00f5ndides, liikudes v\u00f5i trenni tehes \u2013 ning pakuvad kuni&hellip;<\/p>","protected":false},"featured_media":246427,"comment_status":"open","ping_status":"closed","template":"","meta":{"wprm-recipe-roundup-name":"","wprm-recipe-roundup-description":""},"product_brand":[11998],"product_cat":[8002],"product_tag":[],"class_list":{"0":"post-246426","1":"product","2":"type-product","3":"status-publish","4":"has-post-thumbnail","6":"product_brand-cosmeau","7":"product_cat-puhastusvahendid","9":"first","10":"instock","11":"taxable","12":"shipping-taxable","13":"purchasable","14":"product-type-simple"},"supplier_id":246354,"supplier_sku":"","barcode":"8720655301452","atum_controlled":true,"out_stock_date":null,"out_stock_threshold":null,"inheritable":false,"inbound_stock":0,"stock_on_hold":0,"sold_today":0,"sales_last_days":0,"reserved_stock":0,"customer_returns":0,"warehouse_damage":0,"lost_in_post":0,"other_logs":0,"out_stock_days":0,"lost_sales":0,"has_location":false,"update_date":"2026-04-20T21:45:56","atum_locations":[],"atum_stock_status":"instock","restock_status":false,"low_stock_amount":"","sales_update_date":"2026-04-20T21:45:56","calc_backorders":null,"aioseo_notices":[],"_links":{"self":[{"href":"https:\/\/ecoshop.ee\/de\/wp-json\/wp\/v2\/product\/246426","targetHints":{"allow":["GET"]}}],"collection":[{"href":"https:\/\/ecoshop.ee\/de\/wp-json\/wp\/v2\/product"}],"about":[{"href":"https:\/\/ecoshop.ee\/de\/wp-json\/wp\/v2\/types\/product"}],"replies":[{"embeddable":true,"href":"https:\/\/ecoshop.ee\/de\/wp-json\/wp\/v2\/comments?post=246426"}],"version-history":[{"count":0,"href":"https:\/\/ecoshop.ee\/de\/wp-json\/wp\/v2\/product\/246426\/revisions"}],"wp:featuredmedia":[{"embeddable":true,"href":"https:\/\/ecoshop.ee\/de\/wp-json\/wp\/v2\/media\/246427"}],"wp:attachment":[{"href":"https:\/\/ecoshop.ee\/de\/wp-json\/wp\/v2\/media?parent=246426"}],"wp:term":[{"taxonomy":"product_brand","embeddable":true,"href":"https:\/\/ecoshop.ee\/de\/wp-json\/wp\/v2\/product_brand?post=246426"},{"taxonomy":"product_cat","embeddable":true,"href":"https:\/\/ecoshop.ee\/de\/wp-json\/wp\/v2\/product_cat?post=246426"},{"taxonomy":"product_tag","embeddable":true,"href":"https:\/\/ecoshop.ee\/de\/wp-json\/wp\/v2\/product_tag?post=246426"}],"curies":[{"name":"wp","href":"https:\/\/api.w.org\/{rel}","templated":true}]}}