{"id":246442,"date":"2025-11-30T18:35:47","date_gmt":"2025-11-30T15:35:47","guid":{"rendered":"https:\/\/ecoshop.ee\/?post_type=product&#038;p=246442"},"modified":"2025-11-30T18:35:49","modified_gmt":"2025-11-30T15:35:49","slug":"cosmeau-1tp80-seifenspender-fur-die-wasche-mattweises-glas-450-ml","status":"publish","type":"product","link":"https:\/\/ecoshop.ee\/de\/puhastusvahendid\/cosmeau-noudepesuseebi-dosaator-mattvalge-klaas-450-ml\/","title":{"rendered":"Cosmeau Sp\u00fclmittelspender, mattwei\u00dfes Glas, 450 ml"},"content":{"rendered":"<p data-start=\"63\" data-end=\"348\">Eleganter, mattwei\u00dfer Glasspender, der perfekt zum Cosmeau-Pulversp\u00fclmittel passt. Die hochwertige Edelstahlpumpe sorgt f\u00fcr komfortable Handhabung.<\/p>\n<p data-start=\"350\" data-end=\"548\">Das Set enth\u00e4lt au\u00dferdem ein Geschirrsp\u00fclpulver, das Sie mit Wasser zu bis zu 400 ml wirksamem und umweltfreundlichem Sp\u00fclmittel anr\u00fchren. Die Formel basiert auf biologisch abbaubarer Zellulose und kommt ohne aggressive Chemikalien aus.<\/p>\n<p data-start=\"550\" data-end=\"807\">\u2022 450 ml Flasche aus mattwei\u00dfem Glas<br data-start=\"579\" data-end=\"582\" \/>\u2022 Edelstahlpumpe<br data-start=\"610\" data-end=\"613\" \/>\u2022 Wiederverwendbar und langlebig<br data-start=\"644\" data-end=\"647\" \/>\u2022 Biologisch abbaubares Geschirrsp\u00fclmittelpulver<br data-start=\"688\" data-end=\"691\" \/>\u2022 Wirksamer Fettl\u00f6ser<br data-start=\"739\" data-end=\"742\" \/>\u2022 Nachhaltig \u2013 kein unn\u00f6tiger Wassertransport oder Plastikverpackung<\/p>","protected":false},"excerpt":{"rendered":"<p>Elegantne mattvalge klaasist dosaator, mis sobib ideaalselt Cosmeau pulbrilise n\u00f5udepesuvahendiga. Kvaliteetne roostevabast terasest pump tagab mugava kasutuse. Komplektis on ka pulbriline n\u00f5udepesuvahend,&hellip;<\/p>","protected":false},"featured_media":246443,"comment_status":"open","ping_status":"closed","template":"","meta":{"wprm-recipe-roundup-name":"","wprm-recipe-roundup-description":""},"product_brand":[11998],"product_cat":[8002],"product_tag":[],"class_list":{"0":"post-246442","1":"product","2":"type-product","3":"status-publish","4":"has-post-thumbnail","6":"product_brand-cosmeau","7":"product_cat-puhastusvahendid","9":"first","10":"instock","11":"taxable","12":"shipping-taxable","13":"purchasable","14":"product-type-simple"},"supplier_id":246354,"supplier_sku":"","barcode":"8720655303418","atum_controlled":true,"out_stock_date":null,"out_stock_threshold":null,"inheritable":false,"inbound_stock":0,"stock_on_hold":0,"sold_today":0,"sales_last_days":0,"reserved_stock":0,"customer_returns":0,"warehouse_damage":0,"lost_in_post":0,"other_logs":0,"out_stock_days":0,"lost_sales":0,"has_location":false,"update_date":"2026-04-20T21:45:56","atum_locations":[],"atum_stock_status":"instock","restock_status":false,"low_stock_amount":"","sales_update_date":"2026-04-20T21:45:56","calc_backorders":null,"aioseo_notices":[],"_links":{"self":[{"href":"https:\/\/ecoshop.ee\/de\/wp-json\/wp\/v2\/product\/246442","targetHints":{"allow":["GET"]}}],"collection":[{"href":"https:\/\/ecoshop.ee\/de\/wp-json\/wp\/v2\/product"}],"about":[{"href":"https:\/\/ecoshop.ee\/de\/wp-json\/wp\/v2\/types\/product"}],"replies":[{"embeddable":true,"href":"https:\/\/ecoshop.ee\/de\/wp-json\/wp\/v2\/comments?post=246442"}],"version-history":[{"count":0,"href":"https:\/\/ecoshop.ee\/de\/wp-json\/wp\/v2\/product\/246442\/revisions"}],"wp:featuredmedia":[{"embeddable":true,"href":"https:\/\/ecoshop.ee\/de\/wp-json\/wp\/v2\/media\/246443"}],"wp:attachment":[{"href":"https:\/\/ecoshop.ee\/de\/wp-json\/wp\/v2\/media?parent=246442"}],"wp:term":[{"taxonomy":"product_brand","embeddable":true,"href":"https:\/\/ecoshop.ee\/de\/wp-json\/wp\/v2\/product_brand?post=246442"},{"taxonomy":"product_cat","embeddable":true,"href":"https:\/\/ecoshop.ee\/de\/wp-json\/wp\/v2\/product_cat?post=246442"},{"taxonomy":"product_tag","embeddable":true,"href":"https:\/\/ecoshop.ee\/de\/wp-json\/wp\/v2\/product_tag?post=246442"}],"curies":[{"name":"wp","href":"https:\/\/api.w.org\/{rel}","templated":true}]}}