{"id":246450,"date":"2025-11-30T18:55:07","date_gmt":"2025-11-30T15:55:07","guid":{"rendered":"https:\/\/ecoshop.ee\/?post_type=product&#038;p=246450"},"modified":"2025-11-30T18:55:08","modified_gmt":"2025-11-30T15:55:08","slug":"cosmeau-wc-reinigungsstreifen-60-stuck","status":"publish","type":"product","link":"https:\/\/ecoshop.ee\/de\/puhastusvahendid\/cosmeau-wc-puhastusribad-60tk\/","title":{"rendered":"Cosmeau WC-Reinigungsstreifen, 60 St\u00fcck"},"content":{"rendered":"<p data-start=\"30\" data-end=\"347\">Umweltfreundlicher WC-Reiniger im praktischen Papierstreifenformat \u2013 einfach einen Streifen in die Toilette geben und einwirken lassen. Biologisch abbaubar, platzsparend und g\u00fcnstiger als herk\u00f6mmliche WC-Gels. Die hochkonzentrierte Formel entfernt Schmutz und Kalkablagerungen ohne Phosphate, Bleichmittel oder aggressive Chemikalien.<\/p>\n<p data-start=\"349\" data-end=\"535\">\u2022 Starke Entfernung von Kalk und Schmutz<br data-start=\"386\" data-end=\"389\" \/>\u2022 Frischer Duft<br data-start=\"402\" data-end=\"405\" \/>\u2022 pH-neutral \u2013 sch\u00e4digt weder Topf noch Metall- oder Kunststoffteile<br data-start=\"466\" data-end=\"469\" \/>\u2022 Vollst\u00e4ndig l\u00f6slich und verstopfungsfrei<br data-start=\"504\" data-end=\"507\" \/>\u2022 Plastikfrei und biologisch abbaubar<\/p>\n<p data-start=\"349\" data-end=\"535\">\n<p data-start=\"537\" data-end=\"559\"><strong data-start=\"537\" data-end=\"557\">Wie wird es verwendet?<\/strong><\/p>\n<ol data-start=\"560\" data-end=\"789\">\n<li data-start=\"560\" data-end=\"631\">\n<p data-start=\"563\" data-end=\"631\">Den Streifen an der Perforation halbieren oder einen ganzen Streifen verwenden.<\/p>\n<\/li>\n<li data-start=\"632\" data-end=\"662\">\n<p data-start=\"635\" data-end=\"662\">Legen Sie den Streifen in das Wasser der Toilettensch\u00fcssel.<\/p>\n<\/li>\n<li data-start=\"663\" data-end=\"706\">\n<p data-start=\"666\" data-end=\"706\">20-30 Sekunden lang aufl\u00f6sen lassen.<\/p>\n<\/li>\n<li data-start=\"707\" data-end=\"742\">\n<p data-start=\"710\" data-end=\"742\">Reinigen Sie die Toilette mit einer Toilettenb\u00fcrste.<\/p>\n<\/li>\n<li data-start=\"743\" data-end=\"789\">\n<p data-start=\"746\" data-end=\"789\">Absp\u00fclen oder noch etwas l\u00e4nger einwirken lassen.<\/p>\n<\/li>\n<\/ol>\n<p data-start=\"791\" data-end=\"880\"><strong data-start=\"791\" data-end=\"806\">Doseerimine<\/strong><br data-start=\"806\" data-end=\"809\" \/>\u2022 <strong data-start=\"811\" data-end=\"821\">\u00bd Streifen<\/strong> \u2013 regelm\u00e4\u00dfige Reinigung<br data-start=\"841\" data-end=\"844\" \/>\u2022 <strong data-start=\"846\" data-end=\"856\">1 Streifen<\/strong> \u2013 gr\u00fcndlichere Reinigung<\/p>\n<p data-start=\"882\" data-end=\"983\" data-is-last-node=\"\" data-is-only-node=\"\">30 Streifen reichen f\u00fcr bis zu 60 St\u00fcck.<strong data-start=\"904\" data-end=\"927\">\u00a0zu Reinigungszwecken<\/strong>.<\/p>","protected":false},"excerpt":{"rendered":"<p>Keskkonnas\u00f5bralik WC-puhastusvahend mugaval pabeririba kujul \u2013 lihtsalt lisa \u00fcks riba potti ja lase sellel oma t\u00f6\u00f6 \u00e4ra teha. Biolagunev, ruumis\u00e4\u00e4stlik ning soodsam&hellip;<\/p>","protected":false},"featured_media":246451,"comment_status":"open","ping_status":"closed","template":"","meta":{"wprm-recipe-roundup-name":"","wprm-recipe-roundup-description":""},"product_brand":[11998],"product_cat":[8002],"product_tag":[],"class_list":{"0":"post-246450","1":"product","2":"type-product","3":"status-publish","4":"has-post-thumbnail","6":"product_brand-cosmeau","7":"product_cat-puhastusvahendid","9":"first","10":"instock","11":"taxable","12":"shipping-taxable","13":"purchasable","14":"product-type-simple"},"supplier_id":246354,"supplier_sku":"","barcode":"8720655301391","atum_controlled":true,"out_stock_date":null,"out_stock_threshold":null,"inheritable":false,"inbound_stock":0,"stock_on_hold":0,"sold_today":0,"sales_last_days":0,"reserved_stock":0,"customer_returns":0,"warehouse_damage":0,"lost_in_post":0,"other_logs":0,"out_stock_days":0,"lost_sales":0,"has_location":false,"update_date":"2026-04-20T21:45:56","atum_locations":[],"atum_stock_status":"instock","restock_status":false,"low_stock_amount":"","sales_update_date":"2026-04-20T21:45:56","calc_backorders":null,"aioseo_notices":[],"_links":{"self":[{"href":"https:\/\/ecoshop.ee\/de\/wp-json\/wp\/v2\/product\/246450","targetHints":{"allow":["GET"]}}],"collection":[{"href":"https:\/\/ecoshop.ee\/de\/wp-json\/wp\/v2\/product"}],"about":[{"href":"https:\/\/ecoshop.ee\/de\/wp-json\/wp\/v2\/types\/product"}],"replies":[{"embeddable":true,"href":"https:\/\/ecoshop.ee\/de\/wp-json\/wp\/v2\/comments?post=246450"}],"version-history":[{"count":0,"href":"https:\/\/ecoshop.ee\/de\/wp-json\/wp\/v2\/product\/246450\/revisions"}],"wp:featuredmedia":[{"embeddable":true,"href":"https:\/\/ecoshop.ee\/de\/wp-json\/wp\/v2\/media\/246451"}],"wp:attachment":[{"href":"https:\/\/ecoshop.ee\/de\/wp-json\/wp\/v2\/media?parent=246450"}],"wp:term":[{"taxonomy":"product_brand","embeddable":true,"href":"https:\/\/ecoshop.ee\/de\/wp-json\/wp\/v2\/product_brand?post=246450"},{"taxonomy":"product_cat","embeddable":true,"href":"https:\/\/ecoshop.ee\/de\/wp-json\/wp\/v2\/product_cat?post=246450"},{"taxonomy":"product_tag","embeddable":true,"href":"https:\/\/ecoshop.ee\/de\/wp-json\/wp\/v2\/product_tag?post=246450"}],"curies":[{"name":"wp","href":"https:\/\/api.w.org\/{rel}","templated":true}]}}