{"id":246456,"date":"2025-11-30T19:21:09","date_gmt":"2025-11-30T16:21:09","guid":{"rendered":"https:\/\/ecoshop.ee\/?post_type=product&#038;p=246456"},"modified":"2026-04-20T12:03:34","modified_gmt":"2026-04-20T09:03:34","slug":"cosmeau-noude-waschmaschinen-streifen-60-stuck","status":"publish","type":"product","link":"https:\/\/ecoshop.ee\/de\/puhastusvahendid\/cosmeau-noudepesumasina-ribad-60tk\/","title":{"rendered":"Cosmeau Sp\u00fclmaschinenstreifen, 60 St\u00fcck"},"content":{"rendered":"<p data-start=\"35\" data-end=\"216\">Umweltfreundliches und praktisches Geschirrsp\u00fclmittel in Papierstreifenform. Abrei\u00dfen, dosieren und in die Maschine geben \u2013 kinderleicht! Biologisch abbaubar gem\u00e4\u00df EU-Anforderungen, plastikfrei und extrem platzsparend.<\/p>\n<p data-start=\"218\" data-end=\"479\">\u2022 Die hochkonzentrierte Formel entfernt mithilfe von Enzymen Schmutz, Flecken, Speisereste und Bakterien.<br data-start=\"318\" data-end=\"321\" \/>\u2022 Enth\u00e4lt keine Parabene, Phosphate oder aggressive Chemikalien<br data-start=\"381\" data-end=\"384\" \/>\u2022 Vollst\u00e4ndig aufl\u00f6sbarer Streifen<br data-start=\"410\" data-end=\"413\" \/>\u2022 Plastikfreie Verpackung<br data-start=\"432\" data-end=\"435\" \/>\u2022 Dosierung je nach Verschmutzungsgrad<\/p>\n<p data-start=\"481\" data-end=\"503\"><strong data-start=\"481\" data-end=\"501\">Wie wird es verwendet?<\/strong><\/p>\n<ol data-start=\"504\" data-end=\"833\">\n<li data-start=\"504\" data-end=\"626\">\n<p data-start=\"507\" data-end=\"626\">Falten Sie den Streifen so, dass er in den Spender passt. Rei\u00dfen Sie gegebenenfalls ein St\u00fcck ab und legen Sie es zum Vorsp\u00fclen auf den Boden des Geschirrsp\u00fclers.<\/p>\n<\/li>\n<li data-start=\"627\" data-end=\"661\">\n<p data-start=\"630\" data-end=\"661\">Nach der Handhabung H\u00e4nde waschen.<\/p>\n<\/li>\n<li data-start=\"662\" data-end=\"833\">\n<p data-start=\"665\" data-end=\"833\"><strong data-start=\"665\" data-end=\"680\">Aufmerksamkeit!<\/strong> Bei kleinen oder \u00e4lteren Geschirrsp\u00fclern verwenden Sie maximal \u00bd oder \u00bc Bar Sp\u00fclmittel, um \u00fcberm\u00e4\u00dfige Schaumbildung zu vermeiden. Sollte es zu stark sch\u00e4umen, reduzieren Sie die Menge.<\/p>\n<\/li>\n<\/ol>\n<p data-start=\"835\" data-end=\"979\"><strong data-start=\"835\" data-end=\"850\">Doseerimine<\/strong><br data-start=\"850\" data-end=\"853\" \/>\u2022 <strong data-start=\"855\" data-end=\"865\">\u00bd Streifen<\/strong> \u2013 f\u00fcr normal verschmutztes Geschirr<br data-start=\"902\" data-end=\"905\" \/>\u2022 <strong data-start=\"907\" data-end=\"917\">1 Streifen<\/strong> \u2013 f\u00fcr stark verschmutztes Geschirr (h\u00f6here Temperatur verwenden)<\/p>\n<p data-start=\"981\" data-end=\"1098\">Achten Sie darauf, dass sich gen\u00fcgend Salzl\u00f6sung im Geschirrsp\u00fcler befindet und geben Sie gegebenenfalls Klarsp\u00fcler hinzu, falls sich R\u00fcckst\u00e4nde auf den Gl\u00e4sern befinden.<\/p>","protected":false},"excerpt":{"rendered":"<p>Keskkonnas\u00f5bralik ja mugav n\u00f5udepesumasina pesuvahend pabeririba kujul. Rebi, doseeri ja aseta masinasse \u2013 lihtne! Biolagunev EU n\u00f5uete j\u00e4rgi, plastikuvaba ja eriti ruumis\u00e4\u00e4stlik.&hellip;<\/p>","protected":false},"featured_media":246457,"comment_status":"open","ping_status":"closed","template":"","meta":{"wprm-recipe-roundup-name":"","wprm-recipe-roundup-description":""},"product_brand":[11998],"product_cat":[8002],"product_tag":[],"class_list":{"0":"post-246456","1":"product","2":"type-product","3":"status-publish","4":"has-post-thumbnail","6":"product_brand-cosmeau","7":"product_cat-puhastusvahendid","9":"first","10":"instock","11":"taxable","12":"shipping-taxable","13":"purchasable","14":"product-type-simple"},"supplier_id":246354,"supplier_sku":"","barcode":"8720655302466","atum_controlled":true,"out_stock_date":null,"out_stock_threshold":null,"inheritable":false,"inbound_stock":0,"stock_on_hold":0,"sold_today":0,"sales_last_days":3,"reserved_stock":0,"customer_returns":0,"warehouse_damage":0,"lost_in_post":0,"other_logs":0,"out_stock_days":0,"lost_sales":0,"has_location":false,"update_date":"2026-04-22T08:48:01","atum_locations":[],"atum_stock_status":"instock","restock_status":true,"low_stock_amount":"","sales_update_date":"2026-04-22T08:48:01","calc_backorders":null,"aioseo_notices":[],"_links":{"self":[{"href":"https:\/\/ecoshop.ee\/de\/wp-json\/wp\/v2\/product\/246456","targetHints":{"allow":["GET"]}}],"collection":[{"href":"https:\/\/ecoshop.ee\/de\/wp-json\/wp\/v2\/product"}],"about":[{"href":"https:\/\/ecoshop.ee\/de\/wp-json\/wp\/v2\/types\/product"}],"replies":[{"embeddable":true,"href":"https:\/\/ecoshop.ee\/de\/wp-json\/wp\/v2\/comments?post=246456"}],"version-history":[{"count":0,"href":"https:\/\/ecoshop.ee\/de\/wp-json\/wp\/v2\/product\/246456\/revisions"}],"wp:featuredmedia":[{"embeddable":true,"href":"https:\/\/ecoshop.ee\/de\/wp-json\/wp\/v2\/media\/246457"}],"wp:attachment":[{"href":"https:\/\/ecoshop.ee\/de\/wp-json\/wp\/v2\/media?parent=246456"}],"wp:term":[{"taxonomy":"product_brand","embeddable":true,"href":"https:\/\/ecoshop.ee\/de\/wp-json\/wp\/v2\/product_brand?post=246456"},{"taxonomy":"product_cat","embeddable":true,"href":"https:\/\/ecoshop.ee\/de\/wp-json\/wp\/v2\/product_cat?post=246456"},{"taxonomy":"product_tag","embeddable":true,"href":"https:\/\/ecoshop.ee\/de\/wp-json\/wp\/v2\/product_tag?post=246456"}],"curies":[{"name":"wp","href":"https:\/\/api.w.org\/{rel}","templated":true}]}}