{"id":267294,"date":"2026-01-28T00:30:46","date_gmt":"2026-01-27T21:30:46","guid":{"rendered":"https:\/\/ecoshop.ee\/maaratlemata\/gift-card\/"},"modified":"2026-01-29T02:51:32","modified_gmt":"2026-01-28T23:51:32","slug":"geschenkgutschein","status":"publish","type":"product","link":"https:\/\/ecoshop.ee\/de\/kingitused\/kinkekaart\/","title":{"rendered":"Ecoshop-Geschenkkarte"},"content":{"rendered":"<h6 data-start=\"0\" data-end=\"53\"><strong data-start=\"0\" data-end=\"53\">Ecoshop digitale Geschenkkarte<\/strong><\/h6>\n<p data-start=\"55\" data-end=\"343\">Wenn Sie jemandem eine Freude machen m\u00f6chten, aber nicht sicher sind, welches Produkt ihm am besten gefallen w\u00fcrde, ist ein digitaler Geschenkgutschein immer eine sichere Wahl. Er gibt Ihnen die Freiheit, Produkte auszuw\u00e4hlen, die am besten zu den Werten und Bed\u00fcrfnissen des Beschenkten passen.<\/p>\n<p data-start=\"345\" data-end=\"489\">Ein Geschenkgutschein eignet sich perfekt als Geburtstagsgeschenk, Weihnachtsgeschenk, Dankesch\u00f6n-Geschenk oder einfach als kleine Aufmerksamkeit, um jemandem zu zeigen, dass man an ihn denkt \u2013 ohne unn\u00f6tigen Kaufrausch und Verschwendung.<\/p>\n<h6 style=\"text-align: center;\" data-start=\"345\" data-end=\"489\"><\/h6>\n<p data-start=\"491\" data-end=\"515\"><strong data-start=\"491\" data-end=\"513\">Wie funktioniert es?<\/strong><\/p>\n<ul data-start=\"516\" data-end=\"648\">\n<li data-start=\"516\" data-end=\"578\">\n<p data-start=\"518\" data-end=\"578\">Die Geschenkkarte wird unmittelbar nach dem Kauf per E-Mail versendet.<\/p>\n<\/li>\n<li data-start=\"579\" data-end=\"614\">\n<p data-start=\"581\" data-end=\"614\">Beinhaltet einen einzigartigen Rabattcode<\/p>\n<\/li>\n<li data-start=\"615\" data-end=\"648\">\n<p data-start=\"617\" data-end=\"648\">G\u00fcltig im gesamten ecoshop.ee-Onlineshop<\/p>\n<\/li>\n<\/ul>\n<p>&nbsp;<\/p>\n<p data-start=\"650\" data-end=\"690\"><strong data-start=\"650\" data-end=\"688\">Warum eine digitale Geschenkkarte w\u00e4hlen?<\/strong><\/p>\n<ul data-start=\"691\" data-end=\"789\">\n<li data-start=\"691\" data-end=\"724\">\n<p data-start=\"693\" data-end=\"724\">100% digital und papierlos<\/p>\n<\/li>\n<li data-start=\"737\" data-end=\"762\">\n<p data-start=\"739\" data-end=\"762\">In Teilen erh\u00e4ltlich<\/p>\n<\/li>\n<li data-start=\"763\" data-end=\"789\">\n<p data-start=\"765\" data-end=\"789\">F\u00fcr jeden Anlass geeignet<\/p>\n<\/li>\n<\/ul>\n<h6><strong>Hinweis: Die Geschenkkarte ist ab Kaufdatum 1 Jahr lang g\u00fcltig!<\/strong><\/h6>\n<p>&nbsp;<\/p>\n<p><em>Wenn Sie die Geschenkkarte in physischer Form verschenken m\u00f6chten, senden Sie sie sich selbst per E-Mail zu und drucken Sie die beigef\u00fcgte Datei aus.<\/em><\/p>","protected":false},"excerpt":{"rendered":"<p>Ecoshopi digitaalne kinkekaart Kui tahad teha r\u00f5\u00f5mu, aga ei ole kindel, milline toode kingisaajale k\u00f5ige rohkem meeldiks, on digitaalne kinkekaart alati kindel&hellip;<\/p>","protected":false},"featured_media":267295,"comment_status":"open","ping_status":"closed","template":"","meta":{"wprm-recipe-roundup-name":"","wprm-recipe-roundup-description":""},"product_brand":[],"product_cat":[245,145],"product_tag":[150,8391],"class_list":{"0":"post-267294","1":"product","2":"type-product","3":"status-publish","4":"has-post-thumbnail","6":"product_cat-tarvikud","7":"product_cat-kingitused","8":"product_tag-kingitused","9":"product_tag-kinkekaart","11":"first","12":"instock","13":"virtual","14":"taxable","15":"purchasable","16":"product-type-simple"},"supplier_id":null,"supplier_sku":"","barcode":null,"atum_controlled":true,"out_stock_date":null,"out_stock_threshold":null,"inheritable":false,"inbound_stock":0,"stock_on_hold":0,"sold_today":0,"sales_last_days":0,"reserved_stock":0,"customer_returns":0,"warehouse_damage":0,"lost_in_post":0,"other_logs":0,"out_stock_days":0,"lost_sales":0,"has_location":false,"update_date":"2026-04-20T21:45:55","atum_locations":[],"atum_stock_status":"instock","restock_status":false,"low_stock_amount":"","sales_update_date":"2026-04-20T21:45:55","calc_backorders":null,"aioseo_notices":[],"_links":{"self":[{"href":"https:\/\/ecoshop.ee\/de\/wp-json\/wp\/v2\/product\/267294","targetHints":{"allow":["GET"]}}],"collection":[{"href":"https:\/\/ecoshop.ee\/de\/wp-json\/wp\/v2\/product"}],"about":[{"href":"https:\/\/ecoshop.ee\/de\/wp-json\/wp\/v2\/types\/product"}],"replies":[{"embeddable":true,"href":"https:\/\/ecoshop.ee\/de\/wp-json\/wp\/v2\/comments?post=267294"}],"version-history":[{"count":0,"href":"https:\/\/ecoshop.ee\/de\/wp-json\/wp\/v2\/product\/267294\/revisions"}],"wp:featuredmedia":[{"embeddable":true,"href":"https:\/\/ecoshop.ee\/de\/wp-json\/wp\/v2\/media\/267295"}],"wp:attachment":[{"href":"https:\/\/ecoshop.ee\/de\/wp-json\/wp\/v2\/media?parent=267294"}],"wp:term":[{"taxonomy":"product_brand","embeddable":true,"href":"https:\/\/ecoshop.ee\/de\/wp-json\/wp\/v2\/product_brand?post=267294"},{"taxonomy":"product_cat","embeddable":true,"href":"https:\/\/ecoshop.ee\/de\/wp-json\/wp\/v2\/product_cat?post=267294"},{"taxonomy":"product_tag","embeddable":true,"href":"https:\/\/ecoshop.ee\/de\/wp-json\/wp\/v2\/product_tag?post=267294"}],"curies":[{"name":"wp","href":"https:\/\/api.w.org\/{rel}","templated":true}]}}