{"id":3207,"date":"2024-05-10T13:25:55","date_gmt":"2024-05-10T10:25:55","guid":{"rendered":"https:\/\/ecoshop.ee\/?post_type=product&#038;p=3207"},"modified":"2025-12-25T19:23:56","modified_gmt":"2025-12-25T16:23:56","slug":"vegane-schokolade-mit-brezel-und-nussgeschmack","status":"publish","type":"product","link":"https:\/\/ecoshop.ee\/de\/sokolaadid\/soolakringli-ja-pahklimaitseline-vegan-sokolaad\/","title":{"rendered":"Vegane Lindt Schokolade mit Brezel und N\u00fcssen, 100 g"},"content":{"rendered":"<p>Hergestellt von Schweizer Meistern in der Lindt-Manufaktur, ist diese vegane Schokolade mit Brezeln und N\u00fcssen ein wahrgewordener Traum f\u00fcr Naschkatzen jeden Alters. Gefertigt aus feinsten Zutaten und nachhaltigem Kakao. \u00dcber 175 Jahre Schweizer Schokoladenkunst, weitergegeben von Spitzenchocolatiers mit Leidenschaft und Hingabe.<\/p>","protected":false},"excerpt":{"rendered":"<p>Lindt tehases \u0160veitsi meistrite poolt valmistatud soolakringli ja p\u00e4hklitega vegan \u0161okolaad on t\u00f5eline unistus igas vanuses maiasmokale. Valmistatud parimatest koostisosadest ja j\u00e4tkusuutlikust&hellip;<\/p>","protected":false},"featured_media":3208,"comment_status":"open","ping_status":"closed","template":"","meta":{"wprm-recipe-roundup-name":"","wprm-recipe-roundup-description":""},"product_brand":[12043],"product_cat":[141],"product_tag":[142],"class_list":{"0":"post-3207","1":"product","2":"type-product","3":"status-publish","4":"has-post-thumbnail","6":"product_brand-lindt","7":"product_cat-sokolaadid","8":"product_tag-sokolaad","9":"j79_wcxd_expiry_type-best-before","11":"first","12":"outofstock","13":"taxable","14":"shipping-taxable","15":"purchasable","16":"product-type-simple"},"supplier_id":9137,"supplier_sku":"","barcode":"4000539245503","atum_controlled":true,"out_stock_date":"2025-09-20 00:10:14","out_stock_threshold":null,"inheritable":false,"inbound_stock":0,"stock_on_hold":0,"sold_today":0,"sales_last_days":0,"reserved_stock":0,"customer_returns":0,"warehouse_damage":0,"lost_in_post":0,"other_logs":0,"out_stock_days":168,"lost_sales":0,"has_location":false,"update_date":"2026-03-07T01:16:02","atum_locations":[],"atum_stock_status":"outofstock","restock_status":false,"low_stock_amount":"","sales_update_date":"2026-03-07T01:16:02","calc_backorders":null,"aioseo_notices":[],"_links":{"self":[{"href":"https:\/\/ecoshop.ee\/de\/wp-json\/wp\/v2\/product\/3207","targetHints":{"allow":["GET"]}}],"collection":[{"href":"https:\/\/ecoshop.ee\/de\/wp-json\/wp\/v2\/product"}],"about":[{"href":"https:\/\/ecoshop.ee\/de\/wp-json\/wp\/v2\/types\/product"}],"replies":[{"embeddable":true,"href":"https:\/\/ecoshop.ee\/de\/wp-json\/wp\/v2\/comments?post=3207"}],"version-history":[{"count":0,"href":"https:\/\/ecoshop.ee\/de\/wp-json\/wp\/v2\/product\/3207\/revisions"}],"wp:featuredmedia":[{"embeddable":true,"href":"https:\/\/ecoshop.ee\/de\/wp-json\/wp\/v2\/media\/3208"}],"wp:attachment":[{"href":"https:\/\/ecoshop.ee\/de\/wp-json\/wp\/v2\/media?parent=3207"}],"wp:term":[{"taxonomy":"product_brand","embeddable":true,"href":"https:\/\/ecoshop.ee\/de\/wp-json\/wp\/v2\/product_brand?post=3207"},{"taxonomy":"product_cat","embeddable":true,"href":"https:\/\/ecoshop.ee\/de\/wp-json\/wp\/v2\/product_cat?post=3207"},{"taxonomy":"product_tag","embeddable":true,"href":"https:\/\/ecoshop.ee\/de\/wp-json\/wp\/v2\/product_tag?post=3207"}],"curies":[{"name":"wp","href":"https:\/\/api.w.org\/{rel}","templated":true}]}}