{"id":3395,"date":"2024-05-12T23:16:05","date_gmt":"2024-05-12T20:16:05","guid":{"rendered":"https:\/\/ecoshop.ee\/?post_type=product&#038;p=3395"},"modified":"2024-10-10T00:56:34","modified_gmt":"2024-10-09T21:56:34","slug":"hallingers-vegane-schokoladenmischung-150g","status":"publish","type":"product","link":"https:\/\/ecoshop.ee\/de\/kommid\/hallingersi-vegan-sokolaadiassortii-150g\/","title":{"rendered":"Hallingers vegane Schokoladenmischung, 150 g"},"content":{"rendered":"<p>\u00dcberraschen Sie Ihre Liebsten, besten Freunde oder Familienmitglieder mit einer s\u00fc\u00dfen und unvergesslichen Aufmerksamkeit! Hallingers veganes Schokoladensortiment wird in Deutschland mit Liebe handgefertigt.<\/p>\n<p>12 vegane Pralinen in hochwertiger und ansprechender Verpackung.<br \/>\nJede Praline ist ein Unikat, handgefertigt und mit Liebe von erfahrenen Handwerkern kreiert.<br \/>\nHergestellt ausschlie\u00dflich aus hochwertigen, feinen Rohstoffen, ohne Konservierungsstoffe, so nat\u00fcrlich wie m\u00f6glich.<br \/>\nDas Verpackungsdesign von Hallingers wurde international ausgezeichnet (u. a. mit dem Red Dot Design Award und einer lobenden Erw\u00e4hnung beim German Design Award). Hallingers ist ein Genuss f\u00fcr alle Sinne!<\/p>","protected":false},"excerpt":{"rendered":"<p>Tee oma kallimale, parimale s\u00f5brale v\u00f5i pereliikmele \u00fcks magus ja meeldej\u00e4\u00e4v \u00fcllatus! Hallingers&#8217;i vegan \u0161okolaadiassortii on Saksamaal suure s\u00fcdamega k\u00e4sit\u00f6\u00f6na valmistatud. 12&hellip;<\/p>","protected":false},"featured_media":5075,"comment_status":"open","ping_status":"closed","template":"","meta":{"wprm-recipe-roundup-name":"","wprm-recipe-roundup-description":""},"product_brand":[12060],"product_cat":[240,160],"product_tag":[150],"class_list":{"0":"post-3395","1":"product","2":"type-product","3":"status-publish","4":"has-post-thumbnail","6":"product_brand-hallingers","7":"product_cat-allahinnatud","8":"product_cat-kommid","9":"product_tag-kingitused","11":"first","12":"outofstock","13":"sale","14":"taxable","15":"shipping-taxable","16":"purchasable","17":"product-type-simple"},"supplier_id":null,"supplier_sku":"","barcode":null,"atum_controlled":true,"out_stock_date":null,"out_stock_threshold":null,"inheritable":false,"inbound_stock":0,"stock_on_hold":0,"sold_today":0,"sales_last_days":0,"reserved_stock":0,"customer_returns":0,"warehouse_damage":0,"lost_in_post":0,"other_logs":0,"out_stock_days":0,"lost_sales":0,"has_location":false,"update_date":"2026-03-07T01:16:01","atum_locations":[],"atum_stock_status":"outofstock","restock_status":false,"low_stock_amount":"","sales_update_date":"2026-03-07T01:16:01","calc_backorders":null,"aioseo_notices":[],"_links":{"self":[{"href":"https:\/\/ecoshop.ee\/de\/wp-json\/wp\/v2\/product\/3395","targetHints":{"allow":["GET"]}}],"collection":[{"href":"https:\/\/ecoshop.ee\/de\/wp-json\/wp\/v2\/product"}],"about":[{"href":"https:\/\/ecoshop.ee\/de\/wp-json\/wp\/v2\/types\/product"}],"replies":[{"embeddable":true,"href":"https:\/\/ecoshop.ee\/de\/wp-json\/wp\/v2\/comments?post=3395"}],"version-history":[{"count":0,"href":"https:\/\/ecoshop.ee\/de\/wp-json\/wp\/v2\/product\/3395\/revisions"}],"wp:featuredmedia":[{"embeddable":true,"href":"https:\/\/ecoshop.ee\/de\/wp-json\/wp\/v2\/media\/5075"}],"wp:attachment":[{"href":"https:\/\/ecoshop.ee\/de\/wp-json\/wp\/v2\/media?parent=3395"}],"wp:term":[{"taxonomy":"product_brand","embeddable":true,"href":"https:\/\/ecoshop.ee\/de\/wp-json\/wp\/v2\/product_brand?post=3395"},{"taxonomy":"product_cat","embeddable":true,"href":"https:\/\/ecoshop.ee\/de\/wp-json\/wp\/v2\/product_cat?post=3395"},{"taxonomy":"product_tag","embeddable":true,"href":"https:\/\/ecoshop.ee\/de\/wp-json\/wp\/v2\/product_tag?post=3395"}],"curies":[{"name":"wp","href":"https:\/\/api.w.org\/{rel}","templated":true}]}}