{"id":3788,"date":"2024-05-28T02:29:33","date_gmt":"2024-05-27T23:29:33","guid":{"rendered":"https:\/\/ecoshop.ee\/?post_type=product&#038;p=3788"},"modified":"2026-04-07T23:20:46","modified_gmt":"2026-04-07T20:20:46","slug":"bettr-vegane-schokoladenschalen-mit-haselnussbutter-39-g","status":"publish","type":"product","link":"https:\/\/ecoshop.ee\/de\/kommid\/bettr-sarapuupahklivoiga-vegan-sokolaadikausid-39g\/","title":{"rendered":"Bett&#039;r vegane Schokoladenschalen mit Haselnussbutter, 39 g"},"content":{"rendered":"<p>Lassen Sie Ihren Sinnen freien Lauf und erleben Sie ein unvergessliches Geschmackserlebnis. Die veganen Schokoladenschalen mit cremiger Haselnussbutter von Bett&#039;r sind zartschmelzende, unwiderstehliche Leckereien. Bett&#039;r Schokolade enth\u00e4lt sorgf\u00e4ltig ausgew\u00e4hlte Bio-Zutaten. Ohne raffinierten Zucker oder k\u00fcnstliche Aromen.<\/p>","protected":false},"excerpt":{"rendered":"<p>Lase enda meeled vabaks ja proovi unustamatut maitseelamust. Bett&#8217;r kreemja-sarapuup\u00e4hkliv\u00f5iga vegan \u0161okolaadikausid on suus sulavad ja pehmed h\u00f5rgutised mis tekitavad kiusatust. Bett&#8217;r&hellip;<\/p>","protected":false},"featured_media":3789,"comment_status":"open","ping_status":"closed","template":"","meta":{"wprm-recipe-roundup-name":"","wprm-recipe-roundup-description":""},"product_brand":[11995],"product_cat":[160,302],"product_tag":[296,142],"class_list":{"0":"post-3788","1":"product","2":"type-product","3":"status-publish","4":"has-post-thumbnail","6":"product_brand-bettr","7":"product_cat-kommid","8":"product_cat-gluteenivaba","9":"product_tag-gluteenivaba","10":"product_tag-sokolaad","11":"j79_wcxd_expiry_type-expiry-date","13":"first","14":"instock","15":"taxable","16":"shipping-taxable","17":"purchasable","18":"product-type-simple"},"supplier_id":9165,"supplier_sku":"","barcode":"3800233781243","atum_controlled":true,"out_stock_date":null,"out_stock_threshold":null,"inheritable":false,"inbound_stock":0,"stock_on_hold":0,"sold_today":0,"sales_last_days":0,"reserved_stock":0,"customer_returns":0,"warehouse_damage":0,"lost_in_post":0,"other_logs":0,"out_stock_days":0,"lost_sales":0,"has_location":false,"update_date":"2026-04-07T20:20:47","atum_locations":[],"atum_stock_status":"instock","restock_status":false,"low_stock_amount":"","sales_update_date":"2026-04-06T20:23:10","calc_backorders":null,"aioseo_notices":[],"_links":{"self":[{"href":"https:\/\/ecoshop.ee\/de\/wp-json\/wp\/v2\/product\/3788","targetHints":{"allow":["GET"]}}],"collection":[{"href":"https:\/\/ecoshop.ee\/de\/wp-json\/wp\/v2\/product"}],"about":[{"href":"https:\/\/ecoshop.ee\/de\/wp-json\/wp\/v2\/types\/product"}],"replies":[{"embeddable":true,"href":"https:\/\/ecoshop.ee\/de\/wp-json\/wp\/v2\/comments?post=3788"}],"version-history":[{"count":0,"href":"https:\/\/ecoshop.ee\/de\/wp-json\/wp\/v2\/product\/3788\/revisions"}],"wp:featuredmedia":[{"embeddable":true,"href":"https:\/\/ecoshop.ee\/de\/wp-json\/wp\/v2\/media\/3789"}],"wp:attachment":[{"href":"https:\/\/ecoshop.ee\/de\/wp-json\/wp\/v2\/media?parent=3788"}],"wp:term":[{"taxonomy":"product_brand","embeddable":true,"href":"https:\/\/ecoshop.ee\/de\/wp-json\/wp\/v2\/product_brand?post=3788"},{"taxonomy":"product_cat","embeddable":true,"href":"https:\/\/ecoshop.ee\/de\/wp-json\/wp\/v2\/product_cat?post=3788"},{"taxonomy":"product_tag","embeddable":true,"href":"https:\/\/ecoshop.ee\/de\/wp-json\/wp\/v2\/product_tag?post=3788"}],"curies":[{"name":"wp","href":"https:\/\/api.w.org\/{rel}","templated":true}]}}