{"id":3923,"date":"2024-05-31T23:55:08","date_gmt":"2024-05-31T20:55:08","guid":{"rendered":"https:\/\/ecoshop.ee\/?post_type=product&#038;p=3923"},"modified":"2026-04-14T00:41:55","modified_gmt":"2026-04-13T21:41:55","slug":"200-wattestabchen-aus-bambus-und-bio-baumwolle","status":"publish","type":"product","link":"https:\/\/ecoshop.ee\/de\/hugieenitarbed\/bambuse-ja-orgaanilise-puuvillaga-vatitikud-200tk\/","title":{"rendered":"Wattest\u00e4bchen aus Bambus und Bio-Baumwolle, 200 St\u00fcck"},"content":{"rendered":"<p>Die aus umweltfreundlichem Bambus und Bio-Baumwolle hergestellten Wattest\u00e4bchen von Jungle Culture sind die beste umweltfreundliche Alternative zu Wattest\u00e4bchen aus Kunststoff. Wir verwenden robusten, dicken und langlebigen Bambus, damit die Wattest\u00e4bchen nicht brechen.<\/p>\n<p>Unsere Bio-Wattest\u00e4bchen sind in einer runden, abfallfreien Papierbox verpackt. Einfach den Deckel abnehmen und die umweltfreundlichen Wattest\u00e4bchen im Badezimmer aufbewahren \u2013 so sind sie immer einsatzbereit!<\/p>\n<p>Bambus-Baumwollpads haben eine saugf\u00e4hige Oberfl\u00e4che und eignen sich auch zum Entfernen von Augen-Make-up an schwer erreichbaren Stellen, wie zum Beispiel in den Augenwinkeln.<\/p>","protected":false},"excerpt":{"rendered":"<p>Valmistatud keskkonnas\u00f5bralikust bambusest ja orgaanilisest puuvillast, Jungle Culture&#8217;i vatitikud on parim \u00f6koloogiline alternatiiv plastikust k\u00f5rvatikkudele. Kasutame tugevat, paksu ja vastupidavat bambust, et&hellip;<\/p>","protected":false},"featured_media":3927,"comment_status":"open","ping_status":"closed","template":"","meta":{"wprm-recipe-roundup-name":"","wprm-recipe-roundup-description":""},"product_brand":[12064],"product_cat":[163,246],"product_tag":[172],"class_list":{"0":"post-3923","1":"product","2":"type-product","3":"status-publish","4":"has-post-thumbnail","6":"product_brand-jungle-culture","7":"product_cat-kodutarbed","8":"product_cat-hugieenitarbed","9":"product_tag-vatitikud","11":"first","12":"instock","13":"taxable","14":"shipping-taxable","15":"purchasable","16":"product-type-simple"},"supplier_id":9133,"supplier_sku":"","barcode":null,"atum_controlled":true,"out_stock_date":null,"out_stock_threshold":null,"inheritable":false,"inbound_stock":0,"stock_on_hold":0,"sold_today":0,"sales_last_days":0,"reserved_stock":0,"customer_returns":0,"warehouse_damage":0,"lost_in_post":0,"other_logs":0,"out_stock_days":0,"lost_sales":0,"has_location":false,"update_date":"2026-04-13T21:41:56","atum_locations":[],"atum_stock_status":"instock","restock_status":false,"low_stock_amount":"","sales_update_date":"2026-03-07T01:16:04","calc_backorders":null,"aioseo_notices":[],"_links":{"self":[{"href":"https:\/\/ecoshop.ee\/de\/wp-json\/wp\/v2\/product\/3923","targetHints":{"allow":["GET"]}}],"collection":[{"href":"https:\/\/ecoshop.ee\/de\/wp-json\/wp\/v2\/product"}],"about":[{"href":"https:\/\/ecoshop.ee\/de\/wp-json\/wp\/v2\/types\/product"}],"replies":[{"embeddable":true,"href":"https:\/\/ecoshop.ee\/de\/wp-json\/wp\/v2\/comments?post=3923"}],"version-history":[{"count":0,"href":"https:\/\/ecoshop.ee\/de\/wp-json\/wp\/v2\/product\/3923\/revisions"}],"wp:featuredmedia":[{"embeddable":true,"href":"https:\/\/ecoshop.ee\/de\/wp-json\/wp\/v2\/media\/3927"}],"wp:attachment":[{"href":"https:\/\/ecoshop.ee\/de\/wp-json\/wp\/v2\/media?parent=3923"}],"wp:term":[{"taxonomy":"product_brand","embeddable":true,"href":"https:\/\/ecoshop.ee\/de\/wp-json\/wp\/v2\/product_brand?post=3923"},{"taxonomy":"product_cat","embeddable":true,"href":"https:\/\/ecoshop.ee\/de\/wp-json\/wp\/v2\/product_cat?post=3923"},{"taxonomy":"product_tag","embeddable":true,"href":"https:\/\/ecoshop.ee\/de\/wp-json\/wp\/v2\/product_tag?post=3923"}],"curies":[{"name":"wp","href":"https:\/\/api.w.org\/{rel}","templated":true}]}}