{"id":3933,"date":"2024-06-01T01:08:34","date_gmt":"2024-05-31T22:08:34","guid":{"rendered":"https:\/\/ecoshop.ee\/?post_type=product&#038;p=3933"},"modified":"2026-04-14T00:41:50","modified_gmt":"2026-04-13T21:41:50","slug":"wiederverwendbares-reinigungstuch-aus-bio-baumwolle","status":"publish","type":"product","link":"https:\/\/ecoshop.ee\/de\/noud-ja-koogitarbed\/orgaanilisest-puuvillast-taaskasutatav-puhastuslapp\/","title":{"rendered":"wiederverwendbares Reinigungstuch aus Bio-Baumwolle"},"content":{"rendered":"<p style=\"text-align: left;\"><span class=\"jCAhz JxVs2d ChMk0b\"><span class=\"ryNqvb\">Die Bio-Reinigungst\u00fccher f\u00fcr K\u00fcche und Bad von Jungle Culture werden aus zertifizierter Bio-Baumwolle und nat\u00fcrlichem Sisal hergestellt. <\/span><\/span><span class=\"jCAhz JxVs2d ChMk0b\"><span class=\"ryNqvb\">Verwenden Sie die weiche Baumwollseite unserer T\u00fccher f\u00fcr eine schonende Reinigung oder die Sisalseite f\u00fcr hartn\u00e4ckigere Flecken.<\/span><\/span><\/p>\n<p style=\"text-align: left;\"><span class=\"jCAhz JxVs2d ChMk0b\"><span class=\"ryNqvb\">Unsere T\u00fccher sind mit einer Baumwollschlaufe versehen und k\u00f6nnen so einfach an Wandhaken oder K\u00fcchenschr\u00e4nken aufgeh\u00e4ngt werden. <\/span><\/span><span class=\"jCAhz JxVs2d ChMk0b\"><span class=\"ryNqvb\">Wir haben unsere umweltfreundlichen Reinigungst\u00fccher sogar mit einer Tasche ausgestattet.<\/span><\/span> <span class=\"jCAhz JxVs2d ChMk0b\"><span class=\"ryNqvb\">Legen Sie ein St\u00fcck Seife hinein und verwenden Sie dieses Mehrzwecktuch als K\u00f6rperpeeling! <\/span><\/span><span class=\"jCAhz JxVs2d ChMk0b\"><span class=\"ryNqvb\">Verpackt in einer einfachen, recycelbaren Kraftpapierh\u00fclle.<\/span><\/span> <span class=\"jCAhz JxVs2d ChMk0b\"><span class=\"ryNqvb\">Dieses Mehrzweck-Reinigungstuch ist umweltfreundlich, nachhaltig und ethisch hergestellt.<\/span><\/span><\/p>","protected":false},"excerpt":{"rendered":"<p>Jungle Culture&#8217;i orgaaniliste k\u00f6\u00f6gi- ja vannitoapuhastuslappide valik on valmistatud sertifitseeritud orgaanilisest puuvillast ja looduslikust sisalist. Kasutage meie lappide pehmet puuvillast poolt \u00f5rnaks&hellip;<\/p>","protected":false},"featured_media":3934,"comment_status":"open","ping_status":"closed","template":"","meta":{"wprm-recipe-roundup-name":"","wprm-recipe-roundup-description":""},"product_brand":[12064],"product_cat":[163,247],"product_tag":[173],"class_list":{"0":"post-3933","1":"product","2":"type-product","3":"status-publish","4":"has-post-thumbnail","6":"product_brand-jungle-culture","7":"product_cat-kodutarbed","8":"product_cat-noud-ja-koogitarbed","9":"product_tag-ratik","11":"first","12":"instock","13":"taxable","14":"shipping-taxable","15":"purchasable","16":"product-type-variable"},"supplier_id":null,"supplier_sku":"","barcode":null,"atum_controlled":true,"out_stock_date":null,"out_stock_threshold":null,"inheritable":true,"inbound_stock":0,"stock_on_hold":0,"sold_today":0,"sales_last_days":0,"reserved_stock":0,"customer_returns":0,"warehouse_damage":0,"lost_in_post":0,"other_logs":0,"out_stock_days":0,"lost_sales":0,"has_location":false,"update_date":"2026-04-13T21:41:51","atum_locations":[],"atum_stock_status":"instock","restock_status":false,"low_stock_amount":"","sales_update_date":"2026-03-07T01:16:10","calc_backorders":null,"aioseo_notices":[],"_links":{"self":[{"href":"https:\/\/ecoshop.ee\/de\/wp-json\/wp\/v2\/product\/3933","targetHints":{"allow":["GET"]}}],"collection":[{"href":"https:\/\/ecoshop.ee\/de\/wp-json\/wp\/v2\/product"}],"about":[{"href":"https:\/\/ecoshop.ee\/de\/wp-json\/wp\/v2\/types\/product"}],"replies":[{"embeddable":true,"href":"https:\/\/ecoshop.ee\/de\/wp-json\/wp\/v2\/comments?post=3933"}],"version-history":[{"count":0,"href":"https:\/\/ecoshop.ee\/de\/wp-json\/wp\/v2\/product\/3933\/revisions"}],"wp:featuredmedia":[{"embeddable":true,"href":"https:\/\/ecoshop.ee\/de\/wp-json\/wp\/v2\/media\/3934"}],"wp:attachment":[{"href":"https:\/\/ecoshop.ee\/de\/wp-json\/wp\/v2\/media?parent=3933"}],"wp:term":[{"taxonomy":"product_brand","embeddable":true,"href":"https:\/\/ecoshop.ee\/de\/wp-json\/wp\/v2\/product_brand?post=3933"},{"taxonomy":"product_cat","embeddable":true,"href":"https:\/\/ecoshop.ee\/de\/wp-json\/wp\/v2\/product_cat?post=3933"},{"taxonomy":"product_tag","embeddable":true,"href":"https:\/\/ecoshop.ee\/de\/wp-json\/wp\/v2\/product_tag?post=3933"}],"curies":[{"name":"wp","href":"https:\/\/api.w.org\/{rel}","templated":true}]}}