{"id":395119,"date":"2026-04-15T16:10:37","date_gmt":"2026-04-15T13:10:37","guid":{"rendered":"https:\/\/ecoshop.ee\/maaratlemata\/dekbedovertrek-cuddle-pink-premium\/"},"modified":"2026-05-13T01:22:02","modified_gmt":"2026-05-12T22:22:02","slug":"bambusdecke-zum-kuscheln-rosa-premium","status":"publish","type":"product","link":"https:\/\/ecoshop.ee\/de\/bambusest-tekikotid\/bambusest-tekikott-cuddle-pink-premium\/","title":{"rendered":"Bambus-Deckentasche \u2013 Kuschelrosa \u2013 Premium"},"content":{"rendered":"<p>Ein Bettbezug aus Bambus sorgt f\u00fcr mehr Schlafkomfort und ein stilvolles Schlafzimmer. Der Premium-Bettbezug 100% aus Bio-Bambusfaser ist ultraweich, seidig und atmungsaktiv \u2013 temperaturregulierend, von Natur aus hypoallergen und wird mit jedem Waschen noch weicher. Die ideale Wahl f\u00fcr alle, die leicht schwitzen oder frieren, empfindliche Haut haben oder unter Allergien leiden.<\/p>\n<ul>\n<li>Temperaturregulierend \u2013 Bambusfasern passen sich der K\u00f6rpertemperatur an, k\u00fchlen im Sommer und w\u00e4rmen im Winter.<\/li>\n<li>400TC Premium-Gewebe \u2013 entspricht 1200TC Baumwolle, Weichheit vom ersten Moment an sp\u00fcrbar.<\/li>\n<li>Dreimal feuchtigkeitsableitender als Baumwolle \u2013 ideal f\u00fcr alle, die nachts schwitzen.<\/li>\n<li>OEKO-TEX\u00ae-, Ecocert- und Bio 100-zertifiziert<\/li>\n<li>Hypoallergen und antibakteriell \u2013 geeignet f\u00fcr empfindliche Haut und Allergiker<\/li>\n<li>Mit jedem Waschen weicher \u2013 Bambusfasern werden durch Gebrauch und Waschen immer weicher.<\/li>\n<li>Waschbar bei 30 \u00b0C \u2013 wirtschaftlich und materialschonend<\/li>\n<li>Handgefertigt \u2013 h\u00f6chste Qualit\u00e4t bis ins kleinste Detail<\/li>\n<\/ul>\n<p><strong>Farbe: Kuschelrosa<\/strong><br \/>Cuddle Pink ist ein sanfter, warmer Rosaton \u2013 kein Babyrosa, sondern ein dezentes, warmes Rosa, das im Schlafzimmer eine behagliche und einladende Atmosph\u00e4re schafft. Es harmoniert perfekt mit Wei\u00df, Creme, Gold und Naturholz.<\/p>\n<p><strong>Schlie\u00dfen<\/strong><br \/>Der Bettbezug ist mit Bambuskn\u00f6pfen versehen \u2013 stilvoll, langlebig und nachhaltig. Die Kn\u00f6pfe halten die Bettdecke sicher an ihrem Platz, selbst bei unruhigem Schlaf. Am unteren Rand des Bettbezugs befindet sich zudem ein ca. 40 cm langer Einschubstreifen, mit dem Sie den Bezug unter die Matratze schieben k\u00f6nnen, sodass die Bettdecke immer an Ort und Stelle bleibt.<\/p>\n<p><strong>Wartung<\/strong><br \/>Bei 30 \u00b0C mit einem Feinwaschmittel waschen, ohne Weichsp\u00fcler oder Bleichmittel. An der Luft trocknen oder im Schonwaschgang im Trockner trocknen.<\/p>\n<p><strong>Was Kunden, die das Produkt gekauft haben, denken:<\/strong><br \/>\u201cCuddle Pink ist genau der zarte Rosaton, den ich gesucht habe \u2013 nicht zu grell und nicht zu intensiv. Perfekt!\u201d<br \/>\u201cDas Material ist superweich und die Farbe entspricht genau dem Foto. Ich bin sehr zufrieden mit dem Kauf.\u201d<\/p>","protected":false},"excerpt":{"rendered":"<p>Bambusest tekikott muudab iga \u00f6\u00f6 mugavamaks ja magamistoa stiilsemaks. 100% orgaanilisest bambuskiust Premium tekikate on \u00fclipehme, siidja tekstuuriga ja hingav \u2014 temperatuuri&hellip;<\/p>","protected":false},"featured_media":395113,"comment_status":"open","ping_status":"closed","template":"","meta":{"wprm-recipe-roundup-name":"","wprm-recipe-roundup-description":""},"product_brand":[],"product_cat":[12069],"product_tag":[12073,12104],"class_list":{"0":"post-395119","1":"product","2":"type-product","3":"status-publish","4":"has-post-thumbnail","6":"product_cat-bambusest-tekikotid","7":"product_tag-boomba-bamboo","8":"product_tag-dekbedovertrekken","9":"pa_brand-boomba-bamboo","11":"first","12":"instock","13":"taxable","14":"shipping-taxable","15":"purchasable","16":"product-type-variable"},"supplier_id":null,"supplier_sku":"","barcode":null,"atum_controlled":false,"out_stock_date":null,"out_stock_threshold":null,"inheritable":false,"inbound_stock":null,"stock_on_hold":null,"sold_today":null,"sales_last_days":null,"reserved_stock":null,"customer_returns":null,"warehouse_damage":null,"lost_in_post":null,"other_logs":null,"out_stock_days":null,"lost_sales":null,"has_location":null,"update_date":"2026-04-15T13:56:21","atum_locations":[],"atum_stock_status":"instock","restock_status":false,"low_stock_amount":"","sales_update_date":null,"calc_backorders":null,"aioseo_notices":[],"_links":{"self":[{"href":"https:\/\/ecoshop.ee\/de\/wp-json\/wp\/v2\/product\/395119","targetHints":{"allow":["GET"]}}],"collection":[{"href":"https:\/\/ecoshop.ee\/de\/wp-json\/wp\/v2\/product"}],"about":[{"href":"https:\/\/ecoshop.ee\/de\/wp-json\/wp\/v2\/types\/product"}],"replies":[{"embeddable":true,"href":"https:\/\/ecoshop.ee\/de\/wp-json\/wp\/v2\/comments?post=395119"}],"version-history":[{"count":1,"href":"https:\/\/ecoshop.ee\/de\/wp-json\/wp\/v2\/product\/395119\/revisions"}],"predecessor-version":[{"id":395614,"href":"https:\/\/ecoshop.ee\/de\/wp-json\/wp\/v2\/product\/395119\/revisions\/395614"}],"wp:featuredmedia":[{"embeddable":true,"href":"https:\/\/ecoshop.ee\/de\/wp-json\/wp\/v2\/media\/395113"}],"wp:attachment":[{"href":"https:\/\/ecoshop.ee\/de\/wp-json\/wp\/v2\/media?parent=395119"}],"wp:term":[{"taxonomy":"product_brand","embeddable":true,"href":"https:\/\/ecoshop.ee\/de\/wp-json\/wp\/v2\/product_brand?post=395119"},{"taxonomy":"product_cat","embeddable":true,"href":"https:\/\/ecoshop.ee\/de\/wp-json\/wp\/v2\/product_cat?post=395119"},{"taxonomy":"product_tag","embeddable":true,"href":"https:\/\/ecoshop.ee\/de\/wp-json\/wp\/v2\/product_tag?post=395119"}],"curies":[{"name":"wp","href":"https:\/\/api.w.org\/{rel}","templated":true}]}}