{"id":395180,"date":"2026-04-15T16:14:37","date_gmt":"2026-04-15T13:14:37","guid":{"rendered":"https:\/\/ecoshop.ee\/maaratlemata\/dekbedovertrek-creme-premium\/"},"modified":"2026-05-13T01:21:55","modified_gmt":"2026-05-12T22:21:55","slug":"bambus-deckentasche-creme-premium","status":"publish","type":"product","link":"https:\/\/ecoshop.ee\/de\/bambusest-tekikotid\/bambusest-tekikott-creme-premium\/","title":{"rendered":"Deckentasche aus Bambus \u2013 Cr\u00e9me \u2013 Premium"},"content":{"rendered":"<p>Ein Bettbezug aus Bambus sorgt f\u00fcr mehr Schlafkomfort und ein stilvolles Schlafzimmer. Der Premium-Bettbezug 100% aus Bio-Bambusfaser ist ultraweich, seidig und atmungsaktiv \u2013 temperaturregulierend, von Natur aus hypoallergen und wird mit jedem Waschen noch weicher. Die ideale Wahl f\u00fcr alle, die leicht schwitzen oder frieren, empfindliche Haut haben oder unter Allergien leiden.<\/p>\n<ul>\n<li>Temperaturregulierend \u2013 Bambusfasern passen sich der K\u00f6rpertemperatur an, k\u00fchlen im Sommer und w\u00e4rmen im Winter.<\/li>\n<li>400TC Premium-Gewebe \u2013 entspricht 1200TC Baumwolle, Weichheit vom ersten Moment an sp\u00fcrbar.<\/li>\n<li>Dreimal feuchtigkeitsableitender als Baumwolle \u2013 ideal f\u00fcr alle, die nachts schwitzen.<\/li>\n<li>OEKO-TEX\u00ae-, Ecocert- und Bio 100-zertifiziert<\/li>\n<li>Hypoallergen und antibakteriell \u2013 geeignet f\u00fcr empfindliche Haut und Allergiker<\/li>\n<li>Mit jedem Waschen weicher \u2013 Bambusfasern werden durch Gebrauch und Waschen immer weicher.<\/li>\n<li>Waschbar bei 30 \u00b0C \u2013 wirtschaftlich und materialschonend<\/li>\n<li>Handgefertigt \u2013 h\u00f6chste Qualit\u00e4t bis ins kleinste Detail<\/li>\n<\/ul>\n<p><strong>Farbe: Creme<\/strong><br \/>Cr\u00e8me ist ein warmer, sanfter Cremeton \u2013 eine klassische und zeitlose Wahl f\u00fcr jedes Schlafzimmer. Dieses warme Cremewei\u00df verleiht dem Raum Eleganz und Behaglichkeit und harmoniert mit allen Farben und Stilen.<\/p>\n<p><strong>Schlie\u00dfen<\/strong><br \/>Der Bettbezug ist mit Bambuskn\u00f6pfen versehen \u2013 stilvoll, langlebig und nachhaltig. Die Kn\u00f6pfe halten die Bettdecke sicher an ihrem Platz, selbst bei unruhigem Schlaf. Am unteren Rand des Bettbezugs befindet sich zudem ein ca. 40 cm langer Einschubstreifen, mit dem Sie den Bezug unter die Matratze schieben k\u00f6nnen, sodass die Bettdecke immer an Ort und Stelle bleibt.<\/p>\n<p><strong>Wartung<\/strong><br \/>Bei 30 \u00b0C mit einem Feinwaschmittel waschen, ohne Weichsp\u00fcler oder Bleichmittel. An der Luft trocknen oder im Schonwaschgang im Trockner trocknen.<\/p>\n<p><strong>Was Kunden, die das Produkt gekauft haben, denken:<\/strong><br \/>\u201cCr\u00e8me ist der perfekte klassische Farbton \u2013 warm und elegant. Das Material ist unglaublich weich und die Qualit\u00e4t hervorragend.\u201d<br \/>\u201cEine zeitlose Wahl, die in jedes Schlafzimmer passt. Ich bin sehr zufrieden mit der Weichheit des Materials und der Farbbest\u00e4ndigkeit.\u201d<\/p>","protected":false},"excerpt":{"rendered":"<p>Bambusest tekikott muudab iga \u00f6\u00f6 mugavamaks ja magamistoa stiilsemaks. 100% orgaanilisest bambuskiust Premium tekikate on \u00fclipehme, siidja tekstuuriga ja hingav \u2014 temperatuuri&hellip;<\/p>","protected":false},"featured_media":395176,"comment_status":"open","ping_status":"closed","template":"","meta":{"wprm-recipe-roundup-name":"","wprm-recipe-roundup-description":""},"product_brand":[],"product_cat":[12069],"product_tag":[12073,12104],"class_list":{"0":"post-395180","1":"product","2":"type-product","3":"status-publish","4":"has-post-thumbnail","6":"product_cat-bambusest-tekikotid","7":"product_tag-boomba-bamboo","8":"product_tag-dekbedovertrekken","9":"pa_brand-boomba-bamboo","11":"first","12":"instock","13":"taxable","14":"shipping-taxable","15":"purchasable","16":"product-type-variable"},"supplier_id":null,"supplier_sku":"","barcode":null,"atum_controlled":false,"out_stock_date":null,"out_stock_threshold":null,"inheritable":false,"inbound_stock":null,"stock_on_hold":null,"sold_today":null,"sales_last_days":null,"reserved_stock":null,"customer_returns":null,"warehouse_damage":null,"lost_in_post":null,"other_logs":null,"out_stock_days":null,"lost_sales":null,"has_location":null,"update_date":"2026-04-15T13:56:08","atum_locations":[],"atum_stock_status":"instock","restock_status":false,"low_stock_amount":"","sales_update_date":null,"calc_backorders":null,"aioseo_notices":[],"_links":{"self":[{"href":"https:\/\/ecoshop.ee\/de\/wp-json\/wp\/v2\/product\/395180","targetHints":{"allow":["GET"]}}],"collection":[{"href":"https:\/\/ecoshop.ee\/de\/wp-json\/wp\/v2\/product"}],"about":[{"href":"https:\/\/ecoshop.ee\/de\/wp-json\/wp\/v2\/types\/product"}],"replies":[{"embeddable":true,"href":"https:\/\/ecoshop.ee\/de\/wp-json\/wp\/v2\/comments?post=395180"}],"version-history":[{"count":2,"href":"https:\/\/ecoshop.ee\/de\/wp-json\/wp\/v2\/product\/395180\/revisions"}],"predecessor-version":[{"id":395682,"href":"https:\/\/ecoshop.ee\/de\/wp-json\/wp\/v2\/product\/395180\/revisions\/395682"}],"wp:featuredmedia":[{"embeddable":true,"href":"https:\/\/ecoshop.ee\/de\/wp-json\/wp\/v2\/media\/395176"}],"wp:attachment":[{"href":"https:\/\/ecoshop.ee\/de\/wp-json\/wp\/v2\/media?parent=395180"}],"wp:term":[{"taxonomy":"product_brand","embeddable":true,"href":"https:\/\/ecoshop.ee\/de\/wp-json\/wp\/v2\/product_brand?post=395180"},{"taxonomy":"product_cat","embeddable":true,"href":"https:\/\/ecoshop.ee\/de\/wp-json\/wp\/v2\/product_cat?post=395180"},{"taxonomy":"product_tag","embeddable":true,"href":"https:\/\/ecoshop.ee\/de\/wp-json\/wp\/v2\/product_tag?post=395180"}],"curies":[{"name":"wp","href":"https:\/\/api.w.org\/{rel}","templated":true}]}}