{"id":395362,"date":"2026-04-15T16:25:11","date_gmt":"2026-04-15T13:25:11","guid":{"rendered":"https:\/\/ecoshop.ee\/maaratlemata\/hoeslaken-topdekmatras-sky-blue-premium\/"},"modified":"2026-05-13T05:55:17","modified_gmt":"2026-05-13T02:55:17","slug":"premium-qualitat-matratzenauflage-aus-bambus-bettlaken-in-himmelblau","status":"publish","type":"product","link":"https:\/\/ecoshop.ee\/de\/bambusest-voodilinad\/bambusest-kattemadratsi-voodilina-sky-blue-premium\/","title":{"rendered":"Matratzenauflage aus Bambus \u2013 Himmelblau \u2013 Premium"},"content":{"rendered":"<p>Das Bambus-Matratzentopper-Spannbettlaken wurde speziell f\u00fcr die Verwendung mit Matratzentoppern entwickelt und garantiert eine perfekte Passform, selbst bei dickeren Matratzen. Das Premium-Spannbettlaken 100% aus Bio-Bambusfasern ist ultraweich, seidig und atmungsaktiv \u2013 von Natur aus hypoallergen und leitet Feuchtigkeit dreimal besser ab als Baumwolle. Eine ideale Wahl f\u00fcr alle, die nachts leicht schwitzen oder frieren, empfindliche Haut haben oder unter Allergien leiden.<\/p>\n<ul>\n<li>Speziell f\u00fcr Matratzenauflagen \u2013 bis zu 10 cm dick, passt perfekt<\/li>\n<li>Temperaturregulierend \u2013 Bambusfasern passen sich der K\u00f6rpertemperatur an, k\u00fchlen im Sommer und w\u00e4rmen im Winter.<\/li>\n<li>400TC Premium-Gewebe \u2013 entspricht 1200TC Baumwolle, Weichheit vom ersten Moment an sp\u00fcrbar.<\/li>\n<li>Rundum elastisch \u2013 schmiegt sich eng an den Matratzentopper an und verrutscht nachts nicht.<\/li>\n<li>Feuchtigkeitsableitend \u2013 Bambus ist atmungsaktiv und leitet Feuchtigkeit dreimal schneller ab als Baumwolle.<\/li>\n<li>OEKO-TEX\u00ae-, Ecocert- und Bio 100-zertifiziert<\/li>\n<li>Hypoallergen und antibakteriell \u2013 geeignet f\u00fcr empfindliche Haut und Allergiker<\/li>\n<li>Waschbar bei 30 \u00b0C \u2013 wirtschaftlich und materialschonend<\/li>\n<\/ul>\n<p><strong>Farbe: Himmelblau<\/strong><br \/>Himmelblau ist ein helles, klares Himmelblau, das an einen klaren Morgenhimmel nach Sonnenaufgang erinnert \u2013 ruhig, rein und einladend. Dieser helle Blauton l\u00e4sst R\u00e4ume gr\u00f6\u00dfer und luftiger wirken. Er harmoniert perfekt mit wei\u00dfen W\u00e4nden, Naturholz und grauen Akzenten.<\/p>\n<p><strong>Installation<\/strong><br \/>Ein rundum elastischer Saum mit tiefen Ecken h\u00e4lt das Laken fest um die Matratzenauflage. Die Tiefe betr\u00e4gt bis zu 10 cm \u2013 speziell ausgelegt auf die Dicke der Matratzenauflage, nicht auf die Gesamtdicke von Matratze und Auflage.<\/p>\n<p><strong>Wartung<\/strong><br \/>Bei 30 \u00b0C mit einem Feinwaschmittel waschen, ohne Weichsp\u00fcler oder Bleichmittel. An der Luft trocknen oder im Schonwaschgang im Trockner trocknen.<\/p>\n<p><strong>Was Kunden, die das Produkt gekauft haben, denken:<\/strong><br \/>\u201cDie Farbe ist in Wirklichkeit noch sch\u00f6ner als auf dem Foto. Die Ruhe, Frische und Sanftheit wirken einfach feminin.\u201d<br \/>\u201cPerfekt f\u00fcr alle, die nachts leicht schwitzen. Sky Blue ist atmungsaktiv und die Farbe passt perfekt in unser Schlafzimmer.\u201d<\/p>","protected":false},"excerpt":{"rendered":"<p>Bambusest kattemadratsi voodilina on spetsiaalselt loodud kattemadratsi (topper) kasutajatele, tagades t\u00e4iusliku istuvuse ka suurema paksusega madratsikombinatsioonile. 100% orgaanilisest bambuskiust Premium voodilina on&hellip;<\/p>","protected":false},"featured_media":395357,"comment_status":"open","ping_status":"closed","template":"","meta":{"wprm-recipe-roundup-name":"","wprm-recipe-roundup-description":""},"product_brand":[],"product_cat":[12070],"product_tag":[12073,12074],"class_list":{"0":"post-395362","1":"product","2":"type-product","3":"status-publish","4":"has-post-thumbnail","6":"product_cat-bambusest-voodilinad","7":"product_tag-boomba-bamboo","8":"product_tag-hoeslakens","9":"pa_brand-boomba-bamboo","11":"first","12":"instock","13":"taxable","14":"shipping-taxable","15":"purchasable","16":"product-type-variable"},"supplier_id":null,"supplier_sku":"","barcode":null,"atum_controlled":false,"out_stock_date":null,"out_stock_threshold":null,"inheritable":false,"inbound_stock":null,"stock_on_hold":null,"sold_today":null,"sales_last_days":null,"reserved_stock":null,"customer_returns":null,"warehouse_damage":null,"lost_in_post":null,"other_logs":null,"out_stock_days":null,"lost_sales":null,"has_location":null,"update_date":"2026-04-15T13:59:09","atum_locations":[],"atum_stock_status":"instock","restock_status":false,"low_stock_amount":"","sales_update_date":null,"calc_backorders":null,"aioseo_notices":[],"_links":{"self":[{"href":"https:\/\/ecoshop.ee\/de\/wp-json\/wp\/v2\/product\/395362","targetHints":{"allow":["GET"]}}],"collection":[{"href":"https:\/\/ecoshop.ee\/de\/wp-json\/wp\/v2\/product"}],"about":[{"href":"https:\/\/ecoshop.ee\/de\/wp-json\/wp\/v2\/types\/product"}],"replies":[{"embeddable":true,"href":"https:\/\/ecoshop.ee\/de\/wp-json\/wp\/v2\/comments?post=395362"}],"version-history":[{"count":1,"href":"https:\/\/ecoshop.ee\/de\/wp-json\/wp\/v2\/product\/395362\/revisions"}],"predecessor-version":[{"id":395632,"href":"https:\/\/ecoshop.ee\/de\/wp-json\/wp\/v2\/product\/395362\/revisions\/395632"}],"wp:featuredmedia":[{"embeddable":true,"href":"https:\/\/ecoshop.ee\/de\/wp-json\/wp\/v2\/media\/395357"}],"wp:attachment":[{"href":"https:\/\/ecoshop.ee\/de\/wp-json\/wp\/v2\/media?parent=395362"}],"wp:term":[{"taxonomy":"product_brand","embeddable":true,"href":"https:\/\/ecoshop.ee\/de\/wp-json\/wp\/v2\/product_brand?post=395362"},{"taxonomy":"product_cat","embeddable":true,"href":"https:\/\/ecoshop.ee\/de\/wp-json\/wp\/v2\/product_cat?post=395362"},{"taxonomy":"product_tag","embeddable":true,"href":"https:\/\/ecoshop.ee\/de\/wp-json\/wp\/v2\/product_tag?post=395362"}],"curies":[{"name":"wp","href":"https:\/\/api.w.org\/{rel}","templated":true}]}}