{"id":395474,"date":"2026-04-15T16:43:36","date_gmt":"2026-04-15T13:43:36","guid":{"rendered":"https:\/\/ecoshop.ee\/maaratlemata\/winterdekbed-premium-2\/"},"modified":"2026-05-13T05:55:02","modified_gmt":"2026-05-13T02:55:02","slug":"bambusest-talvetekk-premium-2","status":"publish","type":"product","link":"https:\/\/ecoshop.ee\/de\/bambusest-tekid\/bambusest-talvetekk-premium-2\/","title":{"rendered":"Winterdecke aus Bambus \u2013 Premium"},"content":{"rendered":"<p>Diese Winterdecke aus Bambus spendet nat\u00fcrliche W\u00e4rme und Komfort in kalten N\u00e4chten, ohne dass man \u00fcberhitzt. Hergestellt aus Bio-Bambus (100%) \u2013 sowohl Bezug als auch F\u00fcllung \u2013 ist diese Decke superweich, atmungsaktiv und temperaturregulierend. Die F\u00fclldichte von 400 g\/m\u00b2 sorgt f\u00fcr optimale W\u00e4rme im Winter, w\u00e4hrend die nat\u00fcrlichen Luftkan\u00e4le in den Bambusfasern Sie die ganze Nacht \u00fcber trocken und komfortabel halten.<\/p>\n<ul>\n<li>Warm und isolierend \u2013 400 g\/m\u00b2 F\u00fcllung f\u00fcr optimale Winterw\u00e4rme<\/li>\n<li>Atmungsaktiv \u2013 Bambus h\u00e4lt warm, ohne dass man schwitzt.<\/li>\n<li>Bezug und F\u00fcllung aus 100% Bio-Bambus \u2013 reine Naturqualit\u00e4t innen und au\u00dfen<\/li>\n<li>Hypoallergen \u2013 nat\u00fcrlich milbenabweisend, ideal f\u00fcr Allergiker und empfindliche Haut<\/li>\n<li>Eckb\u00e4nder \u2013 befestigen den Bettbezug mit Kn\u00f6pfen, sodass die Bettdecke nachts nicht verrutscht.<\/li>\n<li>Waschbar bei 30\u00b0C, lufttrocknen<\/li>\n<li>Handgefertigt \u2013 h\u00f6chste Qualit\u00e4t bis ins kleinste Detail<\/li>\n<li>OEKO-TEX\u00ae-, Ecocert- und Bio 100-zertifiziert<\/li>\n<\/ul>\n<p><strong>Bezug und F\u00fcllung \u2013 vollst\u00e4ndig aus Bambus<\/strong><br \/>Bei den meisten Decken ist nur die F\u00fcllung etwas Besonderes. Unsere Bambus-Winterdecke hat zus\u00e4tzlich einen Bezug aus 100% Bio-Bambus. Das bedeutet, dass sowohl das Material, das Sie f\u00fchlen, als auch die w\u00e4rmende F\u00fcllung von gleichbleibend hoher Qualit\u00e4t sind \u2013 keine Synthetik, keine Baumwolle, nur reiner Bambus innen und au\u00dfen.<\/p>\n<p><strong>Befestigungsriemen<\/strong><br \/>Die Decke hat B\u00e4nder an den vier Ecken und in der Mitte. Damit l\u00e4sst sie sich einfach an den Kn\u00f6pfen des Bettbezugs befestigen, sodass sie im Schlaf nicht verrutscht.<\/p>\n<p><strong>Wartung<\/strong><br \/>Bei 30 \u00b0C mit einem Feinwaschmittel waschen, ohne Weichsp\u00fcler oder Bleichmittel. Lufttrocknen.<\/p>\n<p><strong>Was Kunden, die das Produkt gekauft haben, denken:<\/strong><br \/>\u201cEine tolle, warme Decke, in der man nicht schwitzt. Genau das, was ich gesucht habe \u2013 warm genug f\u00fcr den Winter, aber trotzdem atmungsaktiv.\u201d<br \/>\u201cEndlich eine Decke, die uns beiden gef\u00e4llt. Mein Mann friert, ich schlafe warm \u2013 diese Decke ist perfekt f\u00fcr uns beide.\u201d<\/p>","protected":false},"excerpt":{"rendered":"<p>Bambusest talvetekk pakub looduslikku soojust ja mugavust k\u00fclmadel \u00f6\u00f6del ilma \u00fclekuumenemiseta. 100% orgaanilisest bambusest \u2014 nii kate kui t\u00e4idis \u2014 on see&hellip;<\/p>","protected":false},"featured_media":395473,"comment_status":"open","ping_status":"closed","template":"","meta":{"wprm-recipe-roundup-name":"","wprm-recipe-roundup-description":""},"product_brand":[],"product_cat":[12068],"product_tag":[12073,12141],"class_list":{"0":"post-395474","1":"product","2":"type-product","3":"status-publish","4":"has-post-thumbnail","6":"product_cat-bambusest-tekid","7":"product_tag-boomba-bamboo","8":"product_tag-dekbedden","9":"pa_brand-boomba-bamboo","11":"first","12":"instock","13":"taxable","14":"shipping-taxable","15":"purchasable","16":"product-type-variable"},"supplier_id":null,"supplier_sku":"","barcode":null,"atum_controlled":false,"out_stock_date":null,"out_stock_threshold":null,"inheritable":false,"inbound_stock":null,"stock_on_hold":null,"sold_today":null,"sales_last_days":null,"reserved_stock":null,"customer_returns":null,"warehouse_damage":null,"lost_in_post":null,"other_logs":null,"out_stock_days":null,"lost_sales":null,"has_location":null,"update_date":"2026-04-15T14:03:05","atum_locations":[],"atum_stock_status":"instock","restock_status":false,"low_stock_amount":"","sales_update_date":null,"calc_backorders":null,"aioseo_notices":[],"_links":{"self":[{"href":"https:\/\/ecoshop.ee\/de\/wp-json\/wp\/v2\/product\/395474","targetHints":{"allow":["GET"]}}],"collection":[{"href":"https:\/\/ecoshop.ee\/de\/wp-json\/wp\/v2\/product"}],"about":[{"href":"https:\/\/ecoshop.ee\/de\/wp-json\/wp\/v2\/types\/product"}],"replies":[{"embeddable":true,"href":"https:\/\/ecoshop.ee\/de\/wp-json\/wp\/v2\/comments?post=395474"}],"version-history":[{"count":1,"href":"https:\/\/ecoshop.ee\/de\/wp-json\/wp\/v2\/product\/395474\/revisions"}],"predecessor-version":[{"id":395647,"href":"https:\/\/ecoshop.ee\/de\/wp-json\/wp\/v2\/product\/395474\/revisions\/395647"}],"wp:featuredmedia":[{"embeddable":true,"href":"https:\/\/ecoshop.ee\/de\/wp-json\/wp\/v2\/media\/395473"}],"wp:attachment":[{"href":"https:\/\/ecoshop.ee\/de\/wp-json\/wp\/v2\/media?parent=395474"}],"wp:term":[{"taxonomy":"product_brand","embeddable":true,"href":"https:\/\/ecoshop.ee\/de\/wp-json\/wp\/v2\/product_brand?post=395474"},{"taxonomy":"product_cat","embeddable":true,"href":"https:\/\/ecoshop.ee\/de\/wp-json\/wp\/v2\/product_cat?post=395474"},{"taxonomy":"product_tag","embeddable":true,"href":"https:\/\/ecoshop.ee\/de\/wp-json\/wp\/v2\/product_tag?post=395474"}],"curies":[{"name":"wp","href":"https:\/\/api.w.org\/{rel}","templated":true}]}}