{"id":395488,"date":"2026-04-15T16:44:22","date_gmt":"2026-04-15T13:44:22","guid":{"rendered":"https:\/\/ecoshop.ee\/maaratlemata\/zomerdekbed-premium-2\/"},"modified":"2026-05-15T15:15:35","modified_gmt":"2026-05-15T12:15:35","slug":"premium-sommerdecke-aus-bambus-grose-2","status":"publish","type":"product","link":"https:\/\/ecoshop.ee\/de\/bambusest-tekid\/bambusest-suvetekk-premium-2\/","title":{"rendered":"Sommerdecke aus Bambus \u2013 Premium"},"content":{"rendered":"<p>Eine Sommerdecke aus Bambus ist die ideale Wahl f\u00fcr alle, die sich auch an warmen Sommern\u00e4chten wohlf\u00fchlen m\u00f6chten. Die leichte Sommerdecke 100% besteht aus Bio-Bambus \u2013 sowohl der Bezug als auch die F\u00fcllung \u2013 und ist besonders atmungsaktiv, feuchtigkeitsableitend und k\u00fchlend. Die nat\u00fcrlichen Luftkan\u00e4le in den Bambusfasern sorgen f\u00fcr eine st\u00e4ndige Luftzirkulation und halten Sie selbst an schw\u00fclen Sommertagen trocken und frisch.<\/p>\n<ul>\n<li>Leicht und atmungsaktiv \u2013 perfekt f\u00fcr warme Sommertage<\/li>\n<li>K\u00fchlender Effekt \u2013 Bambusfasern leiten Feuchtigkeit ab und sorgen f\u00fcr ein frisches Gef\u00fchl.<\/li>\n<li>Bezug und F\u00fcllung aus 100% Bio-Bambus \u2013 reine Naturqualit\u00e4t innen und au\u00dfen<\/li>\n<li>Hypoallergen \u2013 nat\u00fcrlich milbenabweisend, ideal f\u00fcr Allergiker und empfindliche Haut<\/li>\n<li>Eckb\u00e4nder \u2013 befestigen den Bettbezug mit Kn\u00f6pfen, sodass die Bettdecke nachts nicht verrutscht.<\/li>\n<li>Waschbar bei 30\u00b0C, lufttrocknen<\/li>\n<li>Handgefertigt \u2013 h\u00f6chste Qualit\u00e4t bis ins kleinste Detail<\/li>\n<li>OEKO-TEX\u00ae-, Ecocert- und Bio 100-zertifiziert<\/li>\n<\/ul>\n<p><strong>Bezug und F\u00fcllung \u2013 vollst\u00e4ndig aus Bambus<\/strong><br \/>Bei den meisten Decken ist nur die F\u00fcllung etwas Besonderes. Unsere Bambus-Sommerdecke hat zus\u00e4tzlich einen Bezug aus 100% Bio-Bambus. Das bedeutet, dass sowohl das Material, das Sie f\u00fchlen, als auch die k\u00fchlende F\u00fcllung von gleichbleibend hoher Qualit\u00e4t sind \u2013 keine Synthetik, keine Baumwolle, nur reiner Bambus innen und au\u00dfen.<\/p>\n<p><strong>Befestigungsriemen<\/strong><br \/>Die Decke hat B\u00e4nder an den vier Ecken und in der Mitte. Damit l\u00e4sst sie sich einfach an den Kn\u00f6pfen des Bettbezugs befestigen, sodass sie im Schlaf nicht verrutscht.<\/p>\n<p><strong>Wartung<\/strong><br \/>Bei 30 \u00b0C mit einem Feinwaschmittel waschen, ohne Weichsp\u00fcler oder Bleichmittel. Lufttrocknen.<\/p>\n<p><strong>Was Kunden, die das Produkt gekauft haben, denken:<\/strong><br \/>\u201cEine gro\u00dfartige Sommerdecke \u2013 leicht, atmungsaktiv und k\u00fchlend. Nie wieder Schwitzen in warmen Sommern\u00e4chten.\u201d<br \/>\u201cEndlich eine Sommerdecke, die tats\u00e4chlich funktioniert. Bambus ist ein unglaublich atmungsaktives Material.\u201d<\/p>","protected":false},"excerpt":{"rendered":"<p>Bambusest suvetekk on looduslik valik neile, kes soovivad tunda end mugavalt ka soojadel suve\u00f6\u00f6del. 100% orgaanilisest bambusest \u2014 nii kate kui t\u00e4idis&hellip;<\/p>","protected":false},"featured_media":395485,"comment_status":"open","ping_status":"closed","template":"","meta":{"wprm-recipe-roundup-name":"","wprm-recipe-roundup-description":""},"product_brand":[],"product_cat":[12068],"product_tag":[12073,12141],"class_list":{"0":"post-395488","1":"product","2":"type-product","3":"status-publish","4":"has-post-thumbnail","6":"product_cat-bambusest-tekid","7":"product_tag-boomba-bamboo","8":"product_tag-dekbedden","9":"pa_brand-boomba-bamboo","11":"first","12":"instock","13":"taxable","14":"shipping-taxable","15":"purchasable","16":"product-type-variable"},"supplier_id":null,"supplier_sku":"","barcode":null,"atum_controlled":false,"out_stock_date":null,"out_stock_threshold":null,"inheritable":false,"inbound_stock":null,"stock_on_hold":null,"sold_today":null,"sales_last_days":null,"reserved_stock":null,"customer_returns":null,"warehouse_damage":null,"lost_in_post":null,"other_logs":null,"out_stock_days":null,"lost_sales":null,"has_location":null,"update_date":"2026-04-15T14:03:19","atum_locations":[],"atum_stock_status":"instock","restock_status":false,"low_stock_amount":"","sales_update_date":null,"calc_backorders":null,"aioseo_notices":[],"_links":{"self":[{"href":"https:\/\/ecoshop.ee\/de\/wp-json\/wp\/v2\/product\/395488","targetHints":{"allow":["GET"]}}],"collection":[{"href":"https:\/\/ecoshop.ee\/de\/wp-json\/wp\/v2\/product"}],"about":[{"href":"https:\/\/ecoshop.ee\/de\/wp-json\/wp\/v2\/types\/product"}],"replies":[{"embeddable":true,"href":"https:\/\/ecoshop.ee\/de\/wp-json\/wp\/v2\/comments?post=395488"}],"version-history":[{"count":1,"href":"https:\/\/ecoshop.ee\/de\/wp-json\/wp\/v2\/product\/395488\/revisions"}],"predecessor-version":[{"id":395649,"href":"https:\/\/ecoshop.ee\/de\/wp-json\/wp\/v2\/product\/395488\/revisions\/395649"}],"wp:featuredmedia":[{"embeddable":true,"href":"https:\/\/ecoshop.ee\/de\/wp-json\/wp\/v2\/media\/395485"}],"wp:attachment":[{"href":"https:\/\/ecoshop.ee\/de\/wp-json\/wp\/v2\/media?parent=395488"}],"wp:term":[{"taxonomy":"product_brand","embeddable":true,"href":"https:\/\/ecoshop.ee\/de\/wp-json\/wp\/v2\/product_brand?post=395488"},{"taxonomy":"product_cat","embeddable":true,"href":"https:\/\/ecoshop.ee\/de\/wp-json\/wp\/v2\/product_cat?post=395488"},{"taxonomy":"product_tag","embeddable":true,"href":"https:\/\/ecoshop.ee\/de\/wp-json\/wp\/v2\/product_tag?post=395488"}],"curies":[{"name":"wp","href":"https:\/\/api.w.org\/{rel}","templated":true}]}}