{"id":395496,"date":"2026-04-15T16:44:52","date_gmt":"2026-04-15T13:44:52","guid":{"rendered":"https:\/\/ecoshop.ee\/maaratlemata\/hoofdkussen-wit-premium\/"},"modified":"2026-05-13T05:55:10","modified_gmt":"2026-05-13T02:55:10","slug":"bambuskissen-weis-premium","status":"publish","type":"product","link":"https:\/\/ecoshop.ee\/de\/bambusest-padjad\/bambusest-padi-valge-premium\/","title":{"rendered":"Bambuskissen \u2013 Wei\u00df \u2013 Premium"},"content":{"rendered":"<p>Ein Bambuskissen bietet au\u00dfergew\u00f6hnlichen Schlafkomfort ab der ersten Nacht. Der Bezug aus Bio-Bambusfasern (100%) umh\u00fcllt das Kissen mit einer ultraweichen, seidigen Oberfl\u00e4che, die atmungsaktiv, feuchtigkeitsableitend und von Natur aus hypoallergen ist. Bambus leitet Feuchtigkeit ab und sorgt daf\u00fcr, dass das Kissen l\u00e4nger frisch und angenehm duftet \u2013 besonders vorteilhaft f\u00fcr alle, die nachts stark schwitzen.<\/p>\n<ul>\n<li>Bezug aus ultraweicher Bambusfaser \u2013 seidig und sanft zur Haut<\/li>\n<li>Temperaturregulierend \u2013 nat\u00fcrliche Luftkan\u00e4le aus Bambus gew\u00e4hrleisten eine konstante Luftzirkulation.<\/li>\n<li>Feuchtigkeitsableitend \u2013 h\u00e4lt das Kissen frisch und angenehm duftend<\/li>\n<li>Hypoallergen und antistatisch \u2013 geeignet f\u00fcr Menschen mit Allergien, Asthma und empfindlicher Haut<\/li>\n<li>Mittlerer H\u00e4rtegrad \u2013 geeignet f\u00fcr verschiedene Schlafpositionen<\/li>\n<li>OEKO-TEX\u00ae-, Ecocert- und Bio 100-zertifiziert<\/li>\n<li>Maschinenwaschbar \u2013 ohne Qualit\u00e4tsverlust<\/li>\n<\/ul>\n<p><strong>Gr\u00f6\u00dfe:<\/strong><br \/>\n50 x 75 cm (1,6 kg)<\/p>\n<p><strong>Farbe: Wei\u00df<\/strong><br \/>\nWei\u00df ist eine klassische und klare Wahl, die in jedes Schlafzimmer passt. Der reine Wei\u00dfton verleiht einem Raum Frische, Sauberkeit und Weite und harmoniert mit allen Farben und Einrichtungsstilen.<\/p>\n<p><strong>Wartung<\/strong><br \/>\nBei niedriger Temperatur mit einem milden Waschmittel waschen. An der Luft trocknen lassen oder im Schonwaschgang im W\u00e4schetrockner trocknen.<\/p>\n<p><strong>Was Kunden, die das Produkt gekauft haben, denken:<\/strong><br \/>\n\u201cReines wei\u00dfes Leinen, das sich unglaublich weich anf\u00fchlt. Die Qualit\u00e4t ist viel besser als erwartet.\u201d<br \/>\n\u201cKlassische wei\u00dfe Bettw\u00e4sche, die perfekt in unser Schlafzimmer passt. Das Material ist seidenweich.\u201d<\/p>","protected":false},"excerpt":{"rendered":"<p>Bambusest padi pakub erakordset unemugavust, mis algab juba esimesel \u00f6\u00f6l. 100% orgaanilisest bambuskiust kate \u00fcmbritseb padi \u00fclipehme, siidja kattega mis on hingav,&hellip;<\/p>","protected":false},"featured_media":395495,"comment_status":"open","ping_status":"closed","template":"","meta":{"wprm-recipe-roundup-name":"","wprm-recipe-roundup-description":""},"product_brand":[],"product_cat":[12071],"product_tag":[12073,12182],"class_list":{"0":"post-395496","1":"product","2":"type-product","3":"status-publish","4":"has-post-thumbnail","6":"product_cat-bambusest-padjad","7":"product_tag-boomba-bamboo","8":"product_tag-hoofdkussens","9":"pa_brand-boomba-bamboo","11":"first","12":"instock","13":"taxable","14":"shipping-taxable","15":"purchasable","16":"product-type-simple"},"supplier_id":null,"supplier_sku":"","barcode":null,"atum_controlled":false,"out_stock_date":null,"out_stock_threshold":null,"inheritable":false,"inbound_stock":null,"stock_on_hold":null,"sold_today":null,"sales_last_days":null,"reserved_stock":null,"customer_returns":null,"warehouse_damage":null,"lost_in_post":null,"other_logs":null,"out_stock_days":null,"lost_sales":null,"has_location":false,"update_date":"2026-05-13T02:55:11","atum_locations":[],"atum_stock_status":"instock","restock_status":false,"low_stock_amount":"","sales_update_date":null,"calc_backorders":null,"aioseo_notices":[],"_links":{"self":[{"href":"https:\/\/ecoshop.ee\/de\/wp-json\/wp\/v2\/product\/395496","targetHints":{"allow":["GET"]}}],"collection":[{"href":"https:\/\/ecoshop.ee\/de\/wp-json\/wp\/v2\/product"}],"about":[{"href":"https:\/\/ecoshop.ee\/de\/wp-json\/wp\/v2\/types\/product"}],"replies":[{"embeddable":true,"href":"https:\/\/ecoshop.ee\/de\/wp-json\/wp\/v2\/comments?post=395496"}],"version-history":[{"count":3,"href":"https:\/\/ecoshop.ee\/de\/wp-json\/wp\/v2\/product\/395496\/revisions"}],"predecessor-version":[{"id":395652,"href":"https:\/\/ecoshop.ee\/de\/wp-json\/wp\/v2\/product\/395496\/revisions\/395652"}],"wp:featuredmedia":[{"embeddable":true,"href":"https:\/\/ecoshop.ee\/de\/wp-json\/wp\/v2\/media\/395495"}],"wp:attachment":[{"href":"https:\/\/ecoshop.ee\/de\/wp-json\/wp\/v2\/media?parent=395496"}],"wp:term":[{"taxonomy":"product_brand","embeddable":true,"href":"https:\/\/ecoshop.ee\/de\/wp-json\/wp\/v2\/product_brand?post=395496"},{"taxonomy":"product_cat","embeddable":true,"href":"https:\/\/ecoshop.ee\/de\/wp-json\/wp\/v2\/product_cat?post=395496"},{"taxonomy":"product_tag","embeddable":true,"href":"https:\/\/ecoshop.ee\/de\/wp-json\/wp\/v2\/product_tag?post=395496"}],"curies":[{"name":"wp","href":"https:\/\/api.w.org\/{rel}","templated":true}]}}