{"id":395503,"date":"2026-04-15T16:45:04","date_gmt":"2026-04-15T13:45:04","guid":{"rendered":"https:\/\/ecoshop.ee\/maaratlemata\/kussenslopen-creme-premium\/"},"modified":"2026-05-13T05:56:27","modified_gmt":"2026-05-13T02:56:27","slug":"bambus-kissenbezuge-cremefarben-premium","status":"publish","type":"product","link":"https:\/\/ecoshop.ee\/de\/bambusest-padjapuurid\/bambusest-padjapyyrid-creme-premium\/","title":{"rendered":"Bambus-Kissenbez\u00fcge \u2013 Creme \u2013 Premium"},"content":{"rendered":"<p>Ein Kissenbezug aus Bambus ist das Erste, was Sie jeden Abend auf Ihrer Haut sp\u00fcren \u2013 und Sie werden den Unterschied sofort bemerken. Der Premium-Kissenbezug 100% aus Bio-Bambusfaser ist ultraweich, seidig und atmungsaktiv \u2013 von Natur aus hypoallergen, feuchtigkeitsableitend und besonders sanft zu Haut und Haar. Die ideale Wahl f\u00fcr empfindliche Haut, lockiges Haar und Allergiker.<\/p>\n<ul>\n<li>Seidig weich auf Haut und Haar \u2013 reduziert Reibung und Haarsch\u00e4den<\/li>\n<li>Das Set enth\u00e4lt zwei Kissenbez\u00fcge, verpackt in einer umweltfreundlichen, biologisch abbaubaren Verpackung.<\/li>\n<li>Temperaturregulierend \u2013 Bambusfasern passen sich der K\u00f6rpertemperatur an, k\u00fchlen im Sommer und w\u00e4rmen im Winter.<\/li>\n<li>400TC Premium-Gewebe \u2013 entspricht 1200TC Baumwolle, Weichheit vom ersten Moment an sp\u00fcrbar.<\/li>\n<li>Feuchtigkeitsableitend \u2013 Bambus ist atmungsaktiv und h\u00e4lt den Kissenbezug l\u00e4nger frisch und angenehm duftend.<\/li>\n<li>OEKO-TEX\u00ae-, Ecocert- und Bio 100-zertifiziert<\/li>\n<li>Hypoallergen und antibakteriell \u2013 geeignet f\u00fcr empfindliche Haut, Allergiker und Asthmatiker<\/li>\n<li>Mit jedem Waschen weicher \u2013 Bambusfasern werden durch Gebrauch und Waschen immer weicher.<\/li>\n<li>Waschbar bei 30 \u00b0C \u2013 wirtschaftlich und materialschonend<\/li>\n<\/ul>\n<p><strong>Farbe: Creme<\/strong><br \/>\nCr\u00e8me ist ein warmer, sanfter Cremeton \u2013 eine klassische und zeitlose Wahl f\u00fcr jedes Schlafzimmer. Dieses warme Cremewei\u00df verleiht dem Raum Eleganz und Behaglichkeit und harmoniert mit allen Farben und Stilen.<\/p>\n<p><strong>Schlie\u00dfen<\/strong><br \/>\nDie Kissenbez\u00fcge haben einen Hotelverschluss \u2013 eine \u00fcberlappende \u00d6ffnung auf der R\u00fcckseite, die das Kissen ohne Kn\u00f6pfe oder Rei\u00dfverschl\u00fcsse sicher an seinem Platz h\u00e4lt. Sie lassen sich schnell auf- und abziehen und das Kissen bleibt die ganze Nacht \u00fcber sicher an seinem Platz.<\/p>\n<p><strong>Wartung<\/strong><br \/>\nBei 30 \u00b0C mit einem Feinwaschmittel waschen, ohne Weichsp\u00fcler oder Bleichmittel. An der Luft trocknen oder im Schonwaschgang im Trockner trocknen.<\/p>\n<p><strong>Was Kunden, die das Produkt gekauft haben, denken:<\/strong><br \/>\n\u201cCr\u00e8me ist der perfekte klassische Farbton \u2013 warm und elegant. Das Material ist unglaublich weich und die Qualit\u00e4t hervorragend.\u201d<br \/>\n\u201cEine zeitlose Wahl, die in jedes Schlafzimmer passt. Ich bin sehr zufrieden mit der Weichheit des Materials und der Farbbest\u00e4ndigkeit.\u201d<\/p>","protected":false},"excerpt":{"rendered":"<p>Bambusest padjap\u00fc\u00fcr on esimene asi, mida iga \u00f6\u00f6 oma nahal tunned \u2014 ja vahe on kohe tunda. 100% orgaanilisest bambuskiust Premium padjap\u00fc\u00fcr&hellip;<\/p>","protected":false},"featured_media":395497,"comment_status":"open","ping_status":"closed","template":"","meta":{"wprm-recipe-roundup-name":"","wprm-recipe-roundup-description":""},"product_brand":[],"product_cat":[12072],"product_tag":[12073,12165],"class_list":{"0":"post-395503","1":"product","2":"type-product","3":"status-publish","4":"has-post-thumbnail","6":"product_cat-bambusest-padjapuurid","7":"product_tag-boomba-bamboo","8":"product_tag-kussenslopen","9":"pa_brand-boomba-bamboo","11":"first","12":"instock","13":"taxable","14":"shipping-taxable","15":"purchasable","16":"product-type-variable"},"supplier_id":null,"supplier_sku":"","barcode":null,"atum_controlled":true,"out_stock_date":null,"out_stock_threshold":null,"inheritable":true,"inbound_stock":null,"stock_on_hold":null,"sold_today":null,"sales_last_days":null,"reserved_stock":null,"customer_returns":null,"warehouse_damage":null,"lost_in_post":null,"other_logs":null,"out_stock_days":null,"lost_sales":null,"has_location":false,"update_date":"2026-04-15T21:00:05","atum_locations":[],"atum_stock_status":"instock","restock_status":false,"low_stock_amount":"","sales_update_date":null,"calc_backorders":null,"aioseo_notices":[],"_links":{"self":[{"href":"https:\/\/ecoshop.ee\/de\/wp-json\/wp\/v2\/product\/395503","targetHints":{"allow":["GET"]}}],"collection":[{"href":"https:\/\/ecoshop.ee\/de\/wp-json\/wp\/v2\/product"}],"about":[{"href":"https:\/\/ecoshop.ee\/de\/wp-json\/wp\/v2\/types\/product"}],"replies":[{"embeddable":true,"href":"https:\/\/ecoshop.ee\/de\/wp-json\/wp\/v2\/comments?post=395503"}],"version-history":[{"count":2,"href":"https:\/\/ecoshop.ee\/de\/wp-json\/wp\/v2\/product\/395503\/revisions"}],"predecessor-version":[{"id":395675,"href":"https:\/\/ecoshop.ee\/de\/wp-json\/wp\/v2\/product\/395503\/revisions\/395675"}],"wp:featuredmedia":[{"embeddable":true,"href":"https:\/\/ecoshop.ee\/de\/wp-json\/wp\/v2\/media\/395497"}],"wp:attachment":[{"href":"https:\/\/ecoshop.ee\/de\/wp-json\/wp\/v2\/media?parent=395503"}],"wp:term":[{"taxonomy":"product_brand","embeddable":true,"href":"https:\/\/ecoshop.ee\/de\/wp-json\/wp\/v2\/product_brand?post=395503"},{"taxonomy":"product_cat","embeddable":true,"href":"https:\/\/ecoshop.ee\/de\/wp-json\/wp\/v2\/product_cat?post=395503"},{"taxonomy":"product_tag","embeddable":true,"href":"https:\/\/ecoshop.ee\/de\/wp-json\/wp\/v2\/product_tag?post=395503"}],"curies":[{"name":"wp","href":"https:\/\/api.w.org\/{rel}","templated":true}]}}