{"id":395514,"date":"2026-04-15T16:45:42","date_gmt":"2026-04-15T13:45:42","guid":{"rendered":"https:\/\/ecoshop.ee\/maaratlemata\/laken-wit-premium\/"},"modified":"2026-05-13T05:56:30","modified_gmt":"2026-05-13T02:56:30","slug":"bambus-bettlaken-weis-premium","status":"publish","type":"product","link":"https:\/\/ecoshop.ee\/de\/bambusest-voodilinad\/bambusest-voodilina-valge-premium\/","title":{"rendered":"Bambus-Bettlaken \u2013 Wei\u00df \u2013 Premium"},"content":{"rendered":"<p>Bettw\u00e4sche aus Bambus ist die ideale Wahl f\u00fcr alle, die Wert auf einen sauberen, komfortablen und nachhaltigen Schlaf legen. Das Premium-Bettlaken 100% aus Bio-Bambusfasern ist ultraweich, seidig und atmungsaktiv \u2013 von Natur aus antibakteriell, feuchtigkeitsableitend und wird mit jedem Waschen noch weicher. Eine perfekte Wahl f\u00fcr alle, die nachts leicht schwitzen oder frieren, empfindliche Haut haben oder unter Allergien leiden.<\/p>\n<ul>\n<li>Temperaturregulierend \u2013 Bambusfasern passen sich der K\u00f6rpertemperatur an, k\u00fchlen im Sommer und w\u00e4rmen im Winter.<\/li>\n<li>400TC Premium-Gewebe \u2013 entspricht 1200TC Baumwolle, Weichheit vom ersten Moment an sp\u00fcrbar.<\/li>\n<li>Feuchtigkeitsableitend \u2013 Bambus ist atmungsaktiv und leitet Feuchtigkeit dreimal schneller ab als Baumwolle.<\/li>\n<li>OEKO-TEX\u00ae-, Ecocert- und Bio 100-zertifiziert<\/li>\n<li>Hypoallergen und antibakteriell \u2013 geeignet f\u00fcr empfindliche Haut und Allergiker<\/li>\n<li>Mit jedem Waschen weicher \u2013 Bambusfasern werden durch Gebrauch und Waschen immer weicher.<\/li>\n<li>Waschbar bei 30 \u00b0C \u2013 wirtschaftlich und materialschonend<\/li>\n<\/ul>\n<p><strong>Farbe: Wei\u00df<\/strong><br \/>Wei\u00df ist eine klassische und klare Wahl, die in jedes Schlafzimmer passt. Der reine Wei\u00dfton verleiht einem Raum Frische, Sauberkeit und Weite und harmoniert mit allen Farben und Einrichtungsstilen.<\/p>\n<p><strong>Wartung<\/strong><br \/>Bei 30 \u00b0C mit einem Feinwaschmittel waschen, ohne Weichsp\u00fcler oder Bleichmittel. An der Luft trocknen oder im Schonwaschgang im Trockner trocknen.<\/p>\n<p><strong>Was Kunden, die das Produkt gekauft haben, denken:<\/strong><br \/>\u201cReines wei\u00dfes Leinen, das sich unglaublich weich anf\u00fchlt. Die Qualit\u00e4t ist viel besser als erwartet.\u201d<br \/>\u201cKlassische wei\u00dfe Bettw\u00e4sche, die perfekt in unser Schlafzimmer passt. Das Material ist seidenweich.\u201d<\/p>","protected":false},"excerpt":{"rendered":"<p>Bambusest voodilina on looduslik valik neile, kes soovivad magada puhtalt, mugavalt ja j\u00e4tkusuutlikult. 100% orgaanilisest bambuskiust Premium voodilina on \u00fclipehme, siidja tekstuuriga&hellip;<\/p>","protected":false},"featured_media":395509,"comment_status":"open","ping_status":"closed","template":"","meta":{"wprm-recipe-roundup-name":"","wprm-recipe-roundup-description":""},"product_brand":[],"product_cat":[12070],"product_tag":[12073,12141],"class_list":{"0":"post-395514","1":"product","2":"type-product","3":"status-publish","4":"has-post-thumbnail","6":"product_cat-bambusest-voodilinad","7":"product_tag-boomba-bamboo","8":"product_tag-dekbedden","9":"pa_brand-boomba-bamboo","11":"first","12":"instock","13":"taxable","14":"shipping-taxable","15":"purchasable","16":"product-type-variable"},"supplier_id":null,"supplier_sku":"","barcode":null,"atum_controlled":false,"out_stock_date":null,"out_stock_threshold":null,"inheritable":false,"inbound_stock":null,"stock_on_hold":null,"sold_today":null,"sales_last_days":null,"reserved_stock":null,"customer_returns":null,"warehouse_damage":null,"lost_in_post":null,"other_logs":null,"out_stock_days":null,"lost_sales":null,"has_location":null,"update_date":"2026-04-15T13:58:51","atum_locations":[],"atum_stock_status":"instock","restock_status":false,"low_stock_amount":"","sales_update_date":null,"calc_backorders":null,"aioseo_notices":[],"_links":{"self":[{"href":"https:\/\/ecoshop.ee\/de\/wp-json\/wp\/v2\/product\/395514","targetHints":{"allow":["GET"]}}],"collection":[{"href":"https:\/\/ecoshop.ee\/de\/wp-json\/wp\/v2\/product"}],"about":[{"href":"https:\/\/ecoshop.ee\/de\/wp-json\/wp\/v2\/types\/product"}],"replies":[{"embeddable":true,"href":"https:\/\/ecoshop.ee\/de\/wp-json\/wp\/v2\/comments?post=395514"}],"version-history":[{"count":1,"href":"https:\/\/ecoshop.ee\/de\/wp-json\/wp\/v2\/product\/395514\/revisions"}],"predecessor-version":[{"id":395627,"href":"https:\/\/ecoshop.ee\/de\/wp-json\/wp\/v2\/product\/395514\/revisions\/395627"}],"wp:featuredmedia":[{"embeddable":true,"href":"https:\/\/ecoshop.ee\/de\/wp-json\/wp\/v2\/media\/395509"}],"wp:attachment":[{"href":"https:\/\/ecoshop.ee\/de\/wp-json\/wp\/v2\/media?parent=395514"}],"wp:term":[{"taxonomy":"product_brand","embeddable":true,"href":"https:\/\/ecoshop.ee\/de\/wp-json\/wp\/v2\/product_brand?post=395514"},{"taxonomy":"product_cat","embeddable":true,"href":"https:\/\/ecoshop.ee\/de\/wp-json\/wp\/v2\/product_cat?post=395514"},{"taxonomy":"product_tag","embeddable":true,"href":"https:\/\/ecoshop.ee\/de\/wp-json\/wp\/v2\/product_tag?post=395514"}],"curies":[{"name":"wp","href":"https:\/\/api.w.org\/{rel}","templated":true}]}}