{"id":395564,"date":"2026-04-15T16:48:43","date_gmt":"2026-04-15T13:48:43","guid":{"rendered":"https:\/\/ecoshop.ee\/maaratlemata\/dekbedovertrek-coffee-brown-premium\/"},"modified":"2026-05-13T05:56:34","modified_gmt":"2026-05-13T02:56:34","slug":"bambus-deckentasche-kaffeebraun-premium","status":"publish","type":"product","link":"https:\/\/ecoshop.ee\/de\/bambusest-tekikotid\/bambusest-tekikott-coffee-brown-premium\/","title":{"rendered":"Bambus-Deckentasche \u2013 Kaffeebraun \u2013 Premium"},"content":{"rendered":"<p>Ein Bettbezug aus Bambus sorgt f\u00fcr mehr Schlafkomfort und ein stilvolles Schlafzimmer. Der Premium-Bettbezug 100% aus Bio-Bambusfaser ist ultraweich, seidig und atmungsaktiv \u2013 temperaturregulierend, von Natur aus hypoallergen und wird mit jedem Waschen noch weicher. Die ideale Wahl f\u00fcr alle, die leicht schwitzen oder frieren, empfindliche Haut haben oder unter Allergien leiden.<\/p>\n<ul>\n<li>Temperaturregulierend \u2013 Bambusfasern passen sich der K\u00f6rpertemperatur an, k\u00fchlen im Sommer und w\u00e4rmen im Winter.<\/li>\n<li>400TC Premium-Gewebe \u2013 entspricht 1200TC Baumwolle, Weichheit vom ersten Moment an sp\u00fcrbar.<\/li>\n<li>Dreimal feuchtigkeitsableitender als Baumwolle \u2013 ideal f\u00fcr alle, die nachts schwitzen.<\/li>\n<li>OEKO-TEX\u00ae-, Ecocert- und Bio 100-zertifiziert<\/li>\n<li>Hypoallergen und antibakteriell \u2013 geeignet f\u00fcr empfindliche Haut und Allergiker<\/li>\n<li>Mit jedem Waschen weicher \u2013 Bambusfasern werden durch Gebrauch und Waschen immer weicher.<\/li>\n<li>Waschbar bei 30 \u00b0C \u2013 wirtschaftlich und materialschonend<\/li>\n<li>Handgefertigt \u2013 h\u00f6chste Qualit\u00e4t bis ins kleinste Detail<\/li>\n<\/ul>\n<p><strong>Farbe: Kaffeebraun<\/strong><br \/>Kaffeebraun ist ein warmer, satter Kaffeebraunton, der im Schlafzimmer eine gem\u00fctliche und geschmackvolle Atmosph\u00e4re schafft. Er harmoniert perfekt mit Naturholz, Creme und Beige und verleiht dem Raum ein warmes und elegantes Ambiente.<\/p>\n<p><strong>Schlie\u00dfen<\/strong><br \/>Der Bettbezug ist mit Bambuskn\u00f6pfen versehen \u2013 stilvoll, langlebig und nachhaltig. Die Kn\u00f6pfe halten die Bettdecke sicher an ihrem Platz, selbst bei unruhigem Schlaf. Am unteren Rand des Bettbezugs befindet sich zudem ein ca. 40 cm langer Einschubstreifen, mit dem Sie den Bezug unter die Matratze schieben k\u00f6nnen, sodass die Bettdecke immer an Ort und Stelle bleibt.<\/p>\n<p><strong>Wartung<\/strong><br \/>Bei 30 \u00b0C mit einem Feinwaschmittel waschen, ohne Weichsp\u00fcler oder Bleichmittel. An der Luft trocknen oder im Schonwaschgang im Trockner trocknen.<\/p>\n<p><strong>Was Kunden, die das Produkt gekauft haben, denken:<\/strong><br \/>\u201cKaffeebraun ist genau der warme Braunton, den ich gesucht habe. Das Material ist unglaublich weich und die Qualit\u00e4t ist hervorragend.\u201d<br \/>\u201cDie Farbe bleibt auch nach mehrmaligem Waschen sch\u00f6n. Ich bin sehr zufrieden mit dem Kauf.\u201d<\/p>","protected":false},"excerpt":{"rendered":"<p>Bambusest tekikott muudab iga \u00f6\u00f6 mugavamaks ja magamistoa stiilsemaks. 100% orgaanilisest bambuskiust Premium tekikate on \u00fclipehme, siidja tekstuuriga ja hingav \u2014 temperatuuri&hellip;<\/p>","protected":false},"featured_media":395559,"comment_status":"open","ping_status":"closed","template":"","meta":{"wprm-recipe-roundup-name":"","wprm-recipe-roundup-description":""},"product_brand":[],"product_cat":[12069],"product_tag":[12073,12104],"class_list":{"0":"post-395564","1":"product","2":"type-product","3":"status-publish","4":"has-post-thumbnail","6":"product_cat-bambusest-tekikotid","7":"product_tag-boomba-bamboo","8":"product_tag-dekbedovertrekken","9":"pa_brand-boomba-bamboo","11":"first","12":"instock","13":"taxable","14":"shipping-taxable","15":"purchasable","16":"product-type-variable"},"supplier_id":null,"supplier_sku":"","barcode":null,"atum_controlled":false,"out_stock_date":null,"out_stock_threshold":null,"inheritable":false,"inbound_stock":null,"stock_on_hold":null,"sold_today":null,"sales_last_days":null,"reserved_stock":null,"customer_returns":null,"warehouse_damage":null,"lost_in_post":null,"other_logs":null,"out_stock_days":null,"lost_sales":null,"has_location":null,"update_date":"2026-04-15T13:55:19","atum_locations":[],"atum_stock_status":"instock","restock_status":false,"low_stock_amount":"","sales_update_date":null,"calc_backorders":null,"aioseo_notices":[],"_links":{"self":[{"href":"https:\/\/ecoshop.ee\/de\/wp-json\/wp\/v2\/product\/395564","targetHints":{"allow":["GET"]}}],"collection":[{"href":"https:\/\/ecoshop.ee\/de\/wp-json\/wp\/v2\/product"}],"about":[{"href":"https:\/\/ecoshop.ee\/de\/wp-json\/wp\/v2\/types\/product"}],"replies":[{"embeddable":true,"href":"https:\/\/ecoshop.ee\/de\/wp-json\/wp\/v2\/comments?post=395564"}],"version-history":[{"count":1,"href":"https:\/\/ecoshop.ee\/de\/wp-json\/wp\/v2\/product\/395564\/revisions"}],"predecessor-version":[{"id":395607,"href":"https:\/\/ecoshop.ee\/de\/wp-json\/wp\/v2\/product\/395564\/revisions\/395607"}],"wp:featuredmedia":[{"embeddable":true,"href":"https:\/\/ecoshop.ee\/de\/wp-json\/wp\/v2\/media\/395559"}],"wp:attachment":[{"href":"https:\/\/ecoshop.ee\/de\/wp-json\/wp\/v2\/media?parent=395564"}],"wp:term":[{"taxonomy":"product_brand","embeddable":true,"href":"https:\/\/ecoshop.ee\/de\/wp-json\/wp\/v2\/product_brand?post=395564"},{"taxonomy":"product_cat","embeddable":true,"href":"https:\/\/ecoshop.ee\/de\/wp-json\/wp\/v2\/product_cat?post=395564"},{"taxonomy":"product_tag","embeddable":true,"href":"https:\/\/ecoshop.ee\/de\/wp-json\/wp\/v2\/product_tag?post=395564"}],"curies":[{"name":"wp","href":"https:\/\/api.w.org\/{rel}","templated":true}]}}