{"id":4253,"date":"2024-06-11T01:36:04","date_gmt":"2024-06-10T22:36:04","guid":{"rendered":"https:\/\/ecoshop.ee\/?post_type=product&#038;p=4253"},"modified":"2026-04-14T00:41:45","modified_gmt":"2026-04-13T21:41:45","slug":"wiederverwendbare-edelstahl-wasserflasche-650-ml","status":"publish","type":"product","link":"https:\/\/ecoshop.ee\/de\/korduvkasutus\/roostevabast-terasest-korduvkasutatav-veepudel-650ml\/","title":{"rendered":"Wiederverwendbare Edelstahl-Wasserflasche, 650 ml"},"content":{"rendered":"<p>Die wiederverwendbare Metall-Wasserflasche von Jungle Culture ist vakuumisoliert und doppelwandig und h\u00e4lt Fl\u00fcssigkeiten 24 Stunden lang kalt und 12 Stunden lang hei\u00df!<\/p>\n<p>Wir verwenden Edelstahl in Profiqualit\u00e4t, wodurch die Flaschen langlebig, rostfrei und auslaufsicher sind.<\/p>\n<p>Unsere hochwertigen Materialien nehmen den Geschmack von Getr\u00e4nken nicht an, und die matte Oberfl\u00e4che verhindert Kondensation und sorgt f\u00fcr einen angenehmen Griff. Alle unsere plastikfreien Metall-Trinkflaschen verf\u00fcgen \u00fcber einen luftdichten Deckel, der Auslaufen und Versch\u00fctten verhindert.<\/p>\n<ul>\n<li><strong>Nachhaltig und abfallfrei<\/strong>Verpackt in recycelten Kraftpapierkartons und umh\u00fcllt mit Recyclingpapier.<\/li>\n<li><strong>Doppelwandiger, isolierter Edelstahl<\/strong>H\u00e4lt Hei\u00dfgetr\u00e4nke hei\u00df und Kaltgetr\u00e4nke kalt und sch\u00fctzt so Ihre H\u00e4nde vor Verbrennungen. Deckel mit Silikondichtung.<\/li>\n<li><strong>F\u00fcr Reisen konzipiert<\/strong>: Leichtes und robustes Design, das in die Seitentaschen der meisten Rucks\u00e4cke passt.<\/li>\n<li><strong>Kapazit\u00e4t und Abmessungen<\/strong>: 650 ml, H\u00f6he 30,5 cm, Gewicht 500 g.<\/li>\n<\/ul>","protected":false},"excerpt":{"rendered":"<p>Jungle Culture metallist korduvkasutatav veepudel on vaakumisolatsiooniga ja topelt seinaga, hoides vedelikud k\u00fclmana 24 tundi ja kuumana 12 tundi! Kasutame professionaalse kvaliteediga&hellip;<\/p>","protected":false},"featured_media":4254,"comment_status":"open","ping_status":"closed","template":"","meta":{"wprm-recipe-roundup-name":"","wprm-recipe-roundup-description":""},"product_brand":[12064],"product_cat":[163,248],"product_tag":[203],"class_list":{"0":"post-4253","1":"product","2":"type-product","3":"status-publish","4":"has-post-thumbnail","6":"product_brand-jungle-culture","7":"product_cat-kodutarbed","8":"product_cat-korduvkasutus","9":"product_tag-pudel","11":"first","12":"instock","13":"taxable","14":"shipping-taxable","15":"purchasable","16":"product-type-variable"},"supplier_id":null,"supplier_sku":"","barcode":null,"atum_controlled":true,"out_stock_date":null,"out_stock_threshold":null,"inheritable":true,"inbound_stock":0,"stock_on_hold":0,"sold_today":0,"sales_last_days":0,"reserved_stock":0,"customer_returns":0,"warehouse_damage":0,"lost_in_post":0,"other_logs":0,"out_stock_days":0,"lost_sales":0,"has_location":false,"update_date":"2026-04-13T21:41:46","atum_locations":[],"atum_stock_status":"instock","restock_status":false,"low_stock_amount":"","sales_update_date":"2026-03-07T01:16:08","calc_backorders":null,"aioseo_notices":[],"_links":{"self":[{"href":"https:\/\/ecoshop.ee\/de\/wp-json\/wp\/v2\/product\/4253","targetHints":{"allow":["GET"]}}],"collection":[{"href":"https:\/\/ecoshop.ee\/de\/wp-json\/wp\/v2\/product"}],"about":[{"href":"https:\/\/ecoshop.ee\/de\/wp-json\/wp\/v2\/types\/product"}],"replies":[{"embeddable":true,"href":"https:\/\/ecoshop.ee\/de\/wp-json\/wp\/v2\/comments?post=4253"}],"version-history":[{"count":0,"href":"https:\/\/ecoshop.ee\/de\/wp-json\/wp\/v2\/product\/4253\/revisions"}],"wp:featuredmedia":[{"embeddable":true,"href":"https:\/\/ecoshop.ee\/de\/wp-json\/wp\/v2\/media\/4254"}],"wp:attachment":[{"href":"https:\/\/ecoshop.ee\/de\/wp-json\/wp\/v2\/media?parent=4253"}],"wp:term":[{"taxonomy":"product_brand","embeddable":true,"href":"https:\/\/ecoshop.ee\/de\/wp-json\/wp\/v2\/product_brand?post=4253"},{"taxonomy":"product_cat","embeddable":true,"href":"https:\/\/ecoshop.ee\/de\/wp-json\/wp\/v2\/product_cat?post=4253"},{"taxonomy":"product_tag","embeddable":true,"href":"https:\/\/ecoshop.ee\/de\/wp-json\/wp\/v2\/product_tag?post=4253"}],"curies":[{"name":"wp","href":"https:\/\/api.w.org\/{rel}","templated":true}]}}