{"id":4412,"date":"2024-06-13T20:30:47","date_gmt":"2024-06-13T17:30:47","guid":{"rendered":"https:\/\/ecoshop.ee\/?post_type=product&#038;p=4412"},"modified":"2026-05-10T15:30:17","modified_gmt":"2026-05-10T12:30:17","slug":"bambus-1tp80zahnburstenset","status":"publish","type":"product","link":"https:\/\/ecoshop.ee\/de\/noud-ja-koogitarbed\/bambusest-noudeharjade-komplekt\/","title":{"rendered":"Bambus-Sp\u00fclb\u00fcrsten-Set"},"content":{"rendered":"<div class=\"flex flex-grow flex-col max-w-full\">\n<div class=\"min-h-[20px] text-message flex flex-col items-start whitespace-pre-wrap break-words [.text-message+&amp;]:mt-5 juice:w-full juice:items-end overflow-x-auto gap-2\" dir=\"auto\" data-message-author-role=\"assistant\" data-message-id=\"1b6aabdb-c3d7-4cac-8e68-ea9506006fa9\">\n<div class=\"flex w-full flex-col gap-1 juice:empty:hidden juice:first:pt-[3px]\">\n<div class=\"markdown prose w-full break-words dark:prose-invert dark\">\n<p>Jungle Culture&#8217;i \u00f6ko bambusest n\u00f5udepesuharjad on valmistatud j\u00e4tkusuutlikust bambusest ja looduslikest taimsetest kiududest, nagu kookosp\u00e4hkli koored ja sisali taim. See 4-osaline nullj\u00e4\u00e4tme puidust k\u00f6\u00f6gin\u00f5udepesuharjade komplekt sisaldab mitmek\u00fclgset ja multifunktsionaalset valikut plastivabadest kodupuhastus harjadest ja lappidest. K\u00f5ik, mida vajad, et hoida oma n\u00f5ud puhtad keskkonnas\u00e4\u00e4stlikult.<\/p>\n<p>Puidust k\u00f6\u00f6gipuhastusharjad on 100% orgaanilised, taimsed, biolagunevad ja taaskasutatavad. T\u00e4iuslik nullj\u00e4\u00e4tme alternatiiv \u00fchekordsetele plastikust n\u00f5udepesuharjadele ja s\u00fcnteetilistele n\u00f5udepesulappidele!<\/p>\n<p>Meie sisali ja kookoskiu harjade loomulik karedus pakub elegantset, ergonoomilist viisi pottide, pannide ja kandikute k\u00fc\u00fcrimiseks ja n\u00fchkimiseks, samas kui orgaanilisest kanepist ja puuvillast puhastuslapid on ideaalsed \u00f5rnade klaasn\u00f5ude pesemiseks.<\/p>\n<p><strong>Komplekt sisaldab:<\/strong><\/p>\n<p>1 x Plastivaba bambusest n\u00f5udepesuhari<br \/>\n1 x Asenduspea bambusest n\u00f5udepesuharjale (pehmed harjased)<br \/>\n1 x Asenduspea bambusest n\u00f5udepesuharjale (k\u00f5vad harjased)<br \/>\n1 x Luufa k\u00e4sn<\/p>\n<p><strong>Hooldusjuhend:<\/strong><\/p>\n<p>Selleks, et teie \u00f6kos\u00f5bralik n\u00f5udepesuharjade komplekt kestaks v\u00f5imalikult kaua, palun lugege j\u00e4rgmist hooldusjuhendit.<\/p>\n<ul>\n<li>Enne esmakordset kasutamist loputage harjad l\u00e4bi n\u00f5udepesuvahendi ja sooja veega.<\/li>\n<li>P\u00fc\u00fcdke mitte lasta k\u00f6\u00f6giharjadel v\u00f5i puhastuslappidel p\u00e4rast kasutamist pikka aega liguneda, kuna see p\u00f5hjustab looduslike kiudude lagunemist.<\/li>\n<li>P\u00e4rast eriti tugevasti m\u00e4\u00e4rdunud poti v\u00f5i panni puhastamist loputage oma n\u00f5udepesuharja n\u00f5udepesuvahendi ja sooja veega, kuni vesi on selge.<\/li>\n<li>Hoidke harju p\u00fcstiasendis, et must vesi ei koguneks.<\/li>\n<\/ul>\n<p><span style=\"font-weight: 400;\">\u00a0<\/span><\/p>\n<\/div>\n<\/div>\n<\/div>\n<\/div>\n","protected":false},"excerpt":{"rendered":"<p>Jungle Culture&#8217;i \u00f6ko bambusest n\u00f5udepesuharjad on valmistatud j\u00e4tkusuutlikust bambusest ja looduslikest taimsetest kiududest, nagu kookosp\u00e4hkli koored ja sisali taim. See 4-osaline nullj\u00e4\u00e4tme&hellip;<\/p>","protected":false},"featured_media":4413,"comment_status":"open","ping_status":"closed","template":"","meta":{"wprm-recipe-roundup-name":"","wprm-recipe-roundup-description":""},"product_brand":[12064],"product_cat":[163,247],"product_tag":[187],"class_list":{"0":"post-4412","1":"product","2":"type-product","3":"status-publish","4":"has-post-thumbnail","6":"product_brand-jungle-culture","7":"product_cat-kodutarbed","8":"product_cat-noud-ja-koogitarbed","9":"product_tag-noudepesuharjad","11":"first","12":"instock","13":"taxable","14":"shipping-taxable","15":"purchasable","16":"product-type-simple"},"supplier_id":9133,"supplier_sku":"","barcode":null,"atum_controlled":true,"out_stock_date":null,"out_stock_threshold":null,"inheritable":false,"inbound_stock":0,"stock_on_hold":0,"sold_today":0,"sales_last_days":0,"reserved_stock":0,"customer_returns":0,"warehouse_damage":0,"lost_in_post":0,"other_logs":0,"out_stock_days":0,"lost_sales":0,"has_location":false,"update_date":"2026-05-10T12:31:17","atum_locations":[],"atum_stock_status":"instock","restock_status":false,"low_stock_amount":"","sales_update_date":"2026-05-10T12:31:17","calc_backorders":null,"aioseo_notices":[],"_links":{"self":[{"href":"https:\/\/ecoshop.ee\/de\/wp-json\/wp\/v2\/product\/4412","targetHints":{"allow":["GET"]}}],"collection":[{"href":"https:\/\/ecoshop.ee\/de\/wp-json\/wp\/v2\/product"}],"about":[{"href":"https:\/\/ecoshop.ee\/de\/wp-json\/wp\/v2\/types\/product"}],"replies":[{"embeddable":true,"href":"https:\/\/ecoshop.ee\/de\/wp-json\/wp\/v2\/comments?post=4412"}],"version-history":[{"count":0,"href":"https:\/\/ecoshop.ee\/de\/wp-json\/wp\/v2\/product\/4412\/revisions"}],"wp:featuredmedia":[{"embeddable":true,"href":"https:\/\/ecoshop.ee\/de\/wp-json\/wp\/v2\/media\/4413"}],"wp:attachment":[{"href":"https:\/\/ecoshop.ee\/de\/wp-json\/wp\/v2\/media?parent=4412"}],"wp:term":[{"taxonomy":"product_brand","embeddable":true,"href":"https:\/\/ecoshop.ee\/de\/wp-json\/wp\/v2\/product_brand?post=4412"},{"taxonomy":"product_cat","embeddable":true,"href":"https:\/\/ecoshop.ee\/de\/wp-json\/wp\/v2\/product_cat?post=4412"},{"taxonomy":"product_tag","embeddable":true,"href":"https:\/\/ecoshop.ee\/de\/wp-json\/wp\/v2\/product_tag?post=4412"}],"curies":[{"name":"wp","href":"https:\/\/api.w.org\/{rel}","templated":true}]}}