{"id":4511,"date":"2024-06-18T00:47:59","date_gmt":"2024-06-17T21:47:59","guid":{"rendered":"https:\/\/ecoshop.ee\/?post_type=product&#038;p=4511"},"modified":"2026-04-14T00:50:01","modified_gmt":"2026-04-13T21:50:01","slug":"bambusschalen-15-cm","status":"publish","type":"product","link":"https:\/\/ecoshop.ee\/de\/noud-ja-koogitarbed\/bambusest-kausid-15cm\/","title":{"rendered":"Bambusschalen, 15 cm"},"content":{"rendered":"<p>Unsere Bambus-Snack- und Dipschalen eignen sich perfekt zum Servieren von Kartoffelchips, Nussmischungen und anderen Leckereien auf Partys! Die rustikalen Holzschalen, handgefertigt aus gesponnenem Bambus und mit einem Terrazzo-Muster bemalt, passen zu fast jeder Einrichtung.<\/p>\n<p>Alle unsere Bambusschalen-Sets werden aus nat\u00fcrlichem, biologisch angebautem vietnamesischem Bambus hergestellt. Dieser Bambus ist bekannt f\u00fcr seine helle Farbe und sein schnelles Wachstum, wodurch unsere Produkte nicht zur Abholzung von W\u00e4ldern beitragen.<\/p>\n<p>Erg\u00e4nzen Sie Ihre Sammlung mit unseren leichten Dipschalen aus Bambus und servieren Sie Ihren Freunden und Ihrer Familie ausschlie\u00dflich nat\u00fcrliches Geschirr!<\/p>\n<p><strong><span class=\"jCAhz JxVs2d\"><span class=\"ryNqvb\">Beinhaltet:<\/span><\/span><\/strong><\/p>\n<ul>\n<li><span class=\"jCAhz JxVs2d ChMk0b\"><span class=\"ryNqvb\">2 Bambusschalen f\u00fcr Snacks und Dips<\/span><\/span><\/li>\n<\/ul>","protected":false},"excerpt":{"rendered":"<p>Meie bambusest sn\u00e4ki- ja dipikausid sobivad suurep\u00e4raselt pidudel kartulikr\u00f5psude, p\u00e4hklisegude ja muude toitude serveerimiseks! Meie rustikaalsed puidust suupistekausid, mis on k\u00e4sitsi valmistatud&hellip;<\/p>","protected":false},"featured_media":4517,"comment_status":"open","ping_status":"closed","template":"","meta":{"wprm-recipe-roundup-name":"","wprm-recipe-roundup-description":""},"product_brand":[12064],"product_cat":[163,247],"product_tag":[171],"class_list":{"0":"post-4511","1":"product","2":"type-product","3":"status-publish","4":"has-post-thumbnail","6":"product_brand-jungle-culture","7":"product_cat-kodutarbed","8":"product_cat-noud-ja-koogitarbed","9":"product_tag-kauss","11":"first","12":"instock","13":"taxable","14":"shipping-taxable","15":"purchasable","16":"product-type-simple"},"supplier_id":9133,"supplier_sku":"","barcode":null,"atum_controlled":true,"out_stock_date":null,"out_stock_threshold":null,"inheritable":false,"inbound_stock":0,"stock_on_hold":0,"sold_today":0,"sales_last_days":0,"reserved_stock":0,"customer_returns":0,"warehouse_damage":0,"lost_in_post":0,"other_logs":0,"out_stock_days":0,"lost_sales":0,"has_location":false,"update_date":"2026-04-13T21:50:02","atum_locations":[],"atum_stock_status":"instock","restock_status":false,"low_stock_amount":"","sales_update_date":"2026-03-07T01:16:04","calc_backorders":null,"aioseo_notices":[],"_links":{"self":[{"href":"https:\/\/ecoshop.ee\/de\/wp-json\/wp\/v2\/product\/4511","targetHints":{"allow":["GET"]}}],"collection":[{"href":"https:\/\/ecoshop.ee\/de\/wp-json\/wp\/v2\/product"}],"about":[{"href":"https:\/\/ecoshop.ee\/de\/wp-json\/wp\/v2\/types\/product"}],"replies":[{"embeddable":true,"href":"https:\/\/ecoshop.ee\/de\/wp-json\/wp\/v2\/comments?post=4511"}],"version-history":[{"count":0,"href":"https:\/\/ecoshop.ee\/de\/wp-json\/wp\/v2\/product\/4511\/revisions"}],"wp:featuredmedia":[{"embeddable":true,"href":"https:\/\/ecoshop.ee\/de\/wp-json\/wp\/v2\/media\/4517"}],"wp:attachment":[{"href":"https:\/\/ecoshop.ee\/de\/wp-json\/wp\/v2\/media?parent=4511"}],"wp:term":[{"taxonomy":"product_brand","embeddable":true,"href":"https:\/\/ecoshop.ee\/de\/wp-json\/wp\/v2\/product_brand?post=4511"},{"taxonomy":"product_cat","embeddable":true,"href":"https:\/\/ecoshop.ee\/de\/wp-json\/wp\/v2\/product_cat?post=4511"},{"taxonomy":"product_tag","embeddable":true,"href":"https:\/\/ecoshop.ee\/de\/wp-json\/wp\/v2\/product_tag?post=4511"}],"curies":[{"name":"wp","href":"https:\/\/api.w.org\/{rel}","templated":true}]}}