{"id":4560,"date":"2024-06-19T00:46:54","date_gmt":"2024-06-18T21:46:54","guid":{"rendered":"https:\/\/ecoshop.ee\/?post_type=product&#038;p=4560"},"modified":"2026-04-14T00:43:47","modified_gmt":"2026-04-13T21:43:47","slug":"rasiererstander-und-bambusgriff","status":"publish","type":"product","link":"https:\/\/ecoshop.ee\/de\/raseerijad\/raseerija-alus-jame-bambusest-vars\/","title":{"rendered":"Rasierst\u00e4nder (dicker Bambusgriff)"},"content":{"rendered":"<p>Jeder Rasierst\u00e4nder ist perfekt auf die Rasierer unserer Serie abgestimmt. Dieser robuste St\u00e4nder h\u00e4lt Ihren Rasierer sicher und verhindert, dass die Klinge auf feuchten Badezimmeroberfl\u00e4chen liegt. So bleibt Ihr Badezimmer ordentlich! Unsere Rasierer alused sind extrem langlebig und ben\u00f6tigen nur minimale Pflege. Zur Reinigung nehmen Sie den Rasierer einfach aus dem St\u00e4nder und sp\u00fclen die Oberfl\u00e4che mit warmem Seifenwasser ab. Anschlie\u00dfend mit einem Kosmetiktuch oder einem feuchten Tuch abwischen.<\/p>\n<p>Passt perfekt zu unseren Rasierern mit dickem Bambusgriff. W\u00e4hlen Sie den f\u00fcr Sie passenden Farbton, hell oder dunkel.<br \/>\nHinweis: Der Rasierer muss separat erworben werden.<\/p>","protected":false},"excerpt":{"rendered":"<p>Iga raseerija alus on loodud t\u00e4iuslikult sobituma meie valikus olevate raseerijatega. See kaalukas alus hoiab teie raseerija p\u00fcsti ja ei luba teral&hellip;<\/p>","protected":false},"featured_media":6587,"comment_status":"open","ping_status":"closed","template":"","meta":{"wprm-recipe-roundup-name":"","wprm-recipe-roundup-description":""},"product_brand":[12064],"product_cat":[163,280],"product_tag":[190],"class_list":{"0":"post-4560","1":"product","2":"type-product","3":"status-publish","4":"has-post-thumbnail","6":"product_brand-jungle-culture","7":"product_cat-kodutarbed","8":"product_cat-raseerijad","9":"product_tag-raseerija","11":"first","12":"instock","13":"taxable","14":"shipping-taxable","15":"purchasable","16":"product-type-variable"},"supplier_id":null,"supplier_sku":"","barcode":null,"atum_controlled":true,"out_stock_date":null,"out_stock_threshold":null,"inheritable":true,"inbound_stock":0,"stock_on_hold":0,"sold_today":0,"sales_last_days":0,"reserved_stock":0,"customer_returns":0,"warehouse_damage":0,"lost_in_post":0,"other_logs":0,"out_stock_days":0,"lost_sales":0,"has_location":false,"update_date":"2026-04-13T21:43:48","atum_locations":[],"atum_stock_status":"instock","restock_status":false,"low_stock_amount":"","sales_update_date":"2026-03-07T01:16:01","calc_backorders":null,"aioseo_notices":[],"_links":{"self":[{"href":"https:\/\/ecoshop.ee\/de\/wp-json\/wp\/v2\/product\/4560","targetHints":{"allow":["GET"]}}],"collection":[{"href":"https:\/\/ecoshop.ee\/de\/wp-json\/wp\/v2\/product"}],"about":[{"href":"https:\/\/ecoshop.ee\/de\/wp-json\/wp\/v2\/types\/product"}],"replies":[{"embeddable":true,"href":"https:\/\/ecoshop.ee\/de\/wp-json\/wp\/v2\/comments?post=4560"}],"version-history":[{"count":0,"href":"https:\/\/ecoshop.ee\/de\/wp-json\/wp\/v2\/product\/4560\/revisions"}],"wp:featuredmedia":[{"embeddable":true,"href":"https:\/\/ecoshop.ee\/de\/wp-json\/wp\/v2\/media\/6587"}],"wp:attachment":[{"href":"https:\/\/ecoshop.ee\/de\/wp-json\/wp\/v2\/media?parent=4560"}],"wp:term":[{"taxonomy":"product_brand","embeddable":true,"href":"https:\/\/ecoshop.ee\/de\/wp-json\/wp\/v2\/product_brand?post=4560"},{"taxonomy":"product_cat","embeddable":true,"href":"https:\/\/ecoshop.ee\/de\/wp-json\/wp\/v2\/product_cat?post=4560"},{"taxonomy":"product_tag","embeddable":true,"href":"https:\/\/ecoshop.ee\/de\/wp-json\/wp\/v2\/product_tag?post=4560"}],"curies":[{"name":"wp","href":"https:\/\/api.w.org\/{rel}","templated":true}]}}