{"id":4714,"date":"2024-06-23T18:01:43","date_gmt":"2024-06-23T15:01:43","guid":{"rendered":"https:\/\/ecoshop.ee\/?post_type=product&#038;p=4714"},"modified":"2025-12-25T19:36:49","modified_gmt":"2025-12-25T16:36:49","slug":"kork-herrengurtel-2","status":"publish","type":"product","link":"https:\/\/ecoshop.ee\/de\/rihmad\/korgist-meeste-puksirihm-2\/","title":{"rendered":"Korkg\u00fcrtel f\u00fcr Herren"},"content":{"rendered":"<p>Ein eleganter Herreng\u00fcrtel aus Kork, der Ihrem Outfit den letzten Schliff verleiht. Der G\u00fcrtel ist aus Kork gefertigt, einem Material, das organisch und nachhaltig aus Eichen gewonnen wird. Ob Hochzeit oder B\u00fcro \u2013 dieser G\u00fcrtel ist eine stilvolle und attraktive Wahl. Korkg\u00fcrtel sind flexibel, leicht und angenehm zu tragen. Sie sind langlebiger und pflegeleichter als Kunstleder oder sogar Echtleder!<\/p>\n<p>Kork ist von Natur aus wasser- und feuerfest, was ihn besonders strapazierf\u00e4hig und langlebig macht. Zudem ist die Korkproduktion energieeffizient, da keine B\u00e4ume gef\u00e4llt werden m\u00fcssen, sondern lediglich deren Rinde, die sich mit der Zeit regeneriert. Dank seiner Leichtigkeit und seines Tragekomforts ist Kork ideal f\u00fcr den Alltag.<\/p>\n<p><strong>Gr\u00f6\u00dfe und Passform:<\/strong><\/p>\n<ul>\n<li>L\u00e4nge: 115 cm<\/li>\n<li>Breite: 3,5 cm<\/li>\n<li>Gewicht: 100 g<\/li>\n<\/ul>","protected":false},"excerpt":{"rendered":"<p>Elegantne korgist meeste p\u00fcksirihm, mis annab su riietusele viimase viimistluse. V\u00f6\u00f6 on valmistatud korgist, materjalist, mis on saadud orgaaniliselt ja j\u00e4tkusuutlikult tamme&hellip;<\/p>","protected":false},"featured_media":4717,"comment_status":"open","ping_status":"closed","template":"","meta":{"wprm-recipe-roundup-name":"","wprm-recipe-roundup-description":""},"product_brand":[],"product_cat":[244],"product_tag":[214],"class_list":{"0":"post-4714","1":"product","2":"type-product","3":"status-publish","4":"has-post-thumbnail","6":"product_cat-rihmad","7":"product_tag-voo","9":"first","10":"instock","11":"taxable","12":"shipping-taxable","13":"purchasable","14":"product-type-variable"},"supplier_id":null,"supplier_sku":"","barcode":null,"atum_controlled":true,"out_stock_date":null,"out_stock_threshold":null,"inheritable":false,"inbound_stock":0,"stock_on_hold":0,"sold_today":0,"sales_last_days":0,"reserved_stock":0,"customer_returns":0,"warehouse_damage":0,"lost_in_post":0,"other_logs":0,"out_stock_days":0,"lost_sales":0,"has_location":false,"update_date":"2026-03-07T01:16:08","atum_locations":[],"atum_stock_status":"instock","restock_status":false,"low_stock_amount":"","sales_update_date":"2026-03-07T01:16:08","calc_backorders":null,"aioseo_notices":[],"_links":{"self":[{"href":"https:\/\/ecoshop.ee\/de\/wp-json\/wp\/v2\/product\/4714","targetHints":{"allow":["GET"]}}],"collection":[{"href":"https:\/\/ecoshop.ee\/de\/wp-json\/wp\/v2\/product"}],"about":[{"href":"https:\/\/ecoshop.ee\/de\/wp-json\/wp\/v2\/types\/product"}],"replies":[{"embeddable":true,"href":"https:\/\/ecoshop.ee\/de\/wp-json\/wp\/v2\/comments?post=4714"}],"version-history":[{"count":0,"href":"https:\/\/ecoshop.ee\/de\/wp-json\/wp\/v2\/product\/4714\/revisions"}],"wp:featuredmedia":[{"embeddable":true,"href":"https:\/\/ecoshop.ee\/de\/wp-json\/wp\/v2\/media\/4717"}],"wp:attachment":[{"href":"https:\/\/ecoshop.ee\/de\/wp-json\/wp\/v2\/media?parent=4714"}],"wp:term":[{"taxonomy":"product_brand","embeddable":true,"href":"https:\/\/ecoshop.ee\/de\/wp-json\/wp\/v2\/product_brand?post=4714"},{"taxonomy":"product_cat","embeddable":true,"href":"https:\/\/ecoshop.ee\/de\/wp-json\/wp\/v2\/product_cat?post=4714"},{"taxonomy":"product_tag","embeddable":true,"href":"https:\/\/ecoshop.ee\/de\/wp-json\/wp\/v2\/product_tag?post=4714"}],"curies":[{"name":"wp","href":"https:\/\/api.w.org\/{rel}","templated":true}]}}