{"id":4731,"date":"2024-06-23T19:33:57","date_gmt":"2024-06-23T16:33:57","guid":{"rendered":"https:\/\/ecoshop.ee\/?post_type=product&#038;p=4731"},"modified":"2025-12-25T19:41:29","modified_gmt":"2025-12-25T16:41:29","slug":"kork-ulelo-tasche-mit-goldenen-akzenten-fur-damen","status":"publish","type":"product","link":"https:\/\/ecoshop.ee\/de\/kotid\/kuldsete-aktsentidega-korgist-uleolakott-naistele\/","title":{"rendered":"Kork-Schultertasche f\u00fcr Damen mit goldenen Akzenten"},"content":{"rendered":"<p>Unsere Umh\u00e4ngetasche aus Naturkork ist ein stilvolles Accessoire f\u00fcr Damen und mit goldenen Details verziert. Dank des verstellbaren Schulterriemens aus Kork eignet sie sich f\u00fcr verschiedene Anl\u00e4sse. Der goldene Verschlussmechanismus sorgt f\u00fcr die Sicherheit Ihrer Wertsachen. Kork ist von Natur aus wasserabweisend, feuerfest, pflegeleicht und strapazierf\u00e4hig und beh\u00e4lt dabei die Weichheit und Haptik von Leder.<\/p>\n<p>Ob f\u00fcr den t\u00e4glichen Einkaufsbummel, einen entspannten Ausflug oder einen besonderen Anlass \u2013 unsere Umh\u00e4ngetasche aus Naturkork ist die perfekte Wahl. Sie unterst\u00fctzt nicht nur einen umweltfreundlichen Lebensstil, sondern bietet auch ein stilvolles Design und hohe Funktionalit\u00e4t, sodass Sie Ihre wichtigsten Dinge elegant und \u00fcbersichtlich transportieren k\u00f6nnen. W\u00e4hlen Sie Ihre Lieblingsfarbe und kreieren Sie Ihren individuellen Look!<\/p>\n<p><strong>Hauptmerkmale used:<\/strong><\/p>\n<ul>\n<li>Hergestellt aus Naturkork<\/li>\n<li>Verstellbarer Schultergurt aus Kork<\/li>\n<li>Goldener Verriegelungsmechanismus<\/li>\n<li>Zwei Innenf\u00e4cher erleichtern die Organisation von Alltagsgegenst\u00e4nden.<\/li>\n<li>Bietet Platz f\u00fcr wichtige Gegenst\u00e4nde wie Handy, Geldb\u00f6rse, Schl\u00fcssel usw.<\/li>\n<\/ul>\n<p><strong>Abmessungen:<\/strong><\/p>\n<ul>\n<li>L\u00e4nge: 20 cm<\/li>\n<li>Breite: 18 cm<\/li>\n<li>H\u00f6he: 9 cm<\/li>\n<\/ul>","protected":false},"excerpt":{"rendered":"<p>Meie looduslikust korgist \u00fcle\u00f5lakott on stiilne aksessuaar naistele, mida kaunistavad kuldsed detailid. Reguleeritava korgist \u00f5larihmaga kott sobib erinevateks puhkudeks. Kuldne lukustusmehhanism tagab&hellip;<\/p>","protected":false},"featured_media":4737,"comment_status":"open","ping_status":"closed","template":"","meta":{"wprm-recipe-roundup-name":"","wprm-recipe-roundup-description":""},"product_brand":[],"product_cat":[242],"product_tag":[202],"class_list":{"0":"post-4731","1":"product","2":"type-product","3":"status-publish","4":"has-post-thumbnail","6":"product_cat-kotid","7":"product_tag-kott","9":"first","10":"instock","11":"taxable","12":"shipping-taxable","13":"purchasable","14":"product-type-variable"},"supplier_id":null,"supplier_sku":"","barcode":null,"atum_controlled":true,"out_stock_date":null,"out_stock_threshold":null,"inheritable":false,"inbound_stock":0,"stock_on_hold":0,"sold_today":0,"sales_last_days":0,"reserved_stock":0,"customer_returns":0,"warehouse_damage":0,"lost_in_post":0,"other_logs":0,"out_stock_days":0,"lost_sales":0,"has_location":false,"update_date":"2026-03-07T01:16:10","atum_locations":[],"atum_stock_status":"instock","restock_status":false,"low_stock_amount":"","sales_update_date":"2026-03-07T01:16:10","calc_backorders":null,"aioseo_notices":[],"_links":{"self":[{"href":"https:\/\/ecoshop.ee\/de\/wp-json\/wp\/v2\/product\/4731","targetHints":{"allow":["GET"]}}],"collection":[{"href":"https:\/\/ecoshop.ee\/de\/wp-json\/wp\/v2\/product"}],"about":[{"href":"https:\/\/ecoshop.ee\/de\/wp-json\/wp\/v2\/types\/product"}],"replies":[{"embeddable":true,"href":"https:\/\/ecoshop.ee\/de\/wp-json\/wp\/v2\/comments?post=4731"}],"version-history":[{"count":0,"href":"https:\/\/ecoshop.ee\/de\/wp-json\/wp\/v2\/product\/4731\/revisions"}],"wp:featuredmedia":[{"embeddable":true,"href":"https:\/\/ecoshop.ee\/de\/wp-json\/wp\/v2\/media\/4737"}],"wp:attachment":[{"href":"https:\/\/ecoshop.ee\/de\/wp-json\/wp\/v2\/media?parent=4731"}],"wp:term":[{"taxonomy":"product_brand","embeddable":true,"href":"https:\/\/ecoshop.ee\/de\/wp-json\/wp\/v2\/product_brand?post=4731"},{"taxonomy":"product_cat","embeddable":true,"href":"https:\/\/ecoshop.ee\/de\/wp-json\/wp\/v2\/product_cat?post=4731"},{"taxonomy":"product_tag","embeddable":true,"href":"https:\/\/ecoshop.ee\/de\/wp-json\/wp\/v2\/product_tag?post=4731"}],"curies":[{"name":"wp","href":"https:\/\/api.w.org\/{rel}","templated":true}]}}