{"id":4755,"date":"2024-06-24T17:18:21","date_gmt":"2024-06-24T14:18:21","guid":{"rendered":"https:\/\/ecoshop.ee\/?post_type=product&#038;p=4755"},"modified":"2025-12-25T19:35:23","modified_gmt":"2025-12-25T16:35:23","slug":"kompakte-korkgeldborse-mit-reisverschluss","status":"publish","type":"product","link":"https:\/\/ecoshop.ee\/de\/rahakotid\/kompaktne-tomblukuga-korgist-rahakott\/","title":{"rendered":"Kompakte Korkgeldb\u00f6rse mit Rei\u00dfverschluss"},"content":{"rendered":"<p>Wir pr\u00e4sentieren Ihnen Ihren neuen Alltagsbegleiter \u2013 eine kompakte Korkgeldb\u00f6rse mit Rei\u00dfverschluss. Die silbernen Akzente verleihen jedem Outfit einen Hauch von Eleganz und Glanz. Dank des Rei\u00dfverschlusses oben haben Sie jederzeit schnellen und einfachen Zugriff \u2013 die perfekte Wahl f\u00fcr jeden Tag.<\/p>\n<p>Kork ist ein Material, das aus der Rinde der Eiche gewonnen wird. Diese Korkgeldb\u00f6rse ist nicht nur \u00f6kologisch und nachhaltig, sondern auch sehr strapazierf\u00e4hig und flexibel. Kork ist von Natur aus wasser- und feuerfest und somit ideal f\u00fcr Alltagsaccessoires geeignet. Dank seiner weichen Textur und Leichtigkeit tr\u00e4gt sich Kork angenehm und beh\u00e4lt mit der Zeit seine Form und sein Aussehen.<\/p>\n<p>&nbsp;<\/p>\n<p><strong>Largeused:<\/strong><\/p>\n<ul>\n<li>L\u00e4nge: 19 cm<\/li>\n<li>Breite 10 cm<\/li>\n<li>Dicke: 2,5 cm<\/li>\n<\/ul>","protected":false},"excerpt":{"rendered":"<p>Tutvustame sinu uut igap\u00e4evast kaaslast \u2013 kompaktset t\u00f5mblukuga korgist rahakotti. Selle rahakoti h\u00f5bedased aktsendid annavad igale riietusele s\u00e4rtsu ja elegantsi. \u00dclemine t\u00f5mblukk&hellip;<\/p>","protected":false},"featured_media":4761,"comment_status":"open","ping_status":"closed","template":"","meta":{"wprm-recipe-roundup-name":"","wprm-recipe-roundup-description":""},"product_brand":[],"product_cat":[241],"product_tag":[219],"class_list":{"0":"post-4755","1":"product","2":"type-product","3":"status-publish","4":"has-post-thumbnail","6":"product_cat-rahakotid","7":"product_tag-rahakott","9":"first","10":"instock","11":"taxable","12":"shipping-taxable","13":"purchasable","14":"product-type-variable"},"supplier_id":null,"supplier_sku":"","barcode":null,"atum_controlled":true,"out_stock_date":null,"out_stock_threshold":null,"inheritable":false,"inbound_stock":0,"stock_on_hold":0,"sold_today":0,"sales_last_days":0,"reserved_stock":0,"customer_returns":0,"warehouse_damage":0,"lost_in_post":0,"other_logs":0,"out_stock_days":0,"lost_sales":0,"has_location":false,"update_date":"2026-03-07T01:16:10","atum_locations":[],"atum_stock_status":"instock","restock_status":false,"low_stock_amount":"","sales_update_date":"2026-03-07T01:16:10","calc_backorders":null,"aioseo_notices":[],"_links":{"self":[{"href":"https:\/\/ecoshop.ee\/de\/wp-json\/wp\/v2\/product\/4755","targetHints":{"allow":["GET"]}}],"collection":[{"href":"https:\/\/ecoshop.ee\/de\/wp-json\/wp\/v2\/product"}],"about":[{"href":"https:\/\/ecoshop.ee\/de\/wp-json\/wp\/v2\/types\/product"}],"replies":[{"embeddable":true,"href":"https:\/\/ecoshop.ee\/de\/wp-json\/wp\/v2\/comments?post=4755"}],"version-history":[{"count":0,"href":"https:\/\/ecoshop.ee\/de\/wp-json\/wp\/v2\/product\/4755\/revisions"}],"wp:featuredmedia":[{"embeddable":true,"href":"https:\/\/ecoshop.ee\/de\/wp-json\/wp\/v2\/media\/4761"}],"wp:attachment":[{"href":"https:\/\/ecoshop.ee\/de\/wp-json\/wp\/v2\/media?parent=4755"}],"wp:term":[{"taxonomy":"product_brand","embeddable":true,"href":"https:\/\/ecoshop.ee\/de\/wp-json\/wp\/v2\/product_brand?post=4755"},{"taxonomy":"product_cat","embeddable":true,"href":"https:\/\/ecoshop.ee\/de\/wp-json\/wp\/v2\/product_cat?post=4755"},{"taxonomy":"product_tag","embeddable":true,"href":"https:\/\/ecoshop.ee\/de\/wp-json\/wp\/v2\/product_tag?post=4755"}],"curies":[{"name":"wp","href":"https:\/\/api.w.org\/{rel}","templated":true}]}}