{"id":47643,"date":"2025-01-16T00:50:18","date_gmt":"2025-01-15T21:50:18","guid":{"rendered":"https:\/\/ecoshop.ee\/?post_type=product&#038;p=47643"},"modified":"2026-05-04T11:29:13","modified_gmt":"2026-05-04T08:29:13","slug":"ichoc-vegane-schokolade-mit-keksstuckchen-bio-80-g","status":"publish","type":"product","link":"https:\/\/ecoshop.ee\/de\/sokolaadid\/ichoc-kupsisetukkidega-vegan-sokolaad-mahe-80g\/","title":{"rendered":"iChoc vegane Schokolade mit Keksst\u00fcckchen, Bio, 80 g"},"content":{"rendered":"<p>iChoc Choco Cookie ist eine k\u00f6stliche vegane Schokolade auf Kakaobutterbasis mit knusprigen Schokoladenkeksst\u00fcckchen. Ein hervorragendes Beispiel daf\u00fcr, dass vegane Schokolade nicht immer dunkel sein muss.<\/p>\n<p>Diese Bio-Schokolade ist eine hervorragende Wahl f\u00fcr alle, die eine pflanzliche Leckerei suchen, die sowohl k\u00f6stlich als auch umweltfreundlich ist.<\/p>","protected":false},"excerpt":{"rendered":"<p>iChoc Choco Cookie on maitsev vegan \u0161okolaad, mis p\u00f5hineb kakaov\u00f5il ja sisaldab kr\u00f5mpsuvaid \u0161okolaadik\u00fcpsiset\u00fckke. Suurep\u00e4rane n\u00e4ide sellest, et vegan \u0161okolaad ei pea&hellip;<\/p>","protected":false},"featured_media":47644,"comment_status":"open","ping_status":"closed","template":"","meta":{"wprm-recipe-roundup-name":"","wprm-recipe-roundup-description":""},"product_brand":[12028],"product_cat":[141],"product_tag":[297,142],"class_list":{"0":"post-47643","1":"product","2":"type-product","3":"status-publish","4":"has-post-thumbnail","6":"product_brand-ichoc","7":"product_cat-sokolaadid","8":"product_tag-mahe","9":"product_tag-sokolaad","10":"j79_wcxd_expiry_type-best-before","12":"first","13":"instock","14":"taxable","15":"shipping-taxable","16":"purchasable","17":"product-type-simple"},"supplier_id":390160,"supplier_sku":"","barcode":"4044889004601","atum_controlled":true,"out_stock_date":null,"out_stock_threshold":null,"inheritable":false,"inbound_stock":0,"stock_on_hold":0,"sold_today":0,"sales_last_days":1,"reserved_stock":0,"customer_returns":0,"warehouse_damage":0,"lost_in_post":0,"other_logs":0,"out_stock_days":0,"lost_sales":0,"has_location":false,"update_date":"2026-05-07T14:39:18","atum_locations":[],"atum_stock_status":"instock","restock_status":false,"low_stock_amount":"","sales_update_date":"2026-05-07T14:39:18","calc_backorders":null,"aioseo_notices":[],"_links":{"self":[{"href":"https:\/\/ecoshop.ee\/de\/wp-json\/wp\/v2\/product\/47643","targetHints":{"allow":["GET"]}}],"collection":[{"href":"https:\/\/ecoshop.ee\/de\/wp-json\/wp\/v2\/product"}],"about":[{"href":"https:\/\/ecoshop.ee\/de\/wp-json\/wp\/v2\/types\/product"}],"replies":[{"embeddable":true,"href":"https:\/\/ecoshop.ee\/de\/wp-json\/wp\/v2\/comments?post=47643"}],"version-history":[{"count":0,"href":"https:\/\/ecoshop.ee\/de\/wp-json\/wp\/v2\/product\/47643\/revisions"}],"wp:featuredmedia":[{"embeddable":true,"href":"https:\/\/ecoshop.ee\/de\/wp-json\/wp\/v2\/media\/47644"}],"wp:attachment":[{"href":"https:\/\/ecoshop.ee\/de\/wp-json\/wp\/v2\/media?parent=47643"}],"wp:term":[{"taxonomy":"product_brand","embeddable":true,"href":"https:\/\/ecoshop.ee\/de\/wp-json\/wp\/v2\/product_brand?post=47643"},{"taxonomy":"product_cat","embeddable":true,"href":"https:\/\/ecoshop.ee\/de\/wp-json\/wp\/v2\/product_cat?post=47643"},{"taxonomy":"product_tag","embeddable":true,"href":"https:\/\/ecoshop.ee\/de\/wp-json\/wp\/v2\/product_tag?post=47643"}],"curies":[{"name":"wp","href":"https:\/\/api.w.org\/{rel}","templated":true}]}}