{"id":47685,"date":"2025-01-17T15:42:19","date_gmt":"2025-01-17T13:42:19","guid":{"rendered":"https:\/\/ecoshop.ee\/?post_type=product&#038;p=47685"},"modified":"2026-05-04T11:29:13","modified_gmt":"2026-05-04T08:29:13","slug":"ichoc-grobe-weise-vegane-pralinenschokolade-80-g","status":"publish","type":"product","link":"https:\/\/ecoshop.ee\/de\/sokolaadid\/ichoc-krobe-valge-vegan-pralinee-sokolaad-80g\/","title":{"rendered":"iChoc knusprige wei\u00dfe vegane Pralinenschokolade, 80 g"},"content":{"rendered":"<p>iChoc \u201cWhite &amp; Crispy\u201d ist eine k\u00f6stliche vegane Pralinenschokolade auf Kakaobutterbasis, verfeinert mit Haselnussst\u00fcckchen und einer herrlich knusprigen Textur. Sie beweist eindrucksvoll, dass Schokolade nicht immer dunkel sein muss \u2013 iChoc White Nougat Crisp ist die perfekte Alternative zu klassischer Schokolade und ein Genuss f\u00fcr den Gaumen.<\/p>\n<p>Diese Schokolade wird aus zertifizierten Bio-Zutaten hergestellt, ist vegan, palm\u00f6lfrei und umweltfreundlich. Genie\u00dfen Sie den perfekten Knuspergenuss!<\/p>","protected":false},"excerpt":{"rendered":"<p>iChoc &#8220;valge ja kr\u00f5be&#8221; on maitsev vegan pralinee \u0161okolaad, mis on valmistatud kakaov\u00f5i baasil ning rikastatud sarapuup\u00e4hklipuru ja m\u00f5nusalt kr\u00f5beda tekstuuriga. See&hellip;<\/p>","protected":false},"featured_media":47646,"comment_status":"open","ping_status":"closed","template":"","meta":{"wprm-recipe-roundup-name":"","wprm-recipe-roundup-description":""},"product_brand":[12028],"product_cat":[141],"product_tag":[297,142],"class_list":{"0":"post-47685","1":"product","2":"type-product","3":"status-publish","4":"has-post-thumbnail","6":"product_brand-ichoc","7":"product_cat-sokolaadid","8":"product_tag-mahe","9":"product_tag-sokolaad","10":"j79_wcxd_expiry_type-best-before","12":"first","13":"instock","14":"taxable","15":"shipping-taxable","16":"purchasable","17":"product-type-simple"},"supplier_id":390160,"supplier_sku":"","barcode":"4044889004632","atum_controlled":true,"out_stock_date":null,"out_stock_threshold":null,"inheritable":false,"inbound_stock":0,"stock_on_hold":0,"sold_today":0,"sales_last_days":1,"reserved_stock":0,"customer_returns":0,"warehouse_damage":0,"lost_in_post":0,"other_logs":0,"out_stock_days":0,"lost_sales":0,"has_location":false,"update_date":"2026-05-07T14:39:18","atum_locations":[],"atum_stock_status":"instock","restock_status":false,"low_stock_amount":"","sales_update_date":"2026-05-07T14:39:18","calc_backorders":null,"aioseo_notices":[],"_links":{"self":[{"href":"https:\/\/ecoshop.ee\/de\/wp-json\/wp\/v2\/product\/47685","targetHints":{"allow":["GET"]}}],"collection":[{"href":"https:\/\/ecoshop.ee\/de\/wp-json\/wp\/v2\/product"}],"about":[{"href":"https:\/\/ecoshop.ee\/de\/wp-json\/wp\/v2\/types\/product"}],"replies":[{"embeddable":true,"href":"https:\/\/ecoshop.ee\/de\/wp-json\/wp\/v2\/comments?post=47685"}],"version-history":[{"count":0,"href":"https:\/\/ecoshop.ee\/de\/wp-json\/wp\/v2\/product\/47685\/revisions"}],"wp:featuredmedia":[{"embeddable":true,"href":"https:\/\/ecoshop.ee\/de\/wp-json\/wp\/v2\/media\/47646"}],"wp:attachment":[{"href":"https:\/\/ecoshop.ee\/de\/wp-json\/wp\/v2\/media?parent=47685"}],"wp:term":[{"taxonomy":"product_brand","embeddable":true,"href":"https:\/\/ecoshop.ee\/de\/wp-json\/wp\/v2\/product_brand?post=47685"},{"taxonomy":"product_cat","embeddable":true,"href":"https:\/\/ecoshop.ee\/de\/wp-json\/wp\/v2\/product_cat?post=47685"},{"taxonomy":"product_tag","embeddable":true,"href":"https:\/\/ecoshop.ee\/de\/wp-json\/wp\/v2\/product_tag?post=47685"}],"curies":[{"name":"wp","href":"https:\/\/api.w.org\/{rel}","templated":true}]}}