{"id":4777,"date":"2024-06-24T20:09:48","date_gmt":"2024-06-24T17:09:48","guid":{"rendered":"https:\/\/ecoshop.ee\/?post_type=product&#038;p=4777"},"modified":"2025-12-25T19:35:23","modified_gmt":"2025-12-25T16:35:23","slug":"schlanke-abschliesbare-korkgeldborse-mit-kartenfach","status":"publish","type":"product","link":"https:\/\/ecoshop.ee\/de\/rahakotid\/ohuke-kaarditaskuga-lukustatav-korgist-rahakott\/","title":{"rendered":"Schmale Korkgeldb\u00f6rse mit Kartenfach und Schloss"},"content":{"rendered":"<p>Schlankes Korkportemonnaie mit Kartenf\u00e4chern, das eine wundersch\u00f6ne Kombination aus nat\u00fcrlichen und metallischen Farben mit maximaler Funktionalit\u00e4t bietet. Das Portemonnaie verf\u00fcgt \u00fcber 8 Kartenf\u00e4cher, 1 Geldscheinfach und 1 Hauptfach mit Rei\u00dfverschluss. Organisieren Sie Ihre wichtigsten Dinge des Alltags platzsparend. Dieses Portemonnaie ist in zwei verschiedenen Farbkombinationen erh\u00e4ltlich. Sichern Sie sich jetzt Ihr Lieblingsmodell!<\/p>\n<p>Kork ist von Natur aus wasserdicht und sogar haltbarer als Leder. Zudem ist die Korkproduktion energieeffizient, da keine B\u00e4ume gef\u00e4llt, sondern lediglich die Rinde gesammelt wird, die sich mit der Zeit regeneriert. Dank seiner Leichtigkeit und seines Tragekomforts ist Kork ideal f\u00fcr den Alltag.<\/p>\n<p><strong>Gr\u00f6\u00dfe:<\/strong><\/p>\n<ul>\n<li>L\u00e4nge: 17 cm<\/li>\n<li>Breite: 9 cm<\/li>\n<li>Dicke: 1 cm<\/li>\n<\/ul>","protected":false},"excerpt":{"rendered":"<p>\u00d5huke kaarditaskuga korgist rahakott mis pakub kauni loodusliku ja metallikv\u00e4rvi kombinatsioon koos maksimaalse funktsionaalsusega. Rahakotil on 8 kaarditaskut, 1 rahasahtel ja 1&hellip;<\/p>","protected":false},"featured_media":4784,"comment_status":"open","ping_status":"closed","template":"","meta":{"wprm-recipe-roundup-name":"","wprm-recipe-roundup-description":""},"product_brand":[],"product_cat":[241],"product_tag":[219],"class_list":{"0":"post-4777","1":"product","2":"type-product","3":"status-publish","4":"has-post-thumbnail","6":"product_cat-rahakotid","7":"product_tag-rahakott","9":"first","10":"instock","11":"taxable","12":"shipping-taxable","13":"purchasable","14":"product-type-variable"},"supplier_id":null,"supplier_sku":"","barcode":null,"atum_controlled":true,"out_stock_date":null,"out_stock_threshold":null,"inheritable":false,"inbound_stock":0,"stock_on_hold":0,"sold_today":0,"sales_last_days":0,"reserved_stock":0,"customer_returns":0,"warehouse_damage":0,"lost_in_post":0,"other_logs":0,"out_stock_days":0,"lost_sales":0,"has_location":false,"update_date":"2026-03-07T01:16:10","atum_locations":[],"atum_stock_status":"instock","restock_status":false,"low_stock_amount":"","sales_update_date":"2026-03-07T01:16:10","calc_backorders":null,"aioseo_notices":[],"_links":{"self":[{"href":"https:\/\/ecoshop.ee\/de\/wp-json\/wp\/v2\/product\/4777","targetHints":{"allow":["GET"]}}],"collection":[{"href":"https:\/\/ecoshop.ee\/de\/wp-json\/wp\/v2\/product"}],"about":[{"href":"https:\/\/ecoshop.ee\/de\/wp-json\/wp\/v2\/types\/product"}],"replies":[{"embeddable":true,"href":"https:\/\/ecoshop.ee\/de\/wp-json\/wp\/v2\/comments?post=4777"}],"version-history":[{"count":0,"href":"https:\/\/ecoshop.ee\/de\/wp-json\/wp\/v2\/product\/4777\/revisions"}],"wp:featuredmedia":[{"embeddable":true,"href":"https:\/\/ecoshop.ee\/de\/wp-json\/wp\/v2\/media\/4784"}],"wp:attachment":[{"href":"https:\/\/ecoshop.ee\/de\/wp-json\/wp\/v2\/media?parent=4777"}],"wp:term":[{"taxonomy":"product_brand","embeddable":true,"href":"https:\/\/ecoshop.ee\/de\/wp-json\/wp\/v2\/product_brand?post=4777"},{"taxonomy":"product_cat","embeddable":true,"href":"https:\/\/ecoshop.ee\/de\/wp-json\/wp\/v2\/product_cat?post=4777"},{"taxonomy":"product_tag","embeddable":true,"href":"https:\/\/ecoshop.ee\/de\/wp-json\/wp\/v2\/product_tag?post=4777"}],"curies":[{"name":"wp","href":"https:\/\/api.w.org\/{rel}","templated":true}]}}