{"id":4792,"date":"2024-06-24T21:01:38","date_gmt":"2024-06-24T18:01:38","guid":{"rendered":"https:\/\/ecoshop.ee\/?post_type=product&#038;p=4792"},"modified":"2024-11-10T16:07:27","modified_gmt":"2024-11-10T13:07:27","slug":"elegante-korkuhr","status":"publish","type":"product","link":"https:\/\/ecoshop.ee\/de\/kaekellad-ja-ehted\/elegantne-korgist-kaekell\/","title":{"rendered":"Elegante Korkuhr"},"content":{"rendered":"<p>Elegante Armbanduhr mit Korkarmband und Zifferblatt in Holzoptik, nachhaltig produziert und handgefertigt. Dank der sorgf\u00e4ltigen Verarbeitung ist der Kork weich und flexibel und bietet so einen angenehmen Tragekomfort. Das verstellbare Armband sorgt f\u00fcr perfekten Sitz. Die Korkuhr wird in einer edlen Geschenkbox geliefert und ist somit ein ideales Geschenk f\u00fcr Freunde, Verwandte und Kollegen.<\/p>\n<p>Kork ist von Natur aus wasserdicht und sogar haltbarer als Leder. Zudem ist die Korkproduktion energieeffizient, da keine B\u00e4ume gef\u00e4llt, sondern lediglich die Rinde gesammelt wird, die sich mit der Zeit regeneriert. Dank seiner Leichtigkeit und seines Tragekomforts ist Kork ideal f\u00fcr den Alltag.<\/p>\n<p><strong>Gr\u00f6\u00dfe:<\/strong><\/p>\n<ul>\n<li>L\u00e4nge: 25 cm<\/li>\n<li>Zifferblattbreite: 4 cm<\/li>\n<li>Breite: 2 cm<\/li>\n<\/ul>","protected":false},"excerpt":{"rendered":"<p>Elegantne korgist rihmaga k\u00e4ekell puidumustriga sihverplaadiga, j\u00e4tkusuutlikult toodetud ja k\u00e4sit\u00f6\u00f6na valmistatud. Oskuslik korgit\u00f6\u00f6tlemine teeb selle pehmeks ja painduvaks muutes selle kandmise sujuvaks&hellip;<\/p>","protected":false},"featured_media":4793,"comment_status":"open","ping_status":"closed","template":"","meta":{"wprm-recipe-roundup-name":"","wprm-recipe-roundup-description":""},"product_brand":[],"product_cat":[243],"product_tag":[222],"class_list":{"0":"post-4792","1":"product","2":"type-product","3":"status-publish","4":"has-post-thumbnail","6":"product_cat-kaekellad-ja-ehted","7":"product_tag-kell","9":"first","10":"outofstock","11":"taxable","12":"shipping-taxable","13":"purchasable","14":"product-type-simple"},"supplier_id":9159,"supplier_sku":"","barcode":null,"atum_controlled":true,"out_stock_date":"2024-11-10 15:05:39","out_stock_threshold":null,"inheritable":false,"inbound_stock":0,"stock_on_hold":0,"sold_today":0,"sales_last_days":0,"reserved_stock":0,"customer_returns":0,"warehouse_damage":0,"lost_in_post":0,"other_logs":0,"out_stock_days":481,"lost_sales":1992,"has_location":false,"update_date":"2026-03-07T01:16:01","atum_locations":[],"atum_stock_status":"outofstock","restock_status":false,"low_stock_amount":"","sales_update_date":"2026-03-07T01:16:01","calc_backorders":null,"aioseo_notices":[],"_links":{"self":[{"href":"https:\/\/ecoshop.ee\/de\/wp-json\/wp\/v2\/product\/4792","targetHints":{"allow":["GET"]}}],"collection":[{"href":"https:\/\/ecoshop.ee\/de\/wp-json\/wp\/v2\/product"}],"about":[{"href":"https:\/\/ecoshop.ee\/de\/wp-json\/wp\/v2\/types\/product"}],"replies":[{"embeddable":true,"href":"https:\/\/ecoshop.ee\/de\/wp-json\/wp\/v2\/comments?post=4792"}],"version-history":[{"count":0,"href":"https:\/\/ecoshop.ee\/de\/wp-json\/wp\/v2\/product\/4792\/revisions"}],"wp:featuredmedia":[{"embeddable":true,"href":"https:\/\/ecoshop.ee\/de\/wp-json\/wp\/v2\/media\/4793"}],"wp:attachment":[{"href":"https:\/\/ecoshop.ee\/de\/wp-json\/wp\/v2\/media?parent=4792"}],"wp:term":[{"taxonomy":"product_brand","embeddable":true,"href":"https:\/\/ecoshop.ee\/de\/wp-json\/wp\/v2\/product_brand?post=4792"},{"taxonomy":"product_cat","embeddable":true,"href":"https:\/\/ecoshop.ee\/de\/wp-json\/wp\/v2\/product_cat?post=4792"},{"taxonomy":"product_tag","embeddable":true,"href":"https:\/\/ecoshop.ee\/de\/wp-json\/wp\/v2\/product_tag?post=4792"}],"curies":[{"name":"wp","href":"https:\/\/api.w.org\/{rel}","templated":true}]}}