{"id":4801,"date":"2024-06-24T21:40:00","date_gmt":"2024-06-24T18:40:00","guid":{"rendered":"https:\/\/ecoshop.ee\/?post_type=product&#038;p=4801"},"modified":"2025-12-25T19:44:33","modified_gmt":"2025-12-25T16:44:33","slug":"notizbuch-aus-kork-mit-kartenfach-und-stifthalter","status":"publish","type":"product","link":"https:\/\/ecoshop.ee\/de\/tarvikud\/korgist-markmik-kaarditasku-ja-pliiatsihoidjaga\/","title":{"rendered":"Notizbuch aus Kork mit Kartenfach und Stifthalter"},"content":{"rendered":"<p>Notizbuch aus Kork \u2013 eine elegante Kombination aus Funktionalit\u00e4t und Stil, erh\u00e4ltlich in drei wundersch\u00f6nen Farben: Natur, Burgunderrot und Braun. Bereichern Sie Ihr t\u00e4gliches Tagebuchschreiben und hinterlassen Sie mit diesem hochwertig verarbeiteten Notizbuch einen bleibenden Eindruck. Ein besonderes Highlight ist das spezielle Kartenfach, in dem bis zu vier Bank- oder Visitenkarten Platz finden. So wird es zum vielseitigen Begleiter f\u00fcr Ihre t\u00e4glichen Erledigungen.<\/p>\n<p>Dieses Notizbuch ist vielseitig einsetzbar: als pers\u00f6nliches Tagebuch, Reisetagebuch, Business-Notizbuch, Notizbuch f\u00fcr Schul- oder Uniarbeiten, Planer, Bullet Journal und vieles mehr. Es eignet sich auch hervorragend als Geschenk f\u00fcr Freunde und Familie und bereichert deren Alltag mit Eleganz und Funktionalit\u00e4t.<\/p>\n<p><strong>Largeused:<\/strong><\/p>\n<ul>\n<li>L\u00e4nge: 21 cm<\/li>\n<li>Breite 14 cm<\/li>\n<li>Dicke: 1,5 cm<\/li>\n<\/ul>","protected":false},"excerpt":{"rendered":"<p>Korgist m\u00e4rkmik &#8211; funktsionaalsuse ja stiili elegantne kombinatsioon, saadaval kolmes kaunis v\u00e4rvitoonis: naturaalne, veinipunane ja pruun. T\u00f5sta oma igap\u00e4evase p\u00e4evikupidamise kogemus uuele&hellip;<\/p>","protected":false},"featured_media":4805,"comment_status":"open","ping_status":"closed","template":"","meta":{"wprm-recipe-roundup-name":"","wprm-recipe-roundup-description":""},"product_brand":[],"product_cat":[245],"product_tag":[223],"class_list":{"0":"post-4801","1":"product","2":"type-product","3":"status-publish","4":"has-post-thumbnail","6":"product_cat-tarvikud","7":"product_tag-markmik","9":"first","10":"instock","11":"taxable","12":"shipping-taxable","13":"purchasable","14":"product-type-variable"},"supplier_id":null,"supplier_sku":"","barcode":null,"atum_controlled":true,"out_stock_date":null,"out_stock_threshold":null,"inheritable":false,"inbound_stock":0,"stock_on_hold":0,"sold_today":0,"sales_last_days":0,"reserved_stock":0,"customer_returns":0,"warehouse_damage":0,"lost_in_post":0,"other_logs":0,"out_stock_days":0,"lost_sales":0,"has_location":false,"update_date":"2026-03-07T01:16:10","atum_locations":[],"atum_stock_status":"instock","restock_status":false,"low_stock_amount":"","sales_update_date":"2026-03-07T01:16:10","calc_backorders":null,"aioseo_notices":[],"_links":{"self":[{"href":"https:\/\/ecoshop.ee\/de\/wp-json\/wp\/v2\/product\/4801","targetHints":{"allow":["GET"]}}],"collection":[{"href":"https:\/\/ecoshop.ee\/de\/wp-json\/wp\/v2\/product"}],"about":[{"href":"https:\/\/ecoshop.ee\/de\/wp-json\/wp\/v2\/types\/product"}],"replies":[{"embeddable":true,"href":"https:\/\/ecoshop.ee\/de\/wp-json\/wp\/v2\/comments?post=4801"}],"version-history":[{"count":0,"href":"https:\/\/ecoshop.ee\/de\/wp-json\/wp\/v2\/product\/4801\/revisions"}],"wp:featuredmedia":[{"embeddable":true,"href":"https:\/\/ecoshop.ee\/de\/wp-json\/wp\/v2\/media\/4805"}],"wp:attachment":[{"href":"https:\/\/ecoshop.ee\/de\/wp-json\/wp\/v2\/media?parent=4801"}],"wp:term":[{"taxonomy":"product_brand","embeddable":true,"href":"https:\/\/ecoshop.ee\/de\/wp-json\/wp\/v2\/product_brand?post=4801"},{"taxonomy":"product_cat","embeddable":true,"href":"https:\/\/ecoshop.ee\/de\/wp-json\/wp\/v2\/product_cat?post=4801"},{"taxonomy":"product_tag","embeddable":true,"href":"https:\/\/ecoshop.ee\/de\/wp-json\/wp\/v2\/product_tag?post=4801"}],"curies":[{"name":"wp","href":"https:\/\/api.w.org\/{rel}","templated":true}]}}