{"id":4893,"date":"2024-06-27T22:31:17","date_gmt":"2024-06-27T19:31:17","guid":{"rendered":"https:\/\/ecoshop.ee\/?post_type=product&#038;p=4893"},"modified":"2025-12-25T19:44:33","modified_gmt":"2025-12-25T16:44:33","slug":"federmappchen-aus-kork-mit-geometrischem-muster","status":"publish","type":"product","link":"https:\/\/ecoshop.ee\/de\/tarvikud\/geomeetrilise-mustriga-korgist-pliiatsikott\/","title":{"rendered":"Federm\u00e4ppchen aus Kork mit geometrischem Muster"},"content":{"rendered":"<p>Dieses Federm\u00e4ppchen aus Kork ist ideal f\u00fcr Schule, Uni oder B\u00fcro. Ein einzigartiges Korkprodukt, das sehr praktisch und leicht zu transportieren ist und in jede Handtasche passt. Es eignet sich perfekt zur Aufbewahrung und Organisation von Schulmaterialien und Kosmetikartikeln. Hergestellt aus \u00f6kologischem und nachhaltigem Kork, der besonders weich, flexibel und strapazierf\u00e4hig ist.<\/p>\n<p><strong>Gr\u00f6\u00dfe:<\/strong><\/p>\n<ul>\n<li>L\u00e4nge: 20 cm<\/li>\n<li>Breite: 9 cm<\/li>\n<li>Dicke: 9 cm<\/li>\n<\/ul>","protected":false},"excerpt":{"rendered":"<p>See korgist pliiatsikott on ideaalne kooli, \u00fclikooli v\u00f5i kontorisse. Unikaalne korgist toode, mis on v\u00e4ga praktiline ja kergesti kaasaskantav, mahtudes igasse k\u00e4ekotti.&hellip;<\/p>","protected":false},"featured_media":4894,"comment_status":"open","ping_status":"closed","template":"","meta":{"wprm-recipe-roundup-name":"","wprm-recipe-roundup-description":""},"product_brand":[],"product_cat":[245],"product_tag":[202,237],"class_list":{"0":"post-4893","1":"product","2":"type-product","3":"status-publish","4":"has-post-thumbnail","6":"product_cat-tarvikud","7":"product_tag-kott","8":"product_tag-pliiatsikott","10":"first","11":"instock","12":"taxable","13":"shipping-taxable","14":"purchasable","15":"product-type-simple"},"supplier_id":9159,"supplier_sku":"","barcode":null,"atum_controlled":true,"out_stock_date":null,"out_stock_threshold":null,"inheritable":false,"inbound_stock":0,"stock_on_hold":0,"sold_today":0,"sales_last_days":0,"reserved_stock":0,"customer_returns":0,"warehouse_damage":0,"lost_in_post":0,"other_logs":0,"out_stock_days":0,"lost_sales":0,"has_location":false,"update_date":"2026-03-07T01:16:04","atum_locations":[],"atum_stock_status":"instock","restock_status":false,"low_stock_amount":"","sales_update_date":"2026-03-07T01:16:04","calc_backorders":null,"aioseo_notices":[],"_links":{"self":[{"href":"https:\/\/ecoshop.ee\/de\/wp-json\/wp\/v2\/product\/4893","targetHints":{"allow":["GET"]}}],"collection":[{"href":"https:\/\/ecoshop.ee\/de\/wp-json\/wp\/v2\/product"}],"about":[{"href":"https:\/\/ecoshop.ee\/de\/wp-json\/wp\/v2\/types\/product"}],"replies":[{"embeddable":true,"href":"https:\/\/ecoshop.ee\/de\/wp-json\/wp\/v2\/comments?post=4893"}],"version-history":[{"count":0,"href":"https:\/\/ecoshop.ee\/de\/wp-json\/wp\/v2\/product\/4893\/revisions"}],"wp:featuredmedia":[{"embeddable":true,"href":"https:\/\/ecoshop.ee\/de\/wp-json\/wp\/v2\/media\/4894"}],"wp:attachment":[{"href":"https:\/\/ecoshop.ee\/de\/wp-json\/wp\/v2\/media?parent=4893"}],"wp:term":[{"taxonomy":"product_brand","embeddable":true,"href":"https:\/\/ecoshop.ee\/de\/wp-json\/wp\/v2\/product_brand?post=4893"},{"taxonomy":"product_cat","embeddable":true,"href":"https:\/\/ecoshop.ee\/de\/wp-json\/wp\/v2\/product_cat?post=4893"},{"taxonomy":"product_tag","embeddable":true,"href":"https:\/\/ecoshop.ee\/de\/wp-json\/wp\/v2\/product_tag?post=4893"}],"curies":[{"name":"wp","href":"https:\/\/api.w.org\/{rel}","templated":true}]}}