{"id":5507,"date":"2024-07-12T23:07:46","date_gmt":"2024-07-12T20:07:46","guid":{"rendered":"https:\/\/ecoshop.ee\/?post_type=product&#038;p=5507"},"modified":"2025-12-25T19:35:21","modified_gmt":"2025-12-25T16:35:21","slug":"bordeauxrote-korkgeldborse-mit-reisverschluss","status":"publish","type":"product","link":"https:\/\/ecoshop.ee\/de\/rahakotid\/veinipunane-tomblukuga-korgist-rahakott\/","title":{"rendered":"Weinrote Korkgeldb\u00f6rse mit Rei\u00dfverschluss"},"content":{"rendered":"<p>Zeigen Sie Ihren Sinn f\u00fcr Stil mit dieser eleganten Korkgeldb\u00f6rse mit Rei\u00dfverschluss. Silberne Akzente verleihen jedem Outfit einen Hauch von Glanz und machen dieses Accessoire zu einem echten Hingucker. Der Rei\u00dfverschluss oben erm\u00f6glicht bequemen und schnellen Zugriff und erleichtert so den Alltag. Diese Korkgeldb\u00f6rse vereint Funktionalit\u00e4t und Sch\u00f6nheit und bietet mehr, als Sie erwarten w\u00fcrden. Tragen Sie sie in Ihrer Alltagstasche und f\u00fchlen Sie sich immer stilvoll.<\/p>\n<p>Inhalt:<\/p>\n<ul>\n<li>Material: Kork<\/li>\n<li>Bezug: 63% Baumwolle, 37% Polyester<\/li>\n<li>Schloss: Zamak<\/li>\n<\/ul>\n<p>Gr\u00f6\u00dfe:<\/p>\n<ul>\n<li>L\u00e4nge: 19 cm<\/li>\n<li>Breite: 10 cm<\/li>\n<li>Dicke: 2,5 cm<\/li>\n<\/ul>","protected":false},"excerpt":{"rendered":"<p>N\u00e4idake oma stiilitunnetust selle elegantse t\u00f5mblukuga korgist rahakotiga. H\u00f5bedased aktsendid lisavad s\u00e4rtsu igale riietusele, muutes selle aksessuaari t\u00f5eliseks pilgup\u00fc\u00fcdjaks. Pealmine lukk tagab&hellip;<\/p>","protected":false},"featured_media":5508,"comment_status":"open","ping_status":"closed","template":"","meta":{"wprm-recipe-roundup-name":"","wprm-recipe-roundup-description":""},"product_brand":[],"product_cat":[241],"product_tag":[219],"class_list":{"0":"post-5507","1":"product","2":"type-product","3":"status-publish","4":"has-post-thumbnail","6":"product_cat-rahakotid","7":"product_tag-rahakott","9":"first","10":"instock","11":"taxable","12":"shipping-taxable","13":"purchasable","14":"product-type-simple"},"supplier_id":9159,"supplier_sku":"","barcode":null,"atum_controlled":true,"out_stock_date":null,"out_stock_threshold":null,"inheritable":false,"inbound_stock":0,"stock_on_hold":0,"sold_today":0,"sales_last_days":0,"reserved_stock":0,"customer_returns":0,"warehouse_damage":0,"lost_in_post":0,"other_logs":0,"out_stock_days":0,"lost_sales":0,"has_location":false,"update_date":"2026-03-07T01:16:04","atum_locations":[],"atum_stock_status":"instock","restock_status":false,"low_stock_amount":"","sales_update_date":"2026-03-07T01:16:04","calc_backorders":null,"aioseo_notices":[],"_links":{"self":[{"href":"https:\/\/ecoshop.ee\/de\/wp-json\/wp\/v2\/product\/5507","targetHints":{"allow":["GET"]}}],"collection":[{"href":"https:\/\/ecoshop.ee\/de\/wp-json\/wp\/v2\/product"}],"about":[{"href":"https:\/\/ecoshop.ee\/de\/wp-json\/wp\/v2\/types\/product"}],"replies":[{"embeddable":true,"href":"https:\/\/ecoshop.ee\/de\/wp-json\/wp\/v2\/comments?post=5507"}],"version-history":[{"count":0,"href":"https:\/\/ecoshop.ee\/de\/wp-json\/wp\/v2\/product\/5507\/revisions"}],"wp:featuredmedia":[{"embeddable":true,"href":"https:\/\/ecoshop.ee\/de\/wp-json\/wp\/v2\/media\/5508"}],"wp:attachment":[{"href":"https:\/\/ecoshop.ee\/de\/wp-json\/wp\/v2\/media?parent=5507"}],"wp:term":[{"taxonomy":"product_brand","embeddable":true,"href":"https:\/\/ecoshop.ee\/de\/wp-json\/wp\/v2\/product_brand?post=5507"},{"taxonomy":"product_cat","embeddable":true,"href":"https:\/\/ecoshop.ee\/de\/wp-json\/wp\/v2\/product_cat?post=5507"},{"taxonomy":"product_tag","embeddable":true,"href":"https:\/\/ecoshop.ee\/de\/wp-json\/wp\/v2\/product_tag?post=5507"}],"curies":[{"name":"wp","href":"https:\/\/api.w.org\/{rel}","templated":true}]}}