{"id":5521,"date":"2024-07-12T23:36:52","date_gmt":"2024-07-12T20:36:52","guid":{"rendered":"https:\/\/ecoshop.ee\/?post_type=product&#038;p=5521"},"modified":"2024-11-09T01:27:02","modified_gmt":"2024-11-08T22:27:02","slug":"abschliesbare-gemusterte-kork-umhangetasche","status":"publish","type":"product","link":"https:\/\/ecoshop.ee\/de\/kotid\/lukustatav-mustriga-korgist-crossbody-kott\/","title":{"rendered":"Abschlie\u00dfbare gemusterte Kork-Umh\u00e4ngetasche"},"content":{"rendered":"<p>Diese formstabile Kork-Umh\u00e4ngetasche mit Korkriemen verf\u00fcgt \u00fcber eine Rei\u00dfverschlusstasche auf der R\u00fcckseite, in der Sie Ihre wichtigsten Alltagsgegenst\u00e4nde bequem verstauen k\u00f6nnen. Die Vorderseite besticht durch ein wundersch\u00f6nes, farbenfrohes Muster, das durch rustikale Details aus Naturkork an Ober- und R\u00fcckseite perfekt erg\u00e4nzt wird. Diese charmante Tasche ist die ideale Wahl f\u00fcr Ihren veganen Lebensstil, da sie aus Eichenrinde biologisch und nachhaltig hergestellt wird.<\/p>\n<p>Material und Verarbeitung:<\/p>\n<ul>\n<li>Material: Kork<\/li>\n<li>Futter: 35% Baumwolle, 65% Polyester<\/li>\n<\/ul>\n<p>Gr\u00f6\u00dfe:<\/p>\n<ul>\n<li>L\u00e4nge: 23 cm<\/li>\n<li>Breite: 16 cm<\/li>\n<li>Gewicht: 150 g<\/li>\n<\/ul>","protected":false},"excerpt":{"rendered":"<p>See struktureeritud korkist crossbody kott, millel on korkist rihm, on varustatud tagumisel k\u00fcljel asuva lukuga taskuga, kuhu saad mugavalt oma igap\u00e4evased tarvikud&hellip;<\/p>","protected":false},"featured_media":5524,"comment_status":"open","ping_status":"closed","template":"","meta":{"wprm-recipe-roundup-name":"","wprm-recipe-roundup-description":""},"product_brand":[],"product_cat":[242],"product_tag":[202],"class_list":{"0":"post-5521","1":"product","2":"type-product","3":"status-publish","4":"has-post-thumbnail","6":"product_cat-kotid","7":"product_tag-kott","9":"first","10":"instock","11":"taxable","12":"shipping-taxable","13":"purchasable","14":"product-type-variable"},"supplier_id":null,"supplier_sku":"","barcode":null,"atum_controlled":true,"out_stock_date":null,"out_stock_threshold":null,"inheritable":false,"inbound_stock":0,"stock_on_hold":0,"sold_today":0,"sales_last_days":0,"reserved_stock":0,"customer_returns":0,"warehouse_damage":0,"lost_in_post":0,"other_logs":0,"out_stock_days":0,"lost_sales":0,"has_location":false,"update_date":"2026-03-07T01:16:04","atum_locations":[],"atum_stock_status":"instock","restock_status":false,"low_stock_amount":"","sales_update_date":"2026-03-07T01:16:04","calc_backorders":null,"aioseo_notices":[],"_links":{"self":[{"href":"https:\/\/ecoshop.ee\/de\/wp-json\/wp\/v2\/product\/5521","targetHints":{"allow":["GET"]}}],"collection":[{"href":"https:\/\/ecoshop.ee\/de\/wp-json\/wp\/v2\/product"}],"about":[{"href":"https:\/\/ecoshop.ee\/de\/wp-json\/wp\/v2\/types\/product"}],"replies":[{"embeddable":true,"href":"https:\/\/ecoshop.ee\/de\/wp-json\/wp\/v2\/comments?post=5521"}],"version-history":[{"count":0,"href":"https:\/\/ecoshop.ee\/de\/wp-json\/wp\/v2\/product\/5521\/revisions"}],"wp:featuredmedia":[{"embeddable":true,"href":"https:\/\/ecoshop.ee\/de\/wp-json\/wp\/v2\/media\/5524"}],"wp:attachment":[{"href":"https:\/\/ecoshop.ee\/de\/wp-json\/wp\/v2\/media?parent=5521"}],"wp:term":[{"taxonomy":"product_brand","embeddable":true,"href":"https:\/\/ecoshop.ee\/de\/wp-json\/wp\/v2\/product_brand?post=5521"},{"taxonomy":"product_cat","embeddable":true,"href":"https:\/\/ecoshop.ee\/de\/wp-json\/wp\/v2\/product_cat?post=5521"},{"taxonomy":"product_tag","embeddable":true,"href":"https:\/\/ecoshop.ee\/de\/wp-json\/wp\/v2\/product_tag?post=5521"}],"curies":[{"name":"wp","href":"https:\/\/api.w.org\/{rel}","templated":true}]}}