{"id":5554,"date":"2024-07-13T20:44:11","date_gmt":"2024-07-13T17:44:11","guid":{"rendered":"https:\/\/ecoshop.ee\/?post_type=product&#038;p=5554"},"modified":"2024-11-09T01:29:16","modified_gmt":"2024-11-08T22:29:16","slug":"set-aus-korkgeldborsen-in-einer-geschenkbox","status":"publish","type":"product","link":"https:\/\/ecoshop.ee\/de\/rahakotid\/kinkekarbis-korgist-rahakottide-komplekt\/","title":{"rendered":"Set aus Korkgeldb\u00f6rsen in einer Geschenkbox"},"content":{"rendered":"<p>Ein Set aus Korkgeldb\u00f6rsen in leichtem und kompaktem Design. Der Kork ist weich, liegt angenehm in der Hand, ist wasserabweisend und leicht zu reinigen. Ideal f\u00fcr die t\u00e4gliche Aufbewahrung von M\u00fcnzen und Bankkarten. Schnell, einfach und praktisch f\u00fcr den t\u00e4glichen Gebrauch. Das Set besteht aus einer l\u00e4nglichen Geldb\u00f6rse und einem Kartenetui, beide verpackt in einer ansprechenden Geschenkbox.<\/p>\n<p>&nbsp;<\/p>\n<p><strong>Material:<\/strong><\/p>\n<ul>\n<li>Au\u00dfenmaterial: Kork<\/li>\n<li>Futter: 100% Polyester<\/li>\n<\/ul>\n<p>&nbsp;<\/p>\n<p><strong>Largeused:<\/strong><\/p>\n<ul>\n<li>Lange Geldb\u00f6rse: L\u00e4nge: 19 cm; Breite: 10 cm; Dicke: 2,5 cm<\/li>\n<li>Kartenfach: L\u00e4nge: 11; Breite: 7; Dicke: 2,5 cm<\/li>\n<\/ul>","protected":false},"excerpt":{"rendered":"<p>Kerge ja kompaktse disainiga korgist rahakottide komplekt. Kork on pehme, mugav k\u00e4es hoida, veekindel ja kergesti puhastatav. Ideaalne igap\u00e4evaseks m\u00fcndi- ja pangakaartide&hellip;<\/p>","protected":false},"featured_media":5555,"comment_status":"open","ping_status":"closed","template":"","meta":{"wprm-recipe-roundup-name":"","wprm-recipe-roundup-description":""},"product_brand":[],"product_cat":[241],"product_tag":[219],"class_list":{"0":"post-5554","1":"product","2":"type-product","3":"status-publish","4":"has-post-thumbnail","6":"product_cat-rahakotid","7":"product_tag-rahakott","9":"first","10":"instock","11":"taxable","12":"shipping-taxable","13":"purchasable","14":"product-type-simple"},"supplier_id":9159,"supplier_sku":"","barcode":null,"atum_controlled":true,"out_stock_date":null,"out_stock_threshold":null,"inheritable":false,"inbound_stock":0,"stock_on_hold":0,"sold_today":0,"sales_last_days":0,"reserved_stock":0,"customer_returns":0,"warehouse_damage":0,"lost_in_post":0,"other_logs":0,"out_stock_days":0,"lost_sales":0,"has_location":false,"update_date":"2026-03-07T01:16:04","atum_locations":[],"atum_stock_status":"instock","restock_status":false,"low_stock_amount":"","sales_update_date":"2026-03-07T01:16:04","calc_backorders":null,"aioseo_notices":[],"_links":{"self":[{"href":"https:\/\/ecoshop.ee\/de\/wp-json\/wp\/v2\/product\/5554","targetHints":{"allow":["GET"]}}],"collection":[{"href":"https:\/\/ecoshop.ee\/de\/wp-json\/wp\/v2\/product"}],"about":[{"href":"https:\/\/ecoshop.ee\/de\/wp-json\/wp\/v2\/types\/product"}],"replies":[{"embeddable":true,"href":"https:\/\/ecoshop.ee\/de\/wp-json\/wp\/v2\/comments?post=5554"}],"version-history":[{"count":0,"href":"https:\/\/ecoshop.ee\/de\/wp-json\/wp\/v2\/product\/5554\/revisions"}],"wp:featuredmedia":[{"embeddable":true,"href":"https:\/\/ecoshop.ee\/de\/wp-json\/wp\/v2\/media\/5555"}],"wp:attachment":[{"href":"https:\/\/ecoshop.ee\/de\/wp-json\/wp\/v2\/media?parent=5554"}],"wp:term":[{"taxonomy":"product_brand","embeddable":true,"href":"https:\/\/ecoshop.ee\/de\/wp-json\/wp\/v2\/product_brand?post=5554"},{"taxonomy":"product_cat","embeddable":true,"href":"https:\/\/ecoshop.ee\/de\/wp-json\/wp\/v2\/product_cat?post=5554"},{"taxonomy":"product_tag","embeddable":true,"href":"https:\/\/ecoshop.ee\/de\/wp-json\/wp\/v2\/product_tag?post=5554"}],"curies":[{"name":"wp","href":"https:\/\/api.w.org\/{rel}","templated":true}]}}