{"id":5559,"date":"2024-07-13T21:06:16","date_gmt":"2024-07-13T18:06:16","guid":{"rendered":"https:\/\/ecoshop.ee\/?post_type=product&#038;p=5559"},"modified":"2025-12-25T19:40:49","modified_gmt":"2025-12-25T16:40:49","slug":"tragetasche-aus-naturkork-mit-geometrischem-muster","status":"publish","type":"product","link":"https:\/\/ecoshop.ee\/de\/kotid\/geomeetrilise-mustriga-naturaalsest-korgist-kandekott\/","title":{"rendered":"Tragetasche aus Naturkork mit geometrischem Muster"},"content":{"rendered":"<p><strong>Schicker Stil und innovatives Konzept<\/strong><br \/>\nDas dreieckige Muster in Kombination mit dem nat\u00fcrlichen Korkmaterial macht diese Tasche einzigartig. Die holz\u00e4hnliche Korkstruktur sorgt f\u00fcr Weichheit, Leichtigkeit und Langlebigkeit.<\/p>\n<p><strong>\u00c4u\u00dferst komfortabel und vielseitig<\/strong><br \/>\nEs verf\u00fcgt \u00fcber ein sehr funktionales Design, das zu einer Vielzahl von Stilen und Tragem\u00f6glichkeiten passt.<\/p>\n<p><strong>Modern und ger\u00e4umig<\/strong><br \/>\nDiese Tragetasche bietet Platz f\u00fcr alles, was Sie unterwegs ben\u00f6tigen, wie z. B. Handy, Tablet, Zeitschriften, Kosmetikartikel, Powerbank, Geldb\u00f6rse, Alltagsaccessoires usw. Dank ihrer schlanken Form l\u00e4sst sie sich im leeren Zustand flach zusammenfalten und verstauen.<\/p>\n<p><strong>Hochwertige Materialien<\/strong><br \/>\nHergestellt aus hochwertigem Kork und weichem Innenfutter, mit einem robusten Rei\u00dfverschluss und verst\u00e4rkten N\u00e4hten.<\/p>\n<p><strong>Gr\u00f6\u00dfe:<\/strong><\/p>\n<ul>\n<li>L\u00e4nge 25 cm<\/li>\n<li>Breite: 20 cm<\/li>\n<li>Dicke: 7 cm<\/li>\n<li>Schulterkette: 120 cm<\/li>\n<\/ul>","protected":false},"excerpt":{"rendered":"<p>\u0160ikk stiil ja innovatiivne kontseptsioon Kolmnurkmuster koos loodusliku korkmaterjaliga muudab selle koti ainulaadseks. Puidulaadne korgist tekstuur pakub pehmust, kergust ja vastupidavat disaini.&hellip;<\/p>","protected":false},"featured_media":5563,"comment_status":"open","ping_status":"closed","template":"","meta":{"wprm-recipe-roundup-name":"","wprm-recipe-roundup-description":""},"product_brand":[],"product_cat":[242],"product_tag":[202],"class_list":{"0":"post-5559","1":"product","2":"type-product","3":"status-publish","4":"has-post-thumbnail","6":"product_cat-kotid","7":"product_tag-kott","9":"first","10":"instock","11":"taxable","12":"shipping-taxable","13":"purchasable","14":"product-type-variable"},"supplier_id":null,"supplier_sku":"","barcode":null,"atum_controlled":true,"out_stock_date":null,"out_stock_threshold":null,"inheritable":false,"inbound_stock":0,"stock_on_hold":0,"sold_today":0,"sales_last_days":0,"reserved_stock":0,"customer_returns":0,"warehouse_damage":0,"lost_in_post":0,"other_logs":0,"out_stock_days":0,"lost_sales":0,"has_location":false,"update_date":"2026-03-07T01:16:04","atum_locations":[],"atum_stock_status":"instock","restock_status":false,"low_stock_amount":"","sales_update_date":"2026-03-07T01:16:04","calc_backorders":null,"aioseo_notices":[],"_links":{"self":[{"href":"https:\/\/ecoshop.ee\/de\/wp-json\/wp\/v2\/product\/5559","targetHints":{"allow":["GET"]}}],"collection":[{"href":"https:\/\/ecoshop.ee\/de\/wp-json\/wp\/v2\/product"}],"about":[{"href":"https:\/\/ecoshop.ee\/de\/wp-json\/wp\/v2\/types\/product"}],"replies":[{"embeddable":true,"href":"https:\/\/ecoshop.ee\/de\/wp-json\/wp\/v2\/comments?post=5559"}],"version-history":[{"count":0,"href":"https:\/\/ecoshop.ee\/de\/wp-json\/wp\/v2\/product\/5559\/revisions"}],"wp:featuredmedia":[{"embeddable":true,"href":"https:\/\/ecoshop.ee\/de\/wp-json\/wp\/v2\/media\/5563"}],"wp:attachment":[{"href":"https:\/\/ecoshop.ee\/de\/wp-json\/wp\/v2\/media?parent=5559"}],"wp:term":[{"taxonomy":"product_brand","embeddable":true,"href":"https:\/\/ecoshop.ee\/de\/wp-json\/wp\/v2\/product_brand?post=5559"},{"taxonomy":"product_cat","embeddable":true,"href":"https:\/\/ecoshop.ee\/de\/wp-json\/wp\/v2\/product_cat?post=5559"},{"taxonomy":"product_tag","embeddable":true,"href":"https:\/\/ecoshop.ee\/de\/wp-json\/wp\/v2\/product_tag?post=5559"}],"curies":[{"name":"wp","href":"https:\/\/api.w.org\/{rel}","templated":true}]}}