{"id":5568,"date":"2024-07-13T21:25:29","date_gmt":"2024-07-13T18:25:29","guid":{"rendered":"https:\/\/ecoshop.ee\/?post_type=product&#038;p=5568"},"modified":"2024-11-09T01:29:16","modified_gmt":"2024-11-08T22:29:16","slug":"gemusterte-schultertasche-aus-naturkork","status":"publish","type":"product","link":"https:\/\/ecoshop.ee\/de\/kotid\/mustriline-naturaalsest-korgist-olakott\/","title":{"rendered":"Schultertasche aus gemustertem Naturkork"},"content":{"rendered":"<p>Diese elegante Kork-Schultertasche vereint das nat\u00fcrliche und strapazierf\u00e4hige Korkmaterial mit dem ikonischen portugiesischen Hahnenmotiv und ist somit ein einzigartiges und kulturell bereicherndes Accessoire. Das weiche, leichte und nachhaltige Design sorgt f\u00fcr angenehmen Tragekomfort, w\u00e4hrend der zuverl\u00e4ssige Magnetverschluss Ihre Sachen sicher verwahrt. Mit praktischen F\u00e4chern und einer R\u00fcckentasche ist diese Tasche perfekt f\u00fcr den Alltag geeignet und vereint Funktionalit\u00e4t und Eleganz.<\/p>\n<p>&nbsp;<\/p>\n<p><strong>Largeused:<\/strong><\/p>\n<ul>\n<li>L\u00e4nge: 23 cm<\/li>\n<li>Breite: 18 cm<\/li>\n<li>Dicke: 8 cm<\/li>\n<\/ul>","protected":false},"excerpt":{"rendered":"<p>See stiilne korgist \u00f5lakott \u00fchendab loodusliku ja vastupidava korgimaterjali ikoonilise Portugali kukemotiiviga, luues ainulaadse ja kultuuriliselt rikastatud aksessuaari. Pehme, kerge ja j\u00e4tkusuutlik&hellip;<\/p>","protected":false},"featured_media":5569,"comment_status":"open","ping_status":"closed","template":"","meta":{"wprm-recipe-roundup-name":"","wprm-recipe-roundup-description":""},"product_brand":[],"product_cat":[242],"product_tag":[202],"class_list":{"0":"post-5568","1":"product","2":"type-product","3":"status-publish","4":"has-post-thumbnail","6":"product_cat-kotid","7":"product_tag-kott","9":"first","10":"instock","11":"taxable","12":"shipping-taxable","13":"purchasable","14":"product-type-simple"},"supplier_id":9159,"supplier_sku":"","barcode":null,"atum_controlled":true,"out_stock_date":null,"out_stock_threshold":null,"inheritable":false,"inbound_stock":0,"stock_on_hold":0,"sold_today":0,"sales_last_days":0,"reserved_stock":0,"customer_returns":0,"warehouse_damage":0,"lost_in_post":0,"other_logs":0,"out_stock_days":0,"lost_sales":0,"has_location":false,"update_date":"2026-03-07T01:16:04","atum_locations":[],"atum_stock_status":"instock","restock_status":false,"low_stock_amount":"","sales_update_date":"2026-03-07T01:16:04","calc_backorders":null,"aioseo_notices":[],"_links":{"self":[{"href":"https:\/\/ecoshop.ee\/de\/wp-json\/wp\/v2\/product\/5568","targetHints":{"allow":["GET"]}}],"collection":[{"href":"https:\/\/ecoshop.ee\/de\/wp-json\/wp\/v2\/product"}],"about":[{"href":"https:\/\/ecoshop.ee\/de\/wp-json\/wp\/v2\/types\/product"}],"replies":[{"embeddable":true,"href":"https:\/\/ecoshop.ee\/de\/wp-json\/wp\/v2\/comments?post=5568"}],"version-history":[{"count":0,"href":"https:\/\/ecoshop.ee\/de\/wp-json\/wp\/v2\/product\/5568\/revisions"}],"wp:featuredmedia":[{"embeddable":true,"href":"https:\/\/ecoshop.ee\/de\/wp-json\/wp\/v2\/media\/5569"}],"wp:attachment":[{"href":"https:\/\/ecoshop.ee\/de\/wp-json\/wp\/v2\/media?parent=5568"}],"wp:term":[{"taxonomy":"product_brand","embeddable":true,"href":"https:\/\/ecoshop.ee\/de\/wp-json\/wp\/v2\/product_brand?post=5568"},{"taxonomy":"product_cat","embeddable":true,"href":"https:\/\/ecoshop.ee\/de\/wp-json\/wp\/v2\/product_cat?post=5568"},{"taxonomy":"product_tag","embeddable":true,"href":"https:\/\/ecoshop.ee\/de\/wp-json\/wp\/v2\/product_tag?post=5568"}],"curies":[{"name":"wp","href":"https:\/\/api.w.org\/{rel}","templated":true}]}}