{"id":5579,"date":"2024-07-14T21:51:19","date_gmt":"2024-07-14T18:51:19","guid":{"rendered":"https:\/\/ecoshop.ee\/?post_type=product&#038;p=5579"},"modified":"2024-11-09T01:29:17","modified_gmt":"2024-11-08T22:29:17","slug":"gemusterte-kork-umhangetasche","status":"publish","type":"product","link":"https:\/\/ecoshop.ee\/de\/kotid\/mustriga-korgist-crossbody-kott\/","title":{"rendered":"Gemusterte Kork-Umh\u00e4ngetasche"},"content":{"rendered":"<p>Eine formstabile Tasche aus Naturkork mit Korkriemen und Rei\u00dfverschluss. Eine Rei\u00dfverschlusstasche auf der R\u00fcckseite bietet Platz f\u00fcr Alltagsgegenst\u00e4nde und Schl\u00fcssel. Diese kleine Tasche mit ihrem charmanten Muster ist die perfekte Wahl f\u00fcr einen nachhaltigen Lebensstil, denn sie besteht aus Kork, der biologisch und nachhaltig aus Eichen gewonnen wird. Hochwertiger Kork ist umweltfreundlich, nachhaltig, sehr weich, flexibel und strapazierf\u00e4hig!<\/p>\n<p>&nbsp;<\/p>\n<p>Materialien:<\/p>\n<ul>\n<li>Hauptmaterial: Kork<\/li>\n<li>Sonstiges: Kunstleder<\/li>\n<\/ul>\n<p>Gr\u00f6\u00dfe und Passform:<\/p>\n<ul>\n<li>L\u00e4nge: 20 cm<\/li>\n<li>Breite: 14 cm<\/li>\n<li>Bodenst\u00e4rke: 7 cm<\/li>\n<\/ul>","protected":false},"excerpt":{"rendered":"<p>Looduslikust korgist struktuurne kott, millel on korgist rihm ja lukuga kinnitus. Tagak\u00fcljel asetsev t\u00f5mblukuga tasku aitab organiseerida igap\u00e4evaseid asju ja v\u00f5tmeid. See&hellip;<\/p>","protected":false},"featured_media":5638,"comment_status":"open","ping_status":"closed","template":"","meta":{"wprm-recipe-roundup-name":"","wprm-recipe-roundup-description":""},"product_brand":[],"product_cat":[242],"product_tag":[202],"class_list":{"0":"post-5579","1":"product","2":"type-product","3":"status-publish","4":"has-post-thumbnail","6":"product_cat-kotid","7":"product_tag-kott","9":"first","10":"instock","11":"taxable","12":"shipping-taxable","13":"purchasable","14":"product-type-variable"},"supplier_id":null,"supplier_sku":"","barcode":null,"atum_controlled":true,"out_stock_date":null,"out_stock_threshold":null,"inheritable":false,"inbound_stock":0,"stock_on_hold":0,"sold_today":0,"sales_last_days":0,"reserved_stock":0,"customer_returns":0,"warehouse_damage":0,"lost_in_post":0,"other_logs":0,"out_stock_days":0,"lost_sales":0,"has_location":false,"update_date":"2026-03-07T01:16:04","atum_locations":[],"atum_stock_status":"instock","restock_status":false,"low_stock_amount":"","sales_update_date":"2026-03-07T01:16:04","calc_backorders":null,"aioseo_notices":[],"_links":{"self":[{"href":"https:\/\/ecoshop.ee\/de\/wp-json\/wp\/v2\/product\/5579","targetHints":{"allow":["GET"]}}],"collection":[{"href":"https:\/\/ecoshop.ee\/de\/wp-json\/wp\/v2\/product"}],"about":[{"href":"https:\/\/ecoshop.ee\/de\/wp-json\/wp\/v2\/types\/product"}],"replies":[{"embeddable":true,"href":"https:\/\/ecoshop.ee\/de\/wp-json\/wp\/v2\/comments?post=5579"}],"version-history":[{"count":0,"href":"https:\/\/ecoshop.ee\/de\/wp-json\/wp\/v2\/product\/5579\/revisions"}],"wp:featuredmedia":[{"embeddable":true,"href":"https:\/\/ecoshop.ee\/de\/wp-json\/wp\/v2\/media\/5638"}],"wp:attachment":[{"href":"https:\/\/ecoshop.ee\/de\/wp-json\/wp\/v2\/media?parent=5579"}],"wp:term":[{"taxonomy":"product_brand","embeddable":true,"href":"https:\/\/ecoshop.ee\/de\/wp-json\/wp\/v2\/product_brand?post=5579"},{"taxonomy":"product_cat","embeddable":true,"href":"https:\/\/ecoshop.ee\/de\/wp-json\/wp\/v2\/product_cat?post=5579"},{"taxonomy":"product_tag","embeddable":true,"href":"https:\/\/ecoshop.ee\/de\/wp-json\/wp\/v2\/product_tag?post=5579"}],"curies":[{"name":"wp","href":"https:\/\/api.w.org\/{rel}","templated":true}]}}