{"id":56404,"date":"2025-01-25T21:31:27","date_gmt":"2025-01-25T19:31:27","guid":{"rendered":"https:\/\/ecoshop.ee\/?post_type=product&#038;p=56404"},"modified":"2026-05-08T21:37:34","modified_gmt":"2026-05-08T18:37:34","slug":"bettr-proteinreiche-linsensuppe-30-g","status":"publish","type":"product","link":"https:\/\/ecoshop.ee\/de\/hommikusook-ja-granolad\/bettr-proteiinirohke-laatsesupp-30g\/","title":{"rendered":"Bett&#039;r proteinreiche Linsensuppe, 30 g"},"content":{"rendered":"<p>Bett&#039;r Linsensuppe ist die perfekte Wahl f\u00fcr eine schnelle und gesunde Mahlzeit \u2013 jederzeit und \u00fcberall. Diese k\u00f6stliche Suppe ist reich an Protein und Ballaststoffen und eignet sich daher ideal f\u00fcr Veganer und Menschen mit Glutenunvertr\u00e4glichkeit. Sie ist bio-zertifiziert (100%) und frei von k\u00fcnstlichen Aromen und Farbstoffen. Diese Suppe ist die perfekte Mahlzeit f\u00fcr unterwegs.<\/p>\n<p>Langes Kochen geh\u00f6rt der Vergangenheit an! Bett&#039;r Instant-Proteinsuppe ist im Handumdrehen zubereitet \u2013 einfach hei\u00dfes Wasser hinzuf\u00fcgen, umr\u00fchren und genie\u00dfen. Die kompakte Verpackung ist ideal f\u00fcr unterwegs, ob im B\u00fcro oder auf einer Wanderung, und bietet den perfekten Snack f\u00fcr zwischendurch.<\/p>","protected":false},"excerpt":{"rendered":"<p>Bett&#8217;r l\u00e4\u00e4tsesupp on ideaalne valik kiireks ja tervislikuks toiduks igal ajal ja igas kohas. See maitsev supp on rikas valkude ja kiudainete&hellip;<\/p>","protected":false},"featured_media":56405,"comment_status":"open","ping_status":"closed","template":"","meta":{"wprm-recipe-roundup-name":"","wprm-recipe-roundup-description":""},"product_brand":[11995],"product_cat":[514],"product_tag":[297,522],"class_list":{"0":"post-56404","1":"product","2":"type-product","3":"status-publish","4":"has-post-thumbnail","6":"product_brand-bettr","7":"product_cat-hommikusook-ja-granolad","8":"product_tag-mahe","9":"product_tag-supp","10":"j79_wcxd_expiry_type-best-before","12":"first","13":"instock","14":"taxable","15":"shipping-taxable","16":"purchasable","17":"product-type-simple"},"supplier_id":9165,"supplier_sku":"","barcode":"3800233782752","atum_controlled":true,"out_stock_date":null,"out_stock_threshold":null,"inheritable":false,"inbound_stock":0,"stock_on_hold":0,"sold_today":0,"sales_last_days":0,"reserved_stock":0,"customer_returns":0,"warehouse_damage":0,"lost_in_post":0,"other_logs":0,"out_stock_days":170,"lost_sales":80,"has_location":false,"update_date":"2026-05-08T18:37:35","atum_locations":[],"atum_stock_status":"instock","restock_status":false,"low_stock_amount":"","sales_update_date":"2026-04-06T20:18:52","calc_backorders":null,"aioseo_notices":[],"_links":{"self":[{"href":"https:\/\/ecoshop.ee\/de\/wp-json\/wp\/v2\/product\/56404","targetHints":{"allow":["GET"]}}],"collection":[{"href":"https:\/\/ecoshop.ee\/de\/wp-json\/wp\/v2\/product"}],"about":[{"href":"https:\/\/ecoshop.ee\/de\/wp-json\/wp\/v2\/types\/product"}],"replies":[{"embeddable":true,"href":"https:\/\/ecoshop.ee\/de\/wp-json\/wp\/v2\/comments?post=56404"}],"version-history":[{"count":1,"href":"https:\/\/ecoshop.ee\/de\/wp-json\/wp\/v2\/product\/56404\/revisions"}],"predecessor-version":[{"id":396143,"href":"https:\/\/ecoshop.ee\/de\/wp-json\/wp\/v2\/product\/56404\/revisions\/396143"}],"wp:featuredmedia":[{"embeddable":true,"href":"https:\/\/ecoshop.ee\/de\/wp-json\/wp\/v2\/media\/56405"}],"wp:attachment":[{"href":"https:\/\/ecoshop.ee\/de\/wp-json\/wp\/v2\/media?parent=56404"}],"wp:term":[{"taxonomy":"product_brand","embeddable":true,"href":"https:\/\/ecoshop.ee\/de\/wp-json\/wp\/v2\/product_brand?post=56404"},{"taxonomy":"product_cat","embeddable":true,"href":"https:\/\/ecoshop.ee\/de\/wp-json\/wp\/v2\/product_cat?post=56404"},{"taxonomy":"product_tag","embeddable":true,"href":"https:\/\/ecoshop.ee\/de\/wp-json\/wp\/v2\/product_tag?post=56404"}],"curies":[{"name":"wp","href":"https:\/\/api.w.org\/{rel}","templated":true}]}}