{"id":56409,"date":"2025-01-25T21:54:36","date_gmt":"2025-01-25T19:54:36","guid":{"rendered":"https:\/\/ecoshop.ee\/?post_type=product&#038;p=56409"},"modified":"2026-05-07T10:11:17","modified_gmt":"2026-05-07T07:11:17","slug":"bettr-proteinreiche-kichererbsensuppe-30-g","status":"publish","type":"product","link":"https:\/\/ecoshop.ee\/de\/hommikusook-ja-granolad\/bettr-proteiinirohke-kikerhernesupp-30g\/","title":{"rendered":"Bett&#039;r Kichererbsensuppe mit hohem Proteingehalt, 30 g"},"content":{"rendered":"<p>Bett&#039;r Kichererbsensuppe ist die perfekte gesunde Mahlzeit f\u00fcr einen hektischen Alltag. Diese k\u00f6stliche Suppe ist reich an Protein und Ballaststoffen und eignet sich daher f\u00fcr Veganer und Menschen mit Glutenunvertr\u00e4glichkeit. Sie ist aus biologischem Anbau (100%) und enth\u00e4lt keine k\u00fcnstlichen Aromen oder Farbstoffe. Die Zubereitung ist schnell und einfach.<\/p>\n<p>Es ist kinderleicht zuzubereiten \u2013 einfach hei\u00dfes Wasser hinzuf\u00fcgen, umr\u00fchren und genie\u00dfen. Dank der kompakten Verpackung ist es ideal f\u00fcr unterwegs, ob im B\u00fcro oder auf einer Wanderung. Gesundes und leckeres Essen \u2013 jederzeit und \u00fcberall.<\/p>","protected":false},"excerpt":{"rendered":"<p>Bett\u2019r kikerhernesupp on ideaalne lahendus tervislikuks toiduks kiire elustiili puhul. See maitsev supp on t\u00e4is valke ja kiudaineid, sobides veganitele ja gluteenitalumatusega&hellip;<\/p>","protected":false},"featured_media":56410,"comment_status":"open","ping_status":"closed","template":"","meta":{"wprm-recipe-roundup-name":"","wprm-recipe-roundup-description":""},"product_brand":[11995],"product_cat":[514],"product_tag":[297,522],"class_list":{"0":"post-56409","1":"product","2":"type-product","3":"status-publish","4":"has-post-thumbnail","6":"product_brand-bettr","7":"product_cat-hommikusook-ja-granolad","8":"product_tag-mahe","9":"product_tag-supp","10":"j79_wcxd_expiry_type-best-before","12":"first","13":"instock","14":"taxable","15":"shipping-taxable","16":"purchasable","17":"product-type-simple"},"supplier_id":9165,"supplier_sku":"","barcode":"3800233782769","atum_controlled":true,"out_stock_date":null,"out_stock_threshold":null,"inheritable":false,"inbound_stock":0,"stock_on_hold":0,"sold_today":6,"sales_last_days":6,"reserved_stock":0,"customer_returns":0,"warehouse_damage":0,"lost_in_post":0,"other_logs":0,"out_stock_days":0,"lost_sales":0,"has_location":false,"update_date":"2026-05-07T18:22:36","atum_locations":[],"atum_stock_status":"instock","restock_status":false,"low_stock_amount":"","sales_update_date":"2026-05-07T18:22:36","calc_backorders":null,"aioseo_notices":[],"_links":{"self":[{"href":"https:\/\/ecoshop.ee\/de\/wp-json\/wp\/v2\/product\/56409","targetHints":{"allow":["GET"]}}],"collection":[{"href":"https:\/\/ecoshop.ee\/de\/wp-json\/wp\/v2\/product"}],"about":[{"href":"https:\/\/ecoshop.ee\/de\/wp-json\/wp\/v2\/types\/product"}],"replies":[{"embeddable":true,"href":"https:\/\/ecoshop.ee\/de\/wp-json\/wp\/v2\/comments?post=56409"}],"version-history":[{"count":0,"href":"https:\/\/ecoshop.ee\/de\/wp-json\/wp\/v2\/product\/56409\/revisions"}],"wp:featuredmedia":[{"embeddable":true,"href":"https:\/\/ecoshop.ee\/de\/wp-json\/wp\/v2\/media\/56410"}],"wp:attachment":[{"href":"https:\/\/ecoshop.ee\/de\/wp-json\/wp\/v2\/media?parent=56409"}],"wp:term":[{"taxonomy":"product_brand","embeddable":true,"href":"https:\/\/ecoshop.ee\/de\/wp-json\/wp\/v2\/product_brand?post=56409"},{"taxonomy":"product_cat","embeddable":true,"href":"https:\/\/ecoshop.ee\/de\/wp-json\/wp\/v2\/product_cat?post=56409"},{"taxonomy":"product_tag","embeddable":true,"href":"https:\/\/ecoshop.ee\/de\/wp-json\/wp\/v2\/product_tag?post=56409"}],"curies":[{"name":"wp","href":"https:\/\/api.w.org\/{rel}","templated":true}]}}