{"id":5668,"date":"2024-07-15T22:33:51","date_gmt":"2024-07-15T19:33:51","guid":{"rendered":"https:\/\/ecoshop.ee\/?post_type=product&#038;p=5668"},"modified":"2025-12-25T19:35:22","modified_gmt":"2025-12-25T16:35:22","slug":"passhulle-und-geldborse-aus-kork","status":"publish","type":"product","link":"https:\/\/ecoshop.ee\/de\/rahakotid\/korgist-passihoidja-ja-rahakott\/","title":{"rendered":"Passh\u00fclle und Geldb\u00f6rse aus Kork"},"content":{"rendered":"<p>Leichtes und kompaktes Passetui aus Kork \u2013 das Material ist weich und angenehm in der Hand, wasserdicht und leicht zu reinigen. Die beste Wahl, um die P\u00e4sse Ihrer Familie sicher aufzubewahren. Schnell und einfach f\u00fcr den t\u00e4glichen Gebrauch.<\/p>\n<p>&nbsp;<\/p>\n<p>Largeused:<\/p>\n<ul>\n<li>L\u00e4nge: 14 cm<\/li>\n<li>Breite: 10 cm<\/li>\n<li>Dicke: 2 cm<\/li>\n<\/ul>","protected":false},"excerpt":{"rendered":"<p>Kerge ja kompaktne disainiga korgist passihoidja &#8211; korgist materjal on pehme ja mugav k\u00e4es hoida, veekindel ja lihtne puhastada. Parim valik oma&hellip;<\/p>","protected":false},"featured_media":5671,"comment_status":"open","ping_status":"closed","template":"","meta":{"wprm-recipe-roundup-name":"","wprm-recipe-roundup-description":""},"product_brand":[],"product_cat":[241],"product_tag":[219],"class_list":{"0":"post-5668","1":"product","2":"type-product","3":"status-publish","4":"has-post-thumbnail","6":"product_cat-rahakotid","7":"product_tag-rahakott","9":"first","10":"instock","11":"taxable","12":"shipping-taxable","13":"purchasable","14":"product-type-simple"},"supplier_id":9159,"supplier_sku":"","barcode":null,"atum_controlled":true,"out_stock_date":null,"out_stock_threshold":null,"inheritable":false,"inbound_stock":0,"stock_on_hold":0,"sold_today":0,"sales_last_days":0,"reserved_stock":0,"customer_returns":0,"warehouse_damage":0,"lost_in_post":0,"other_logs":0,"out_stock_days":0,"lost_sales":0,"has_location":false,"update_date":"2026-03-07T01:16:04","atum_locations":[],"atum_stock_status":"instock","restock_status":false,"low_stock_amount":"","sales_update_date":"2026-03-07T01:16:04","calc_backorders":null,"aioseo_notices":[],"_links":{"self":[{"href":"https:\/\/ecoshop.ee\/de\/wp-json\/wp\/v2\/product\/5668","targetHints":{"allow":["GET"]}}],"collection":[{"href":"https:\/\/ecoshop.ee\/de\/wp-json\/wp\/v2\/product"}],"about":[{"href":"https:\/\/ecoshop.ee\/de\/wp-json\/wp\/v2\/types\/product"}],"replies":[{"embeddable":true,"href":"https:\/\/ecoshop.ee\/de\/wp-json\/wp\/v2\/comments?post=5668"}],"version-history":[{"count":0,"href":"https:\/\/ecoshop.ee\/de\/wp-json\/wp\/v2\/product\/5668\/revisions"}],"wp:featuredmedia":[{"embeddable":true,"href":"https:\/\/ecoshop.ee\/de\/wp-json\/wp\/v2\/media\/5671"}],"wp:attachment":[{"href":"https:\/\/ecoshop.ee\/de\/wp-json\/wp\/v2\/media?parent=5668"}],"wp:term":[{"taxonomy":"product_brand","embeddable":true,"href":"https:\/\/ecoshop.ee\/de\/wp-json\/wp\/v2\/product_brand?post=5668"},{"taxonomy":"product_cat","embeddable":true,"href":"https:\/\/ecoshop.ee\/de\/wp-json\/wp\/v2\/product_cat?post=5668"},{"taxonomy":"product_tag","embeddable":true,"href":"https:\/\/ecoshop.ee\/de\/wp-json\/wp\/v2\/product_tag?post=5668"}],"curies":[{"name":"wp","href":"https:\/\/api.w.org\/{rel}","templated":true}]}}