{"id":5681,"date":"2024-07-15T23:33:12","date_gmt":"2024-07-15T20:33:12","guid":{"rendered":"https:\/\/ecoshop.ee\/?post_type=product&#038;p=5681"},"modified":"2024-11-09T01:29:16","modified_gmt":"2024-11-08T22:29:16","slug":"yogablock-aus-bambus","status":"publish","type":"product","link":"https:\/\/ecoshop.ee\/de\/tarvikud\/bambusest-jooga-blokk\/","title":{"rendered":"Yogablock aus Bambus"},"content":{"rendered":"<p>Gestalte deine Zen-Momente umweltfreundlich und nat\u00fcrlich. Dieser Yogablock aus Bambus ist f\u00fcr die Ewigkeit gemacht und bietet Komfort und minimalistisches Design f\u00fcr vollkommene Entspannung. Erreiche selbst die anspruchsvollsten Posen deines Workouts und sp\u00fcre dabei die nat\u00fcrliche Holzstruktur dieses Blocks. Hergestellt aus hochwertigem, organischem und langlebigem Bambus!<\/p>\n<p>&nbsp;<\/p>\n<p><strong>Largeused:<\/strong><\/p>\n<ul>\n<li>H\u00f6he: 7,5 cm<\/li>\n<li>L\u00e4nge: 23 cm<\/li>\n<li>Breite: 15 cm<\/li>\n<li>Gewicht: 700 g<\/li>\n<\/ul>","protected":false},"excerpt":{"rendered":"<p>Muuda oma zen-hetked keskkonnas\u00f5bralikuks ja orgaaniliseks. See bambusest joogaplokk on loodud kestma terve elu, pakkudes mugavust ja minimalistlikku esteetikat, et aidata sul&hellip;<\/p>","protected":false},"featured_media":5683,"comment_status":"open","ping_status":"closed","template":"","meta":{"wprm-recipe-roundup-name":"","wprm-recipe-roundup-description":""},"product_brand":[],"product_cat":[245],"product_tag":[],"class_list":{"0":"post-5681","1":"product","2":"type-product","3":"status-publish","4":"has-post-thumbnail","6":"product_cat-tarvikud","8":"first","9":"instock","10":"taxable","11":"shipping-taxable","12":"purchasable","13":"product-type-simple"},"supplier_id":9159,"supplier_sku":"","barcode":null,"atum_controlled":true,"out_stock_date":null,"out_stock_threshold":null,"inheritable":false,"inbound_stock":0,"stock_on_hold":0,"sold_today":0,"sales_last_days":0,"reserved_stock":0,"customer_returns":0,"warehouse_damage":0,"lost_in_post":0,"other_logs":0,"out_stock_days":0,"lost_sales":0,"has_location":false,"update_date":"2026-03-07T01:16:04","atum_locations":[],"atum_stock_status":"instock","restock_status":false,"low_stock_amount":"","sales_update_date":"2026-03-07T01:16:04","calc_backorders":null,"aioseo_notices":[],"_links":{"self":[{"href":"https:\/\/ecoshop.ee\/de\/wp-json\/wp\/v2\/product\/5681","targetHints":{"allow":["GET"]}}],"collection":[{"href":"https:\/\/ecoshop.ee\/de\/wp-json\/wp\/v2\/product"}],"about":[{"href":"https:\/\/ecoshop.ee\/de\/wp-json\/wp\/v2\/types\/product"}],"replies":[{"embeddable":true,"href":"https:\/\/ecoshop.ee\/de\/wp-json\/wp\/v2\/comments?post=5681"}],"version-history":[{"count":0,"href":"https:\/\/ecoshop.ee\/de\/wp-json\/wp\/v2\/product\/5681\/revisions"}],"wp:featuredmedia":[{"embeddable":true,"href":"https:\/\/ecoshop.ee\/de\/wp-json\/wp\/v2\/media\/5683"}],"wp:attachment":[{"href":"https:\/\/ecoshop.ee\/de\/wp-json\/wp\/v2\/media?parent=5681"}],"wp:term":[{"taxonomy":"product_brand","embeddable":true,"href":"https:\/\/ecoshop.ee\/de\/wp-json\/wp\/v2\/product_brand?post=5681"},{"taxonomy":"product_cat","embeddable":true,"href":"https:\/\/ecoshop.ee\/de\/wp-json\/wp\/v2\/product_cat?post=5681"},{"taxonomy":"product_tag","embeddable":true,"href":"https:\/\/ecoshop.ee\/de\/wp-json\/wp\/v2\/product_tag?post=5681"}],"curies":[{"name":"wp","href":"https:\/\/api.w.org\/{rel}","templated":true}]}}