{"id":5726,"date":"2024-07-16T14:42:03","date_gmt":"2024-07-16T11:42:03","guid":{"rendered":"https:\/\/ecoshop.ee\/?post_type=product&#038;p=5726"},"modified":"2025-12-25T19:43:05","modified_gmt":"2025-12-25T16:43:05","slug":"telefonstander-aus-kork","status":"publish","type":"product","link":"https:\/\/ecoshop.ee\/de\/tarvikud\/korgist-telefonialus\/","title":{"rendered":"Telefonst\u00e4nder aus Kork"},"content":{"rendered":"<p>Unser Handyhalter aus Kork ist das perfekte Accessoire f\u00fcr Ihren Schreibtisch oder Nachttisch. Hergestellt aus 100% Naturkork, bietet er Ihrem Smartphone den idealen Betrachtungswinkel \u2013 perfekt f\u00fcr Videoanrufe, Videos oder Benachrichtigungen.<\/p>\n<p>Das Korkmaterial ist nachhaltig und bietet eine rutschfeste Oberfl\u00e4che, die Ihr Ger\u00e4t sicher an seinem Platz h\u00e4lt. Dank des minimalistischen Designs und der kompakten Gr\u00f6\u00dfe f\u00fcgt es sich praktisch in jeden Raum ein, w\u00e4hrend der Kork f\u00fcr einen nat\u00fcrlichen Stil sorgt.<\/p>\n<p>&nbsp;<\/p>\n<p><strong>Abmessungen:<\/strong><\/p>\n<ul>\n<li>L\u00e4nge: 13 cm<\/li>\n<li>Breite: 8 cm<\/li>\n<li>H\u00f6he: 2 cm<\/li>\n<\/ul>","protected":false},"excerpt":{"rendered":"<p>Meie korgist telefonialus on ideaalne aksessuaar teie lauale v\u00f5i \u00f6\u00f6kapile. Valmistatud 100% looduslikust korgist, see hoidik toetab telefoni ideaalse vaatenurga all, sobides&hellip;<\/p>","protected":false},"featured_media":5727,"comment_status":"open","ping_status":"closed","template":"","meta":{"wprm-recipe-roundup-name":"","wprm-recipe-roundup-description":""},"product_brand":[],"product_cat":[245],"product_tag":[252],"class_list":{"0":"post-5726","1":"product","2":"type-product","3":"status-publish","4":"has-post-thumbnail","6":"product_cat-tarvikud","7":"product_tag-telefonialus","9":"first","10":"instock","11":"taxable","12":"shipping-taxable","13":"purchasable","14":"product-type-simple"},"supplier_id":9159,"supplier_sku":"","barcode":null,"atum_controlled":true,"out_stock_date":null,"out_stock_threshold":null,"inheritable":false,"inbound_stock":0,"stock_on_hold":0,"sold_today":0,"sales_last_days":0,"reserved_stock":0,"customer_returns":0,"warehouse_damage":0,"lost_in_post":0,"other_logs":0,"out_stock_days":0,"lost_sales":0,"has_location":false,"update_date":"2026-03-07T01:16:09","atum_locations":[],"atum_stock_status":"instock","restock_status":false,"low_stock_amount":"","sales_update_date":"2026-03-07T01:16:09","calc_backorders":null,"aioseo_notices":[],"_links":{"self":[{"href":"https:\/\/ecoshop.ee\/de\/wp-json\/wp\/v2\/product\/5726","targetHints":{"allow":["GET"]}}],"collection":[{"href":"https:\/\/ecoshop.ee\/de\/wp-json\/wp\/v2\/product"}],"about":[{"href":"https:\/\/ecoshop.ee\/de\/wp-json\/wp\/v2\/types\/product"}],"replies":[{"embeddable":true,"href":"https:\/\/ecoshop.ee\/de\/wp-json\/wp\/v2\/comments?post=5726"}],"version-history":[{"count":0,"href":"https:\/\/ecoshop.ee\/de\/wp-json\/wp\/v2\/product\/5726\/revisions"}],"wp:featuredmedia":[{"embeddable":true,"href":"https:\/\/ecoshop.ee\/de\/wp-json\/wp\/v2\/media\/5727"}],"wp:attachment":[{"href":"https:\/\/ecoshop.ee\/de\/wp-json\/wp\/v2\/media?parent=5726"}],"wp:term":[{"taxonomy":"product_brand","embeddable":true,"href":"https:\/\/ecoshop.ee\/de\/wp-json\/wp\/v2\/product_brand?post=5726"},{"taxonomy":"product_cat","embeddable":true,"href":"https:\/\/ecoshop.ee\/de\/wp-json\/wp\/v2\/product_cat?post=5726"},{"taxonomy":"product_tag","embeddable":true,"href":"https:\/\/ecoshop.ee\/de\/wp-json\/wp\/v2\/product_tag?post=5726"}],"curies":[{"name":"wp","href":"https:\/\/api.w.org\/{rel}","templated":true}]}}