{"id":5921,"date":"2024-07-17T17:17:54","date_gmt":"2024-07-17T14:17:54","guid":{"rendered":"https:\/\/ecoshop.ee\/?post_type=product&#038;p=5921"},"modified":"2025-12-25T19:35:24","modified_gmt":"2025-12-25T16:35:24","slug":"stilvolle-damengeldborse-aus-kork","status":"publish","type":"product","link":"https:\/\/ecoshop.ee\/de\/rahakotid\/stiilne-korgist-naiste-rahakott\/","title":{"rendered":"Stilvolle Damengeldb\u00f6rse aus Kork"},"content":{"rendered":"<p>Ein vielseitiges und stilvolles Korkportemonnaie, das in keiner Garderobe fehlen sollte. Erh\u00e4ltlich in zwei Ausf\u00fchrungen: klassisch in Naturkork und elegant in Schwarz mit goldenen Akzenten. Dieses multifunktionale Portemonnaie ist der perfekte Reisebegleiter und vereint kompaktes Volumen mit Eleganz.<\/p>\n<p>Diese meisterhaft gefertigte, hochwertige Korkgeldb\u00f6rse bietet: 1 Ausweisfach, 14 Kartenf\u00e4cher, 1 Geldscheinfach und 1 M\u00fcnzfach mit Rei\u00dfverschluss. Der leichtg\u00e4ngige Rei\u00dfverschluss aus antikem Messing sorgt f\u00fcr zus\u00e4tzliche Sicherheit und h\u00e4lt Ihre Wertsachen sicher an ihrem Platz.<\/p>\n<p>&nbsp;<\/p>\n<p><strong>Largeused:<\/strong><\/p>\n<ul>\n<li>L\u00e4nge: 19 cm<\/li>\n<li>Breite: 10 cm<\/li>\n<li>Dicke: 3,5 cm<\/li>\n<\/ul>","protected":false},"excerpt":{"rendered":"<p>Mitmek\u00fclgne ja stiilne korgist rahakott, mis on sinu garderoobi asendamatu aksessuaar. Saadaval kahes variandis: klassikaline naturaalne korgiv\u00e4rv ja elegantne must kork koos&hellip;<\/p>","protected":false},"featured_media":5930,"comment_status":"open","ping_status":"closed","template":"","meta":{"wprm-recipe-roundup-name":"","wprm-recipe-roundup-description":""},"product_brand":[],"product_cat":[241],"product_tag":[219],"class_list":{"0":"post-5921","1":"product","2":"type-product","3":"status-publish","4":"has-post-thumbnail","6":"product_cat-rahakotid","7":"product_tag-rahakott","9":"first","10":"instock","11":"taxable","12":"shipping-taxable","13":"purchasable","14":"product-type-variable"},"supplier_id":null,"supplier_sku":"","barcode":null,"atum_controlled":true,"out_stock_date":null,"out_stock_threshold":null,"inheritable":false,"inbound_stock":0,"stock_on_hold":0,"sold_today":0,"sales_last_days":0,"reserved_stock":0,"customer_returns":0,"warehouse_damage":0,"lost_in_post":0,"other_logs":0,"out_stock_days":0,"lost_sales":0,"has_location":false,"update_date":"2026-03-07T01:16:09","atum_locations":[],"atum_stock_status":"instock","restock_status":false,"low_stock_amount":"","sales_update_date":"2026-03-07T01:16:09","calc_backorders":null,"aioseo_notices":[],"_links":{"self":[{"href":"https:\/\/ecoshop.ee\/de\/wp-json\/wp\/v2\/product\/5921","targetHints":{"allow":["GET"]}}],"collection":[{"href":"https:\/\/ecoshop.ee\/de\/wp-json\/wp\/v2\/product"}],"about":[{"href":"https:\/\/ecoshop.ee\/de\/wp-json\/wp\/v2\/types\/product"}],"replies":[{"embeddable":true,"href":"https:\/\/ecoshop.ee\/de\/wp-json\/wp\/v2\/comments?post=5921"}],"version-history":[{"count":0,"href":"https:\/\/ecoshop.ee\/de\/wp-json\/wp\/v2\/product\/5921\/revisions"}],"wp:featuredmedia":[{"embeddable":true,"href":"https:\/\/ecoshop.ee\/de\/wp-json\/wp\/v2\/media\/5930"}],"wp:attachment":[{"href":"https:\/\/ecoshop.ee\/de\/wp-json\/wp\/v2\/media?parent=5921"}],"wp:term":[{"taxonomy":"product_brand","embeddable":true,"href":"https:\/\/ecoshop.ee\/de\/wp-json\/wp\/v2\/product_brand?post=5921"},{"taxonomy":"product_cat","embeddable":true,"href":"https:\/\/ecoshop.ee\/de\/wp-json\/wp\/v2\/product_cat?post=5921"},{"taxonomy":"product_tag","embeddable":true,"href":"https:\/\/ecoshop.ee\/de\/wp-json\/wp\/v2\/product_tag?post=5921"}],"curies":[{"name":"wp","href":"https:\/\/api.w.org\/{rel}","templated":true}]}}