{"id":6270,"date":"2024-07-23T00:26:55","date_gmt":"2024-07-22T21:26:55","guid":{"rendered":"https:\/\/ecoshop.ee\/?post_type=product&#038;p=6270"},"modified":"2025-12-25T19:40:50","modified_gmt":"2025-12-25T16:40:50","slug":"damenhandtasche-aus-naturkork-mit-muster","status":"publish","type":"product","link":"https:\/\/ecoshop.ee\/de\/kotid\/mustriga-naturaalsest-korgist-naiste-kaekott\/","title":{"rendered":"Damenhandtasche aus Naturkork mit Muster"},"content":{"rendered":"<p>Diese luxuri\u00f6se Korkhandtasche f\u00fcr Damen ist aus nat\u00fcrlichem Kork gefertigt und verf\u00fcgt \u00fcber einen verstellbaren Schultergurt f\u00fcr optimalen Tragekomfort. Die Vorder- und R\u00fcckentaschen sind mit Rei\u00dfverschl\u00fcssen versehen und erm\u00f6glichen so einen schnellen und sicheren Zugriff auf Ihre Sachen. Im Inneren befinden sich mehrere F\u00e4cher, die f\u00fcr Ordnung sorgen. Kork ist ein nachhaltiges, umweltfreundliches, strapazierf\u00e4higes und pflegeleichtes Material. Ideal f\u00fcr den Alltag.<\/p>\n<p>&nbsp;<\/p>\n<p><strong>Abmessungen:<\/strong><\/p>\n<ul>\n<li>L\u00e4nge: 35 cm<\/li>\n<li>Breite: 25 cm<\/li>\n<li>Dicke: 15 cm<\/li>\n<\/ul>","protected":false},"excerpt":{"rendered":"<p>See luksuslik korgist naiste k\u00e4ekott on valmistatud looduslikust korgimaterjalist ning sellel on reguleeritav \u00f5larihm tagamaks maksimaalse mugavuse. Esi- ja tagataskud on lukuga,&hellip;<\/p>","protected":false},"featured_media":6276,"comment_status":"open","ping_status":"closed","template":"","meta":{"wprm-recipe-roundup-name":"","wprm-recipe-roundup-description":""},"product_brand":[],"product_cat":[242],"product_tag":[202],"class_list":{"0":"post-6270","1":"product","2":"type-product","3":"status-publish","4":"has-post-thumbnail","6":"product_cat-kotid","7":"product_tag-kott","9":"first","10":"instock","11":"taxable","12":"shipping-taxable","13":"purchasable","14":"product-type-variable"},"supplier_id":null,"supplier_sku":"","barcode":null,"atum_controlled":true,"out_stock_date":null,"out_stock_threshold":null,"inheritable":false,"inbound_stock":0,"stock_on_hold":0,"sold_today":0,"sales_last_days":0,"reserved_stock":0,"customer_returns":0,"warehouse_damage":0,"lost_in_post":0,"other_logs":0,"out_stock_days":0,"lost_sales":0,"has_location":false,"update_date":"2026-03-07T01:16:01","atum_locations":[],"atum_stock_status":"instock","restock_status":false,"low_stock_amount":"","sales_update_date":"2026-03-07T01:16:01","calc_backorders":null,"aioseo_notices":[],"_links":{"self":[{"href":"https:\/\/ecoshop.ee\/de\/wp-json\/wp\/v2\/product\/6270","targetHints":{"allow":["GET"]}}],"collection":[{"href":"https:\/\/ecoshop.ee\/de\/wp-json\/wp\/v2\/product"}],"about":[{"href":"https:\/\/ecoshop.ee\/de\/wp-json\/wp\/v2\/types\/product"}],"replies":[{"embeddable":true,"href":"https:\/\/ecoshop.ee\/de\/wp-json\/wp\/v2\/comments?post=6270"}],"version-history":[{"count":0,"href":"https:\/\/ecoshop.ee\/de\/wp-json\/wp\/v2\/product\/6270\/revisions"}],"wp:featuredmedia":[{"embeddable":true,"href":"https:\/\/ecoshop.ee\/de\/wp-json\/wp\/v2\/media\/6276"}],"wp:attachment":[{"href":"https:\/\/ecoshop.ee\/de\/wp-json\/wp\/v2\/media?parent=6270"}],"wp:term":[{"taxonomy":"product_brand","embeddable":true,"href":"https:\/\/ecoshop.ee\/de\/wp-json\/wp\/v2\/product_brand?post=6270"},{"taxonomy":"product_cat","embeddable":true,"href":"https:\/\/ecoshop.ee\/de\/wp-json\/wp\/v2\/product_cat?post=6270"},{"taxonomy":"product_tag","embeddable":true,"href":"https:\/\/ecoshop.ee\/de\/wp-json\/wp\/v2\/product_tag?post=6270"}],"curies":[{"name":"wp","href":"https:\/\/api.w.org\/{rel}","templated":true}]}}