{"id":6462,"date":"2024-07-26T20:43:02","date_gmt":"2024-07-26T17:43:02","guid":{"rendered":"https:\/\/ecoshop.ee\/?post_type=product&#038;p=6462"},"modified":"2026-04-14T00:43:27","modified_gmt":"2026-04-13T21:43:27","slug":"wiederverwendbarer-klassischer-metallrasierer-mit-10-klingen-3-stuck","status":"publish","type":"product","link":"https:\/\/ecoshop.ee\/de\/raseerijad\/korduvkasutatav-klassikaline-metallist-raseerija-10-tera-3\/","title":{"rendered":"Wiederverwendbarer klassischer Metallrasierer + 10 Klingen"},"content":{"rendered":"<p><span class=\"jCAhz JxVs2d ChMk0b\"><span class=\"ryNqvb\">Unsere pastellfarbenen, umweltfreundlichen Metallrasierer sind f\u00fcr Damen und Herren geeignet. Sie wurden pr\u00e4zise entwickelt, um eine sanfte und angenehme Rasur ohne Abfall zu erm\u00f6glichen. <\/span><\/span><span class=\"jCAhz JxVs2d ChMk0b\"><span class=\"ryNqvb\">Jeder Rasierer ist umweltfreundlich und sicher gestaltet und verf\u00fcgt \u00fcber einen strukturierten, langen Chromgriff, der perfekt ausbalanciert ist. Dies gew\u00e4hrleistet einen besseren Zugang zu schwer erreichbaren Stellen, eine sichere Rasur und jedes Mal ein perfekt glattes Ergebnis.<br \/>\n<\/span><\/span><\/p>\n<p>&nbsp;<\/p>\n<p><strong><span class=\"jCAhz JxVs2d ChMk0b\"><span class=\"ryNqvb\">Das Set beinhaltet:<\/span><\/span><\/strong><\/p>\n<ul>\n<li><span class=\"jCAhz JxVs2d ChMk0b\"><span class=\"ryNqvb\">1 Metallrasierer<\/span><\/span><\/li>\n<li><span class=\"jCAhz JxVs2d ChMk0b\"><span class=\"ryNqvb\">10 Rasierklingen<\/span><\/span><\/li>\n<li><span class=\"jCAhz JxVs2d ChMk0b\"><span class=\"ryNqvb\">1 Geschenkbox<\/span><\/span><\/li>\n<\/ul>","protected":false},"excerpt":{"rendered":"<p>Meie pastelsetes toonides ja keskkonnas\u00f5bralikud metallist raseerijad on nii meestele kui naistele. Need on t\u00e4pselt v\u00e4lja t\u00f6\u00f6tatud pakkumaks sujuvat ja mugavat j\u00e4\u00e4tmeteta&hellip;<\/p>","protected":false},"featured_media":6447,"comment_status":"open","ping_status":"closed","template":"","meta":{"wprm-recipe-roundup-name":"","wprm-recipe-roundup-description":""},"product_brand":[12064],"product_cat":[163,280],"product_tag":[190],"class_list":{"0":"post-6462","1":"product","2":"type-product","3":"status-publish","4":"has-post-thumbnail","6":"product_brand-jungle-culture","7":"product_cat-kodutarbed","8":"product_cat-raseerijad","9":"product_tag-raseerija","11":"first","12":"instock","13":"sale","14":"taxable","15":"shipping-taxable","16":"purchasable","17":"product-type-variable"},"supplier_id":null,"supplier_sku":"","barcode":null,"atum_controlled":true,"out_stock_date":null,"out_stock_threshold":null,"inheritable":true,"inbound_stock":0,"stock_on_hold":0,"sold_today":0,"sales_last_days":0,"reserved_stock":0,"customer_returns":0,"warehouse_damage":0,"lost_in_post":0,"other_logs":0,"out_stock_days":0,"lost_sales":0,"has_location":false,"update_date":"2026-04-13T21:43:28","atum_locations":[],"atum_stock_status":"instock","restock_status":false,"low_stock_amount":"","sales_update_date":"2026-03-07T01:16:01","calc_backorders":null,"aioseo_notices":[],"_links":{"self":[{"href":"https:\/\/ecoshop.ee\/de\/wp-json\/wp\/v2\/product\/6462","targetHints":{"allow":["GET"]}}],"collection":[{"href":"https:\/\/ecoshop.ee\/de\/wp-json\/wp\/v2\/product"}],"about":[{"href":"https:\/\/ecoshop.ee\/de\/wp-json\/wp\/v2\/types\/product"}],"replies":[{"embeddable":true,"href":"https:\/\/ecoshop.ee\/de\/wp-json\/wp\/v2\/comments?post=6462"}],"version-history":[{"count":0,"href":"https:\/\/ecoshop.ee\/de\/wp-json\/wp\/v2\/product\/6462\/revisions"}],"wp:featuredmedia":[{"embeddable":true,"href":"https:\/\/ecoshop.ee\/de\/wp-json\/wp\/v2\/media\/6447"}],"wp:attachment":[{"href":"https:\/\/ecoshop.ee\/de\/wp-json\/wp\/v2\/media?parent=6462"}],"wp:term":[{"taxonomy":"product_brand","embeddable":true,"href":"https:\/\/ecoshop.ee\/de\/wp-json\/wp\/v2\/product_brand?post=6462"},{"taxonomy":"product_cat","embeddable":true,"href":"https:\/\/ecoshop.ee\/de\/wp-json\/wp\/v2\/product_cat?post=6462"},{"taxonomy":"product_tag","embeddable":true,"href":"https:\/\/ecoshop.ee\/de\/wp-json\/wp\/v2\/product_tag?post=6462"}],"curies":[{"name":"wp","href":"https:\/\/api.w.org\/{rel}","templated":true}]}}